{"id":28944,"date":"2025-12-25T17:00:34","date_gmt":"2025-12-25T17:00:34","guid":{"rendered":"https:\/\/www.infinitri.be\/?post_type=product&#038;p=28944"},"modified":"2026-04-04T17:35:31","modified_gmt":"2026-04-04T16:35:31","slug":"huub-lunettes-vision","status":"publish","type":"product","link":"https:\/\/www.infinitri.be\/pt\/produto\/huub-lunettes-vision\/","title":{"rendered":"Huub \u2013 \u00d3culos Vision"},"content":{"rendered":"<p>Prote\u00e7\u00e3o UV e lente PC<br \/>\nMoldura, correia e vedante em silicone macio<br \/>\nDesign \u00fanico de lente \u00fanica<br \/>\nA lente espelhada reduz o encandeamento<br \/>\nDesign confort\u00e1vel da correia traseira para um melhor ajuste<\/p>","protected":false},"excerpt":{"rendered":"<p>Vis\u00e3o por nome e vis\u00e3o por natureza. Quer\u00edamos os \u00f3culos mais suaves, mais confort\u00e1veis e mais vis\u00edveis. Criados para principiantes em \u00e1guas abertas ou para quem procura o conforto de uma visibilidade total.<\/p>\n<p>A arma\u00e7\u00e3o e a junta de silicone macio oferecem um ajuste seguro e de baixa press\u00e3o. Quer os \u00f3culos mais confort\u00e1veis do mundo para utiliza\u00e7\u00e3o em \u00e1guas abertas e em piscinas? Ent\u00e3o estes s\u00e3o os \u00f3culos para si!<\/p>","protected":false},"featured_media":28997,"comment_status":"open","ping_status":"closed","template":"","meta":[],"product_brand":[286],"product_cat":[40,54,56,59],"product_tag":[],"class_list":{"0":"post-28944","1":"product","2":"type-product","3":"status-publish","4":"has-post-thumbnail","6":"product_brand-huub","7":"product_cat-accessoires","8":"product_cat-lunettes","9":"product_cat-lunettes-triathlon","10":"product_cat-triathlon","11":"zank_product_brands-huub","12":"nt-post-class","13":"","19":"first","20":"instock","21":"taxable","22":"shipping-taxable","23":"purchasable","24":"product-type-variable"},"_links":{"self":[{"href":"https:\/\/www.infinitri.be\/pt\/wp-json\/wp\/v2\/product\/28944","targetHints":{"allow":["GET"]}}],"collection":[{"href":"https:\/\/www.infinitri.be\/pt\/wp-json\/wp\/v2\/product"}],"about":[{"href":"https:\/\/www.infinitri.be\/pt\/wp-json\/wp\/v2\/types\/product"}],"replies":[{"embeddable":true,"href":"https:\/\/www.infinitri.be\/pt\/wp-json\/wp\/v2\/comments?post=28944"}],"wp:featuredmedia":[{"embeddable":true,"href":"https:\/\/www.infinitri.be\/pt\/wp-json\/wp\/v2\/media\/28997"}],"wp:attachment":[{"href":"https:\/\/www.infinitri.be\/pt\/wp-json\/wp\/v2\/media?parent=28944"}],"wp:term":[{"taxonomy":"product_brand","embeddable":true,"href":"https:\/\/www.infinitri.be\/pt\/wp-json\/wp\/v2\/product_brand?post=28944"},{"taxonomy":"product_cat","embeddable":true,"href":"https:\/\/www.infinitri.be\/pt\/wp-json\/wp\/v2\/product_cat?post=28944"},{"taxonomy":"product_tag","embeddable":true,"href":"https:\/\/www.infinitri.be\/pt\/wp-json\/wp\/v2\/product_tag?post=28944"}],"curies":[{"name":"wp","href":"https:\/\/api.w.org\/{rel}","templated":true}]}}