{"id":29070,"date":"2025-12-25T17:05:02","date_gmt":"2025-12-25T17:05:02","guid":{"rendered":"https:\/\/www.infinitri.be\/?post_type=product&#038;p=29070"},"modified":"2026-04-04T17:32:56","modified_gmt":"2026-04-04T16:32:56","slug":"compressport-racing-trucker-cap","status":"publish","type":"product","link":"https:\/\/www.infinitri.be\/pt\/produto\/compressport-racing-trucker-cap\/","title":{"rendered":"Compressport \u2013 bon\u00e9 de corrida"},"content":{"rendered":"<p><!--themify_builder_static--><\/p>\n<h1 style=\"text-align: center\">Descri\u00e7\u00e3o \u2699<\/h1>\n<p style=\"text-align: left\">Une thermor\u00e9gulation maximale pour garder vos avant-bras et vos biceps au chaud quand il fait frais et au frais quand il fait chaud.<br \/>\nConfort et ergonomie optimaux gr\u00e2ce \u00e0 un tissage en microfibre sans coutures, avec une libert\u00e9 de mouvement exceptionnelle gr\u00e2ce \u00e0 un tissage plus l\u00e9ger au niveau des coudes.<br \/>\nL\u00e9g\u00e8ret\u00e9 exceptionnelle et ventilation de haut niveau gr\u00e2ce \u00e0 un tissage technologique en microfibres qui \u00e9vacue rapidement la transpiration et l&#8217;humidit\u00e9.<\/p>\n<p><img fetchpriority=\"high\" decoding=\"async\" title=\"racing-trucker-cap-black-red\" src=\"https:\/\/infinitri.be\/wp-content\/uploads\/2023\/02\/racing-trucker-cap-black-red-545x545.jpg\" alt=\"racing-trucker-cap-black-red\" width=\"545\" height=\"545\" \/><\/p>\n<h1>Especifica\u00e7\u00f5es t\u00e9cnicas<\/h1>\n<p>Protection solaire optimale gr\u00e2ce \u00e0 la large visi\u00e8re trucker incurv\u00e9e et au couvre-chef int\u00e9gral<\/p>\n<p>Tissus a\u00e9r\u00e9s, respirants et \u00e0 s\u00e9chage rapide qui \u00e9vacuent rapidement la transpiration et emp\u00eachent la surchauffe lors d&#8217;activit\u00e9s sportives intenses.<\/p>\n<p>Un design \u00e9l\u00e9gant et contemporain pour que vous et votre camionneur vous d\u00e9marquiez de la foule.<\/p>\n<p>&nbsp;<\/p>\n<p style=\"text-align: left\">LUZ \u2605\u2605\u2605\u2605<\/p>\n<p>&nbsp;<\/p>\n<p>TERMORREGULA\u00c7\u00c3O \u2605\u2605\u2605\u2605<\/p>\n<h1 style=\"text-align: center\">Material \ud83d\udc56<\/h1>\n<p style=\"text-align: left\">100% Poli\u00e9ster<\/p>\n<p><img decoding=\"async\" src=\"https:\/\/www.compressport.com\/inter\/img\/prods_entretien.png\" \/><\/p>\n<p><img decoding=\"async\" title=\"racing-trucker-cap-black-red (1)\" src=\"https:\/\/infinitri.be\/wp-content\/uploads\/2023\/02\/racing-trucker-cap-black-red-1-545x545.jpg\" alt=\"racing-trucker-cap-black-red (1)\" width=\"545\" height=\"545\" \/><!--\/themify_builder_static--><\/p>","protected":false},"excerpt":{"rendered":"<p>Notre casquette Racing Trucker combine toutes les technologies hautes performances de nos casquettes de course avec le style du Trucker classique. Sa visi\u00e8re l\u00e9g\u00e8re et incurv\u00e9e offre une protection optimale contre le soleil et est con\u00e7ue pour \u00e9vacuer rapidement l&#8217;humidit\u00e9 dans les conditions de test, tandis que l&#8217;arri\u00e8re en maille du trucker classique se charge de la ventilation. Le tissu \u00e9ponge anti-bact\u00e9rien \u00e0 s\u00e9chage rapide \u00e0 l&#8217;int\u00e9rieur de la visi\u00e8re est tr\u00e8s doux et absorbe la transpiration pour un confort optimal sans pression. La coupe est facilement ajustable gr\u00e2ce \u00e0 une fermeture \u00e0 pression. Efficace et tendance, la casquette trucker noire de course \u00e0 pied est le couvercle id\u00e9al pour chauffer l&#8217;hippodrome avec style, avec ou sans lunettes de soleil aviateur.<\/p>","protected":false},"featured_media":29101,"comment_status":"open","ping_status":"closed","template":"","meta":[],"product_brand":[329],"product_cat":[40,156,16,59],"product_tag":[],"class_list":{"0":"post-29070","1":"product","2":"type-product","3":"status-publish","4":"has-post-thumbnail","6":"product_brand-compressport","7":"product_cat-accessoires","8":"product_cat-casquettes-visieres-headband","9":"product_cat-course","10":"product_cat-triathlon","11":"zank_product_brands-compressport","12":"nt-post-class","13":"","19":"first","20":"instock","21":"taxable","22":"shipping-taxable","23":"purchasable","24":"product-type-variable"},"_links":{"self":[{"href":"https:\/\/www.infinitri.be\/pt\/wp-json\/wp\/v2\/product\/29070","targetHints":{"allow":["GET"]}}],"collection":[{"href":"https:\/\/www.infinitri.be\/pt\/wp-json\/wp\/v2\/product"}],"about":[{"href":"https:\/\/www.infinitri.be\/pt\/wp-json\/wp\/v2\/types\/product"}],"replies":[{"embeddable":true,"href":"https:\/\/www.infinitri.be\/pt\/wp-json\/wp\/v2\/comments?post=29070"}],"wp:featuredmedia":[{"embeddable":true,"href":"https:\/\/www.infinitri.be\/pt\/wp-json\/wp\/v2\/media\/29101"}],"wp:attachment":[{"href":"https:\/\/www.infinitri.be\/pt\/wp-json\/wp\/v2\/media?parent=29070"}],"wp:term":[{"taxonomy":"product_brand","embeddable":true,"href":"https:\/\/www.infinitri.be\/pt\/wp-json\/wp\/v2\/product_brand?post=29070"},{"taxonomy":"product_cat","embeddable":true,"href":"https:\/\/www.infinitri.be\/pt\/wp-json\/wp\/v2\/product_cat?post=29070"},{"taxonomy":"product_tag","embeddable":true,"href":"https:\/\/www.infinitri.be\/pt\/wp-json\/wp\/v2\/product_tag?post=29070"}],"curies":[{"name":"wp","href":"https:\/\/api.w.org\/{rel}","templated":true}]}}