{"id":29074,"date":"2025-12-25T17:05:02","date_gmt":"2025-12-25T17:05:02","guid":{"rendered":"https:\/\/www.infinitri.be\/?post_type=product&#038;p=29074"},"modified":"2026-04-04T17:32:48","modified_gmt":"2026-04-04T16:32:48","slug":"compressport-running-visor","status":"publish","type":"product","link":"https:\/\/www.infinitri.be\/pt\/produto\/compressport-running-visor\/","title":{"rendered":"Compressport - Viseira de corrida"},"content":{"rendered":"<p><!--themify_builder_static--><\/p>\n<h1 style=\"text-align: center\">Descri\u00e7\u00e3o \u2699<\/h1>\n<p style=\"text-align: left\">O tamanho pode ser ajustado gra\u00e7as ao pr\u00e1tico fecho de velcro na parte de tr\u00e1s. Tal como todos os nossos chap\u00e9us, a viseira foi concebida principalmente para desportistas: possui um tecido esponjoso antibacteriano de secagem r\u00e1pida no interior da viseira para absorver a transpira\u00e7\u00e3o, garantindo um conforto ideal e sem press\u00e3o durante o esfor\u00e7o. Coloque esta viseira um pouco retro, mas extremamente vers\u00e1til, para proteger os seus olhos do suor e dos cabelos rebeldes durante todas as suas atividades desportivas.<\/p>\n<p><img fetchpriority=\"high\" decoding=\"async\" src=\"https:\/\/infinitri.be\/wp-content\/uploads\/2023\/02\/running-visor-white-compressport-3-545x545.jpg\" width=\"545\" height=\"545\" title=\"bon\u00e9 de corrida branco compressport (3)\" alt=\"running-visor-white-compressport (3)\" \/><\/p>\n<h1>Especifica\u00e7\u00f5es t\u00e9cnicas<\/h1>\n<p style=\"text-align: left\">Prote\u00e7\u00e3o solar ideal para os seus olhos e rosto gra\u00e7as a uma viseira larga e curvada<br \/>Tecido antibacteriano de secagem r\u00e1pida que garante uma absor\u00e7\u00e3o ideal da transpira\u00e7\u00e3o e um conforto \u00f3timo<br \/>Corte confort\u00e1vel e ergon\u00f3mico gra\u00e7as a uma faixa larga ajust\u00e1vel que n\u00e3o se solta durante a atividade.<\/p>\n<p>\u00a0<\/p>\n<p>    <em style=\"color:#000000\"><\/em> <\/p>\n<p style=\"text-align: left\">LEVEZA \u2605\u2605<\/p>\n<p>    <em style=\"color:#000000\"><\/em> <\/p>\n<p>TERMORREGULA\u00c7\u00c3O \u2605\u2605<\/p>\n<h1 style=\"text-align: center\">Material \ud83d\udc56<\/h1>\n<p style=\"text-align: left\">100% Poli\u00e9ster<\/p>\n<p><img decoding=\"async\" src=\"https:\/\/www.compressport.com\/inter\/img\/prods_entretien.png\" \/><\/p>\n<p><img decoding=\"async\" src=\"https:\/\/infinitri.be\/wp-content\/uploads\/2023\/02\/running-visor-red-black-compressport-2-545x545.jpg\" width=\"545\" height=\"545\" title=\"bon\u00e9 de corrida vermelho e preto compressport (2)\" alt=\"running-visor-red-black-compressport (2)\" \/><!--\/themify_builder_static--><\/p>","protected":false},"excerpt":{"rendered":"<p>H\u00e1 tanta hist\u00f3ria da Compressport nesta viseira t\u00e3o cl\u00e1ssica! Ela pode ser original, mas isso n\u00e3o significa que esteja ultrapassada, e pode apostar que a ver\u00e1 em eventos multidesportivos, em campos e quadras, ou simplesmente nas montanhas quando o sol estiver forte. E para se manter na moda, aqui est\u00e1 um novo design e uma gama de cores elegantes para manter a sua cabe\u00e7a fresca durante os dias quentes de ver\u00e3o. O sucesso duradouro da viseira reside na sua simplicidade e conforto: a viseira curva oferece prote\u00e7\u00e3o solar ideal, enquanto a faixa larga anti-atrito se adapta perfeitamente \u00e0 sua cabe\u00e7a e impede que a viseira se mova.<\/p>","protected":false},"featured_media":29113,"comment_status":"open","ping_status":"closed","template":"","meta":[],"product_brand":[329],"product_cat":[40,156,16,59],"product_tag":[],"class_list":{"0":"post-29074","1":"product","2":"type-product","3":"status-publish","4":"has-post-thumbnail","6":"product_brand-compressport","7":"product_cat-accessoires","8":"product_cat-casquettes-visieres-headband","9":"product_cat-course","10":"product_cat-triathlon","11":"zank_product_brands-compressport","12":"nt-post-class","13":"","19":"first","20":"instock","21":"taxable","22":"shipping-taxable","23":"purchasable","24":"product-type-variable","25":"has-default-attributes"},"_links":{"self":[{"href":"https:\/\/www.infinitri.be\/pt\/wp-json\/wp\/v2\/product\/29074","targetHints":{"allow":["GET"]}}],"collection":[{"href":"https:\/\/www.infinitri.be\/pt\/wp-json\/wp\/v2\/product"}],"about":[{"href":"https:\/\/www.infinitri.be\/pt\/wp-json\/wp\/v2\/types\/product"}],"replies":[{"embeddable":true,"href":"https:\/\/www.infinitri.be\/pt\/wp-json\/wp\/v2\/comments?post=29074"}],"wp:featuredmedia":[{"embeddable":true,"href":"https:\/\/www.infinitri.be\/pt\/wp-json\/wp\/v2\/media\/29113"}],"wp:attachment":[{"href":"https:\/\/www.infinitri.be\/pt\/wp-json\/wp\/v2\/media?parent=29074"}],"wp:term":[{"taxonomy":"product_brand","embeddable":true,"href":"https:\/\/www.infinitri.be\/pt\/wp-json\/wp\/v2\/product_brand?post=29074"},{"taxonomy":"product_cat","embeddable":true,"href":"https:\/\/www.infinitri.be\/pt\/wp-json\/wp\/v2\/product_cat?post=29074"},{"taxonomy":"product_tag","embeddable":true,"href":"https:\/\/www.infinitri.be\/pt\/wp-json\/wp\/v2\/product_tag?post=29074"}],"curies":[{"name":"wp","href":"https:\/\/api.w.org\/{rel}","templated":true}]}}