{"id":29106,"date":"2025-12-25T17:06:08","date_gmt":"2025-12-25T17:06:08","guid":{"rendered":"https:\/\/www.infinitri.be\/?post_type=product&#038;p=29106"},"modified":"2026-04-04T17:32:48","modified_gmt":"2026-04-04T16:32:48","slug":"compressport-bandeau-fin","status":"publish","type":"product","link":"https:\/\/www.infinitri.be\/pt\/produto\/compressport-bandeau-fin\/","title":{"rendered":"Compressport \u2013 faixa fina"},"content":{"rendered":"<p><!--themify_builder_static--><\/p>\n<h1 style=\"text-align: center\">Descri\u00e7\u00e3o \u2699<\/h1>\n<p style=\"text-align: left\">Mais estreita do que o nosso modelo padr\u00e3o, esta bandolete Compressport para homem e mulher oferece um visual elegante, moderno e contempor\u00e2neo. O seu tecido de microfibra \u00e9 el\u00e1stico e perfurado para um controlo constante da temperatura \u00e0 volta da cabe\u00e7a, garantindo um conforto inigual\u00e1vel.<\/p>\n<p><img fetchpriority=\"high\" decoding=\"async\" src=\"https:\/\/infinitri.be\/wp-content\/uploads\/2023\/02\/thin-headband-on-off-light-blue-545x545.jpg\" width=\"545\" height=\"545\" title=\"thin-headband-on-off-light-blue\" alt=\"thin-headband-on-off-light-blue\" \/><\/p>\n<h1>Especifica\u00e7\u00f5es t\u00e9cnicas<\/h1>\n<p>M\u00e1xima termorregula\u00e7\u00e3o gra\u00e7as ao tecido de microfibra perfurado que elimina rapidamente a transpira\u00e7\u00e3o e a humidade para manter a cabe\u00e7a seca e frescaAjuste ergon\u00f3mico e confort\u00e1vel gra\u00e7as \u00e0s fibras flex\u00edveis e ultra-estendidas que se adaptam perfeitamente \u00e0 forma da cabe\u00e7aTecido de microfibra extremamente leve que mal se sente \u00e0 volta da cabe\u00e7a<br \/>\n    <em style=\"color:#000000\"><\/em> <\/p>\n<p style=\"text-align: left\">LUZ \u2605\u2605\u2605\u2605<\/p>\n<p>    <em style=\"color:#000000\"><\/em> <\/p>\n<p>TERMORREGULA\u00c7\u00c3O \u2605\u2605\u2605\u2605<\/p>\n<h1 style=\"text-align: center\">Material \ud83d\udc56<\/h1>\n<p style=\"text-align: left\">98% Poliamida, 2% Elastano<\/p>\n<p><img decoding=\"async\" src=\"https:\/\/www.compressport.com\/inter\/img\/prods_entretien.png\" \/><\/p>\n<p><img decoding=\"async\" src=\"https:\/\/infinitri.be\/wp-content\/uploads\/2023\/02\/thin-headband-on-off-persian-red-545x545.jpg\" width=\"545\" height=\"545\" title=\"bandoleira fina em vermelho-persa\" alt=\"thin-headband-on-off-persian-red\" \/><br \/>\n<img decoding=\"async\" src=\"https:\/\/infinitri.be\/wp-content\/uploads\/2023\/02\/headband-compressport-homme-2-545x545.jpg\" width=\"545\" height=\"545\" title=\"headband-compressport-homme (2)\" alt=\"headband-compressport-homme (2)\" \/><\/p>\n<h1 style=\"text-align: center\">Mais informa\u00e7\u00f5es\ud83d\udca1<\/h1>\n<p>A tecnologia on\/off elimina rapidamente a transpira\u00e7\u00e3o e permite que o tecido seque at\u00e9 7 vezes mais depressa do que uma bandolete tradicional, para que a sua cabe\u00e7a se mantenha fresca mesmo nas condi\u00e7\u00f5es mais quentes. O tecido sedoso adapta-se ergonomicamente aos contornos da cabe\u00e7a, evitando que o suor e o cabelo rebelde obstruam a vis\u00e3o. A vers\u00e3o vermelha energ\u00e9tica da Fita para a cabe\u00e7a fina On\/Off tamb\u00e9m pode ser usada sem irrita\u00e7\u00e3o debaixo de um capacete ou de um capot.<\/p>\n<section><\/section>\n<p><!--\/themify_builder_static--><\/p>","protected":false},"excerpt":{"rendered":"<p>Faixa de cabe\u00e7a estreita, leve e termo-reguladora para o manter fresco em tempo quente<\/p>\n<p>Mais estreita do que o nosso modelo padr\u00e3o, a Thin Headband On\/Off \u00e9 uma bandolete de corrida fina para homens e mulheres. O tecido de microfibra \u00e9 el\u00e1stico e perfurado para um controlo constante da temperatura \u00e0 volta da cabe\u00e7a. A tecnologia On\/Off absorve rapidamente a transpira\u00e7\u00e3o e permite que o tecido seque at\u00e9 7 vezes mais depressa do que uma bandolete tradicional, para que a sua cabe\u00e7a se mantenha fresca mesmo nas condi\u00e7\u00f5es mais quentes. <\/p>","protected":false},"featured_media":29175,"comment_status":"open","ping_status":"closed","template":"","meta":[],"product_brand":[329],"product_cat":[40,156,16,59],"product_tag":[],"class_list":{"0":"post-29106","1":"product","2":"type-product","3":"status-publish","4":"has-post-thumbnail","6":"product_brand-compressport","7":"product_cat-accessoires","8":"product_cat-casquettes-visieres-headband","9":"product_cat-course","10":"product_cat-triathlon","11":"zank_product_brands-compressport","12":"nt-post-class","13":"","19":"first","20":"instock","21":"taxable","22":"shipping-taxable","23":"purchasable","24":"product-type-variable"},"_links":{"self":[{"href":"https:\/\/www.infinitri.be\/pt\/wp-json\/wp\/v2\/product\/29106","targetHints":{"allow":["GET"]}}],"collection":[{"href":"https:\/\/www.infinitri.be\/pt\/wp-json\/wp\/v2\/product"}],"about":[{"href":"https:\/\/www.infinitri.be\/pt\/wp-json\/wp\/v2\/types\/product"}],"replies":[{"embeddable":true,"href":"https:\/\/www.infinitri.be\/pt\/wp-json\/wp\/v2\/comments?post=29106"}],"wp:featuredmedia":[{"embeddable":true,"href":"https:\/\/www.infinitri.be\/pt\/wp-json\/wp\/v2\/media\/29175"}],"wp:attachment":[{"href":"https:\/\/www.infinitri.be\/pt\/wp-json\/wp\/v2\/media?parent=29106"}],"wp:term":[{"taxonomy":"product_brand","embeddable":true,"href":"https:\/\/www.infinitri.be\/pt\/wp-json\/wp\/v2\/product_brand?post=29106"},{"taxonomy":"product_cat","embeddable":true,"href":"https:\/\/www.infinitri.be\/pt\/wp-json\/wp\/v2\/product_cat?post=29106"},{"taxonomy":"product_tag","embeddable":true,"href":"https:\/\/www.infinitri.be\/pt\/wp-json\/wp\/v2\/product_tag?post=29106"}],"curies":[{"name":"wp","href":"https:\/\/api.w.org\/{rel}","templated":true}]}}