{"id":29362,"date":"2025-12-25T17:14:50","date_gmt":"2025-12-25T17:14:50","guid":{"rendered":"https:\/\/www.infinitri.be\/?post_type=product&#038;p=29362"},"modified":"2026-04-04T17:35:15","modified_gmt":"2026-04-04T16:35:15","slug":"location-swimskin-huub","status":"publish","type":"product","link":"https:\/\/www.infinitri.be\/pt\/produto\/location-swimskin-huub\/","title":{"rendered":"Aluguer de pele de nadador Huub"},"content":{"rendered":"<p><!--themify_builder_static--><\/p>\n<p style=\"text-align: center;\">Tamanhos femininos<\/p>\n<p><img decoding=\"async\" src=\"https:\/\/infinitri.be\/wp-content\/uploads\/2023\/03\/swimskin-femme-taille.png\" title=\"tamanho feminino de pele de banho\" alt=\"swimskin femme taille\" srcset=\"https:\/\/infinitri.be\/wp-content\/uploads\/2023\/03\/swimskin-femme-taille.png 732w, https:\/\/infinitri.be\/wp-content\/uploads\/2023\/03\/swimskin-femme-taille-300x129.png 300w, https:\/\/infinitri.be\/wp-content\/uploads\/2023\/03\/swimskin-femme-taille-2x1.png 2w\" sizes=\"(max-width: 732px) 100vw, 732px\" \/><\/p>\n<p style=\"text-align: center;\">Tamanhos para homem<\/p>\n<p><img decoding=\"async\" src=\"https:\/\/infinitri.be\/wp-content\/uploads\/2023\/03\/swimskin-homme-taille.png\" title=\"tamanho homem pele de banho\" alt=\"swimskin homme taille\" srcset=\"https:\/\/infinitri.be\/wp-content\/uploads\/2023\/03\/swimskin-homme-taille.png 726w, https:\/\/infinitri.be\/wp-content\/uploads\/2023\/03\/swimskin-homme-taille-300x149.png 300w, https:\/\/infinitri.be\/wp-content\/uploads\/2023\/03\/swimskin-homme-taille-2x1.png 2w\" sizes=\"(max-width: 726px) 100vw, 726px\" \/><br \/>\n<noscript><iframe data-no-script src=\"https:\/\/www.youtube.com\/embed\/Eju7YtrVBso?pip=1&#038;playsinline=1&#038;autohide=1&#038;border=0&#038;wmode=opaque&#038;autoplay=1\" allow=\"accelerometer;encrypted-media;gyroscope;picture-in-picture;autoplay\"><\/iframe><\/noscript><!--\/themify_builder_static--><\/p>\n<p>Tecnologia exclusiva Constrictor System, com patente pendente<br \/>\nTecido de nata\u00e7\u00e3o de competi\u00e7\u00e3o em malha urdida<br \/>\nSistema hidromec\u00e2nico e biomec\u00e2nico desenvolvido pelo M.A.D. System<br \/>\nMelhoria da velocidade e da efic\u00e1cia da nata\u00e7\u00e3o<br \/>\nFecho de correr<br \/>\nTestado e comprovado como o fato de banho mais r\u00e1pido do mundo<br \/>\nO fato de banho Albacore \u00e9 uma combina\u00e7\u00e3o de experi\u00eancia incompar\u00e1vel na ind\u00fastria, conhecimento hidrodin\u00e2mico incompar\u00e1vel e uma capacidade de testar produtos muito para al\u00e9m de qualquer outra empresa de triatlo ou fatos de banho. Na HUUB, simplesmente tornamo-lo mais r\u00e1pido, com designs tradicionais e por vezes muito pouco tradicionais.<\/p>\n<p style=\"text-align: right;\">Utilizando o nosso sistema Constrictor, com patente pendente, podemos reduzir a perda de energia e melhorar a efici\u00eancia da nata\u00e7\u00e3o at\u00e9 4,5 segundos por 100 m (testado por Paul Newsome da Swimsmooth e tamb\u00e9m no nosso sistema M.A.D. com o Professor Huub Toussaint).<\/p>\n<p>O tecido hidrof\u00f3bico de alta compress\u00e3o em malha Warp comprime a massa corporal na \u00e1gua e reajusta o centro de gravidade. O sistema constritor reduz as serpentinas e melhora a tra\u00e7\u00e3o na nata\u00e7\u00e3o gra\u00e7as ao seu reflexo e aplica\u00e7\u00e3o \u00fanicos. O fato de mergulho \u00e9 um fato de banho r\u00e1pido e eficaz que cumpre o que promete.<\/p>\n<p style=\"text-align: right;\">Pode ter um fato de banho, ou pode nadar mais depressa com um fato de banho HUUB que foi cientificamente investigado e desenvolvido...<\/p>\n<p style=\"text-align: right;\">ATUM VOADOR - A BUSCA INCESSANTE DA VELOCIDADE<\/p>","protected":false},"excerpt":{"rendered":"<p><strong>Recolha e devolu\u00e7\u00e3o apenas na sala de exposi\u00e7\u00f5es\/stand<\/strong><\/p>","protected":false},"featured_media":29388,"comment_status":"open","ping_status":"closed","template":"","meta":[],"product_brand":[286],"product_cat":[130,59],"product_tag":[],"class_list":{"0":"post-29362","1":"product","2":"type-product","3":"status-publish","4":"has-post-thumbnail","6":"product_brand-huub","7":"product_cat-combinaison-neoprene","8":"product_cat-triathlon","9":"zank_product_brands-huub","10":"nt-post-class","11":"","17":"first","18":"instock","19":"taxable","20":"shipping-taxable","21":"purchasable","22":"product-type-variable"},"_links":{"self":[{"href":"https:\/\/www.infinitri.be\/pt\/wp-json\/wp\/v2\/product\/29362","targetHints":{"allow":["GET"]}}],"collection":[{"href":"https:\/\/www.infinitri.be\/pt\/wp-json\/wp\/v2\/product"}],"about":[{"href":"https:\/\/www.infinitri.be\/pt\/wp-json\/wp\/v2\/types\/product"}],"replies":[{"embeddable":true,"href":"https:\/\/www.infinitri.be\/pt\/wp-json\/wp\/v2\/comments?post=29362"}],"wp:featuredmedia":[{"embeddable":true,"href":"https:\/\/www.infinitri.be\/pt\/wp-json\/wp\/v2\/media\/29388"}],"wp:attachment":[{"href":"https:\/\/www.infinitri.be\/pt\/wp-json\/wp\/v2\/media?parent=29362"}],"wp:term":[{"taxonomy":"product_brand","embeddable":true,"href":"https:\/\/www.infinitri.be\/pt\/wp-json\/wp\/v2\/product_brand?post=29362"},{"taxonomy":"product_cat","embeddable":true,"href":"https:\/\/www.infinitri.be\/pt\/wp-json\/wp\/v2\/product_cat?post=29362"},{"taxonomy":"product_tag","embeddable":true,"href":"https:\/\/www.infinitri.be\/pt\/wp-json\/wp\/v2\/product_tag?post=29362"}],"curies":[{"name":"wp","href":"https:\/\/api.w.org\/{rel}","templated":true}]}}