{"id":29416,"date":"2025-12-25T17:17:13","date_gmt":"2025-12-25T17:17:13","guid":{"rendered":"https:\/\/www.infinitri.be\/?post_type=product&#038;p=29416"},"modified":"2026-04-10T07:33:41","modified_gmt":"2026-04-10T06:33:41","slug":"arena-50th-gold-swimsuit-superfly-back-gold-multi-black","status":"publish","type":"product","link":"https:\/\/www.infinitri.be\/pt\/produto\/arena-50th-gold-swimsuit-superfly-back-gold-multi-black\/","title":{"rendered":"Arena - 50th Gold Swimsuit Superfly Back gold multi black"},"content":{"rendered":"<p><strong>Nata\u00e7\u00e3o intensiva<\/strong><br \/>\nDesenvolvido com uma elevada resist\u00eancia ao cloro para suportar numerosas sess\u00f5es de nata\u00e7\u00e3o.<\/p>\n<p><strong>Corte elevado<\/strong><br \/>\nA abertura das pernas \u00e9 cortada ao alto das ancas para um aspeto aerodin\u00e2mico e uma \u00f3ptima amplitude de movimentos.<\/p>\n<p><strong>Corte<\/strong><br \/>\nFormas estrat\u00e9gicas cortadas nas costas ou nos lados do fato de banho em diferentes tamanhos.<\/p>\n<p><strong>Instru\u00e7\u00f5es de manuten\u00e7\u00e3o<\/strong><\/p>\n<p>Para garantir que o seu fato de banho Arena lhe proporciona o melhor desempenho poss\u00edvel durante muito tempo, recomendamos que tome as seguintes precau\u00e7\u00f5es:<\/p>\n<p>Enxaguar imediatamente ap\u00f3s a utiliza\u00e7\u00e3o em \u00e1gua n\u00e3o clorada;<br \/>\n-N\u00e3o deixar o fato de banho molhado num saco ou noutro recipiente durante longos per\u00edodos;<br \/>\n-N\u00e3o expor \u00e0 luz solar direta os fatos de banho molhados num saco ou noutro recipiente;<br \/>\n-Lavar com detergentes adequados para pe\u00e7as de vestu\u00e1rio delicadas;<br \/>\n-Secar ao ar livre, longe de fontes de calor.<br \/>\n-Siga as instru\u00e7\u00f5es de lavagem indicadas na etiqueta do produto.<br \/>\n-O r\u00f3tulo cont\u00e9m s\u00edmbolos \u00fateis que d\u00e3o informa\u00e7\u00f5es sobre a melhor forma de cuidar do produto.<\/p>\n<p>&nbsp;<\/p>\n<p>&nbsp;<\/p>","protected":false},"excerpt":{"rendered":"<p>H\u00e1 50 anos, come\u00e7\u00e1mos o nosso percurso revolucionando os fatos de banho para atletas aqu\u00e1ticos. Concebido para nadadores de competi\u00e7\u00e3o e frequentes, o nosso One-Piece 50th Gold Super Fly presta homenagem \u00e0s nossas ra\u00edzes dos anos 70 com o nosso design original de fato de banho de competi\u00e7\u00e3o para mulher e um padr\u00e3o inspirado no nosso log\u00f3tipo de 1973. As costas abertas e a perna alta oferecem uma extraordin\u00e1ria liberdade de movimentos e uma sensa\u00e7\u00e3o de proximidade da \u00e1gua.<\/p>\n<p>Tecido<br \/>\nResistente a 100 % de cloro, o MaxLife Eco \u00e9 o nosso novo tecido para fatos de banho concebido de forma respons\u00e1vel para um desempenho sustent\u00e1vel. Fabricado com pelo menos 50% de poli\u00e9ster reciclado, este material inovador adapta-se bem e mant\u00e9m a forma ao longo do tempo. Integrado com prote\u00e7\u00e3o UV 50+ e de secagem r\u00e1pida.<\/p>","protected":false},"featured_media":29466,"comment_status":"open","ping_status":"closed","template":"","meta":[],"product_brand":[326],"product_cat":[86,41],"product_tag":[],"class_list":{"0":"post-29416","1":"product","2":"type-product","3":"status-publish","4":"has-post-thumbnail","6":"product_brand-arena","7":"product_cat-maillots","8":"product_cat-natation","9":"zank_product_brands-arena","10":"nt-post-class","11":"","17":"first","18":"instock","19":"sale","20":"taxable","21":"shipping-taxable","22":"purchasable","23":"product-type-variable"},"_links":{"self":[{"href":"https:\/\/www.infinitri.be\/pt\/wp-json\/wp\/v2\/product\/29416","targetHints":{"allow":["GET"]}}],"collection":[{"href":"https:\/\/www.infinitri.be\/pt\/wp-json\/wp\/v2\/product"}],"about":[{"href":"https:\/\/www.infinitri.be\/pt\/wp-json\/wp\/v2\/types\/product"}],"replies":[{"embeddable":true,"href":"https:\/\/www.infinitri.be\/pt\/wp-json\/wp\/v2\/comments?post=29416"}],"wp:featuredmedia":[{"embeddable":true,"href":"https:\/\/www.infinitri.be\/pt\/wp-json\/wp\/v2\/media\/29466"}],"wp:attachment":[{"href":"https:\/\/www.infinitri.be\/pt\/wp-json\/wp\/v2\/media?parent=29416"}],"wp:term":[{"taxonomy":"product_brand","embeddable":true,"href":"https:\/\/www.infinitri.be\/pt\/wp-json\/wp\/v2\/product_brand?post=29416"},{"taxonomy":"product_cat","embeddable":true,"href":"https:\/\/www.infinitri.be\/pt\/wp-json\/wp\/v2\/product_cat?post=29416"},{"taxonomy":"product_tag","embeddable":true,"href":"https:\/\/www.infinitri.be\/pt\/wp-json\/wp\/v2\/product_tag?post=29416"}],"curies":[{"name":"wp","href":"https:\/\/api.w.org\/{rel}","templated":true}]}}