{"id":29424,"date":"2025-12-25T17:17:39","date_gmt":"2025-12-25T17:17:39","guid":{"rendered":"https:\/\/www.infinitri.be\/?post_type=product&#038;p=29424"},"modified":"2026-04-04T17:35:15","modified_gmt":"2026-04-04T16:35:15","slug":"huub-lunettes-brownlee-acute-black-black","status":"publish","type":"product","link":"https:\/\/www.infinitri.be\/pt\/produto\/huub-lunettes-brownlee-acute-black-black\/","title":{"rendered":"Huub \u2013 \u00d3culos Brownlee Acute preto preto"},"content":{"rendered":"<p><strong>Caracter\u00edsticas:<\/strong><\/p>\n<p>\u2013 Prote\u00e7\u00e3o contra raios UV e lente PC antiembaciamento<br \/>\n\u2013 Moldura, cinta e junta em silicone flex\u00edvel<br \/>\n\u2013 Design exclusivo das lentes<br \/>\n\u2013 Lente espelhada que reduz o brilho<br \/>\n\u2013 Junta monobloco para uma estanqueidade ideal<br \/>\n\u2013 Al\u00e7a traseira confort\u00e1vel para um melhor ajuste<\/p>","protected":false},"excerpt":{"rendered":"<p>&nbsp;<\/p>\n<p>Devido \u00e0 popularidade dos nossos \u00f3culos de nata\u00e7\u00e3o Brownlee Race Goggle, trabalh\u00e1mos em estreita colabora\u00e7\u00e3o com Ali e Jonny para oferecer os \u00f3culos perfeitos para treinos em \u00e1guas abertas e em piscina. Os novos \u00f3culos Acute s\u00e3o um dos nossos modelos mais vendidos. Redesenh\u00e1mo-los para oferecer uma visibilidade ideal em \u00e1guas abertas e clareza na piscina.<\/p>\n<p>Com o conforto de uma superf\u00edcie maior e uma veda\u00e7\u00e3o de baixa press\u00e3o, a veda\u00e7\u00e3o de silicone e a arma\u00e7\u00e3o de policarbonato combinam-se perfeitamente para criar um novo visual suave e excepcional, oferecendo vis\u00e3o perif\u00e9rica para nata\u00e7\u00e3o em \u00e1guas abertas, recreativa e competitiva.<\/p>","protected":false},"featured_media":29476,"comment_status":"open","ping_status":"closed","template":"","meta":[],"product_brand":[286],"product_cat":[40,54,56,59],"product_tag":[],"class_list":{"0":"post-29424","1":"product","2":"type-product","3":"status-publish","4":"has-post-thumbnail","6":"product_brand-huub","7":"product_cat-accessoires","8":"product_cat-lunettes","9":"product_cat-lunettes-triathlon","10":"product_cat-triathlon","11":"zank_product_brands-huub","12":"nt-post-class","13":"","19":"first","20":"instock","21":"taxable","22":"shipping-taxable","23":"purchasable","24":"product-type-simple"},"_links":{"self":[{"href":"https:\/\/www.infinitri.be\/pt\/wp-json\/wp\/v2\/product\/29424","targetHints":{"allow":["GET"]}}],"collection":[{"href":"https:\/\/www.infinitri.be\/pt\/wp-json\/wp\/v2\/product"}],"about":[{"href":"https:\/\/www.infinitri.be\/pt\/wp-json\/wp\/v2\/types\/product"}],"replies":[{"embeddable":true,"href":"https:\/\/www.infinitri.be\/pt\/wp-json\/wp\/v2\/comments?post=29424"}],"wp:featuredmedia":[{"embeddable":true,"href":"https:\/\/www.infinitri.be\/pt\/wp-json\/wp\/v2\/media\/29476"}],"wp:attachment":[{"href":"https:\/\/www.infinitri.be\/pt\/wp-json\/wp\/v2\/media?parent=29424"}],"wp:term":[{"taxonomy":"product_brand","embeddable":true,"href":"https:\/\/www.infinitri.be\/pt\/wp-json\/wp\/v2\/product_brand?post=29424"},{"taxonomy":"product_cat","embeddable":true,"href":"https:\/\/www.infinitri.be\/pt\/wp-json\/wp\/v2\/product_cat?post=29424"},{"taxonomy":"product_tag","embeddable":true,"href":"https:\/\/www.infinitri.be\/pt\/wp-json\/wp\/v2\/product_tag?post=29424"}],"curies":[{"name":"wp","href":"https:\/\/api.w.org\/{rel}","templated":true}]}}