{"id":29435,"date":"2025-12-25T17:17:39","date_gmt":"2025-12-25T17:17:39","guid":{"rendered":"https:\/\/www.infinitri.be\/?post_type=product&#038;p=29435"},"modified":"2026-04-04T17:35:15","modified_gmt":"2026-04-04T16:35:15","slug":"huub-strada-lightweight-rain-jacket","status":"publish","type":"product","link":"https:\/\/www.infinitri.be\/pt\/produto\/huub-strada-lightweight-rain-jacket\/","title":{"rendered":"Casaco de chuva Huub STRADA LIGHTWEIGHT"},"content":{"rendered":"<p><!--themify_builder_static--><\/p>\n<h1 style=\"text-align: center\">Descri\u00e7\u00e3o \u2699<\/h1>\n<p style=\"text-align: left\">Cette veste super l\u00e9g\u00e8re est enti\u00e8rement imperm\u00e9able et prot\u00e8ge contre les \u00e9l\u00e9ments. La coupe racer et les caract\u00e9ristiques ergonomiques lui conf\u00e8rent une sensation de performance, contrairement \u00e0 d&#8217;autres vestes qui peuvent battre au vent et sembler encombrantes.<\/p>\n<p><img fetchpriority=\"high\" decoding=\"async\" src=\"https:\/\/infinitri.be\/wp-content\/uploads\/2023\/04\/STRADALSPACK02-02_b0a8154d-0c6a-44cf-94c5-946d65d10bd2-840x1024-545x545.webp\" width=\"545\" height=\"545\" title=\"STRADALSPACK02-02_b0a8154d-0c6a-44cf-94c5-946d65d10bd2\" alt=\"STRADALSPACK02-02_b0a8154d-0c6a-44cf-94c5-946d65d10bd2\" \/><\/p>\n<h1>Especifica\u00e7\u00f5es t\u00e9cnicas<\/h1>\n<p>&#8211; Emballable (avec sac \u00e0 cordon de serrage)<br \/>\n&#8211; Tissu l\u00e9ger (50g\/m2)<br \/>\n&#8211; Imperm\u00e9able 10 000 mm H2O<br \/>\n&#8211; Coutures internes \u00e9tanches<br \/>\n&#8211; Logos et garnitures r\u00e9fl\u00e9chissants<br \/>\n&#8211; Zip frontal sur toute la longueur<br \/>\n&#8211; Col isol\u00e9 et en tissu doux<br \/>\n&#8211; Grippeur en silicone sur toute la longueur de l&#8217;ourlet<\/p>\n<p>    <em style=\"color:#000000\"><\/em>PROTEC\u00c7\u00c3O CONTRA O VENTO<\/p>\n<p>    <em style=\"color:#000000\"><\/em>PROTEC\u00c7\u00c3O CONTRA A CHUVA<\/p>\n<p>    <em style=\"color:#000000\"><\/em><\/p>\n<p style=\"text-align: left\">ILUMINA\u00c7\u00c3O<\/p>\n<p>    <em style=\"color:#000000\"><\/em>ZIP FRONTAL<\/p>\n<h1 style=\"text-align: center\">Qual \u00e9 o meu tamanho?<\/h1>\n<p><img decoding=\"async\" src=\"https:\/\/infinitri.be\/wp-content\/uploads\/2023\/02\/s3-cycling-jacket-size.png\" title=\"s3-tamanho do casaco de ciclismo\" alt=\"s3-cycling-jacket-size\" \/><br \/>\n<img decoding=\"async\" src=\"https:\/\/infinitri.be\/wp-content\/uploads\/2023\/04\/STRADALSPACK01-24-840x1024-545x545.webp\" width=\"545\" height=\"545\" title=\"STRADALSPACK01-24\" alt=\"STRADALSPACK01-24\" \/><!--\/themify_builder_static--><\/p>","protected":false},"excerpt":{"rendered":"<p>La premi\u00e8re cape de pluie de la collection cycliste HUUB. L&#8217;\u00e9quipe de Huub a longtemps attendu pour pouvoir tester et perfectionner son design avant de la d\u00e9voiler !<\/p>","protected":false},"featured_media":29490,"comment_status":"open","ping_status":"closed","template":"","meta":[],"product_brand":[286],"product_cat":[37,15,38],"product_tag":[],"class_list":{"0":"post-29435","1":"product","2":"type-product","3":"status-publish","4":"has-post-thumbnail","6":"product_brand-huub","7":"product_cat-cyclisme","8":"product_cat-non-classe","9":"product_cat-vestes-et-coupe-vent","10":"zank_product_brands-huub","11":"nt-post-class","12":"","18":"first","19":"instock","20":"sale","21":"taxable","22":"shipping-taxable","23":"purchasable","24":"product-type-variable"},"_links":{"self":[{"href":"https:\/\/www.infinitri.be\/pt\/wp-json\/wp\/v2\/product\/29435","targetHints":{"allow":["GET"]}}],"collection":[{"href":"https:\/\/www.infinitri.be\/pt\/wp-json\/wp\/v2\/product"}],"about":[{"href":"https:\/\/www.infinitri.be\/pt\/wp-json\/wp\/v2\/types\/product"}],"replies":[{"embeddable":true,"href":"https:\/\/www.infinitri.be\/pt\/wp-json\/wp\/v2\/comments?post=29435"}],"wp:featuredmedia":[{"embeddable":true,"href":"https:\/\/www.infinitri.be\/pt\/wp-json\/wp\/v2\/media\/29490"}],"wp:attachment":[{"href":"https:\/\/www.infinitri.be\/pt\/wp-json\/wp\/v2\/media?parent=29435"}],"wp:term":[{"taxonomy":"product_brand","embeddable":true,"href":"https:\/\/www.infinitri.be\/pt\/wp-json\/wp\/v2\/product_brand?post=29435"},{"taxonomy":"product_cat","embeddable":true,"href":"https:\/\/www.infinitri.be\/pt\/wp-json\/wp\/v2\/product_cat?post=29435"},{"taxonomy":"product_tag","embeddable":true,"href":"https:\/\/www.infinitri.be\/pt\/wp-json\/wp\/v2\/product_tag?post=29435"}],"curies":[{"name":"wp","href":"https:\/\/api.w.org\/{rel}","templated":true}]}}