{"id":29449,"date":"2025-12-25T17:18:43","date_gmt":"2025-12-25T17:18:43","guid":{"rendered":"https:\/\/www.infinitri.be\/?post_type=product&#038;p=29449"},"modified":"2026-04-04T17:35:07","modified_gmt":"2026-04-04T16:35:07","slug":"huub-eternal-maillot-courtes-manches-homme","status":"publish","type":"product","link":"https:\/\/www.infinitri.be\/pt\/produto\/huub-eternal-maillot-courtes-manches-homme\/","title":{"rendered":"Huub ETERNAL Camisola de manga curta \u2013 Homem"},"content":{"rendered":"<p><!--themify_builder_static--><\/p>\n<h1 style=\"text-align: center\">Descri\u00e7\u00e3o \u2699<\/h1>\n<p style=\"text-align: left\">Le maillot Eternal r\u00e9pond aux besoins du cyclisme quotidien. Un design simple avec des principes fondamentaux de l\u00e9g\u00e8ret\u00e9 et de respirabilit\u00e9 en font un maillot que vous r\u00e9utiliserez, sortie apr\u00e8s sortie.<\/p>\n<p><img fetchpriority=\"high\" decoding=\"async\" src=\"https:\/\/infinitri.be\/wp-content\/uploads\/2023\/04\/ETERNAL-SHORT-SLEEVE-JERSEY-front-545x545.png\" width=\"545\" height=\"545\" title=\"ETERNAL SHORT SLEEVE JERSEY front\" alt=\"ETERNAL SHORT SLEEVE JERSEY front\" \/><\/p>\n<h1>Especifica\u00e7\u00f5es t\u00e9cnicas<\/h1>\n<p>&#8211; Fermeture \u00e9clair HUUB Cam Lock sur toute la longueur.<br \/>\n&#8211; Panneaux en mesh l\u00e9ger et respirant sous les bras.<br \/>\n&#8211; Coupe classique.<br \/>\n&#8211; Fabriqu\u00e9 en Europe.<br \/>\n&#8211; Bande \u00e9lastique de haute qualit\u00e9 \u00e0 la taille<br \/>\n&#8211; Tissus italiens l\u00e9gers et respirants.<br \/>\n&#8211; 3 poches arri\u00e8re discr\u00e8tes avec passepoil r\u00e9fl\u00e9chissant<br \/>\n&#8211; Con\u00e7ues pour permettre la circulation de l&#8217;air pour la performance.<\/p>\n<p>    <em style=\"color:#000000\"><\/em>CIRCULATION D&#8217;AIR<\/p>\n<p>    <em style=\"color:#000000\"><\/em><\/p>\n<p style=\"text-align: left\">ILUMINA\u00c7\u00c3O<\/p>\n<p>    <em style=\"color:#000000\"><\/em>RESPIRANT<\/p>\n<p>    <em style=\"color:#000000\"><\/em>FERMETURE CAM LOCK<\/p>\n<h1 style=\"text-align: center\">Qual \u00e9 o meu tamanho?<\/h1>\n<p><img decoding=\"async\" src=\"https:\/\/infinitri.be\/wp-content\/uploads\/2023\/02\/s3-cycling-jacket-size.png\" title=\"s3-tamanho do casaco de ciclismo\" alt=\"s3-cycling-jacket-size\" \/><br \/>\n<img decoding=\"async\" src=\"https:\/\/infinitri.be\/wp-content\/uploads\/2023\/04\/ambiance-huub-1024x725-545x545.png\" width=\"545\" height=\"545\" title=\"atmosfera huub\" alt=\"ambiance huub\" \/><!--\/themify_builder_static--><\/p>","protected":false},"excerpt":{"rendered":"<p>Le maillot Eternal r\u00e9pond aux besoins du cyclisme quotidien. Un design simple avec des principes fondamentaux de l\u00e9g\u00e8ret\u00e9 et de respirabilit\u00e9 en font un maillot que vous r\u00e9utiliserez, sortie apr\u00e8s sortie.<\/p>","protected":false},"featured_media":29507,"comment_status":"open","ping_status":"closed","template":"","meta":[],"product_brand":[286],"product_cat":[37,194,141],"product_tag":[],"class_list":{"0":"post-29449","1":"product","2":"type-product","3":"status-publish","4":"has-post-thumbnail","6":"product_brand-huub","7":"product_cat-cyclisme","8":"product_cat-maillots-cyclisme","9":"product_cat-outlet","10":"zank_product_brands-huub","11":"nt-post-class","12":"","18":"first","19":"instock","20":"sale","21":"taxable","22":"shipping-taxable","23":"purchasable","24":"product-type-variable"},"_links":{"self":[{"href":"https:\/\/www.infinitri.be\/pt\/wp-json\/wp\/v2\/product\/29449","targetHints":{"allow":["GET"]}}],"collection":[{"href":"https:\/\/www.infinitri.be\/pt\/wp-json\/wp\/v2\/product"}],"about":[{"href":"https:\/\/www.infinitri.be\/pt\/wp-json\/wp\/v2\/types\/product"}],"replies":[{"embeddable":true,"href":"https:\/\/www.infinitri.be\/pt\/wp-json\/wp\/v2\/comments?post=29449"}],"wp:featuredmedia":[{"embeddable":true,"href":"https:\/\/www.infinitri.be\/pt\/wp-json\/wp\/v2\/media\/29507"}],"wp:attachment":[{"href":"https:\/\/www.infinitri.be\/pt\/wp-json\/wp\/v2\/media?parent=29449"}],"wp:term":[{"taxonomy":"product_brand","embeddable":true,"href":"https:\/\/www.infinitri.be\/pt\/wp-json\/wp\/v2\/product_brand?post=29449"},{"taxonomy":"product_cat","embeddable":true,"href":"https:\/\/www.infinitri.be\/pt\/wp-json\/wp\/v2\/product_cat?post=29449"},{"taxonomy":"product_tag","embeddable":true,"href":"https:\/\/www.infinitri.be\/pt\/wp-json\/wp\/v2\/product_tag?post=29449"}],"curies":[{"name":"wp","href":"https:\/\/api.w.org\/{rel}","templated":true}]}}