{"id":29453,"date":"2025-12-25T17:18:43","date_gmt":"2025-12-25T17:18:43","guid":{"rendered":"https:\/\/www.infinitri.be\/?post_type=product&#038;p=29453"},"modified":"2026-04-04T17:35:07","modified_gmt":"2026-04-04T16:35:07","slug":"huub-eternal-gilet-coupe-vent-homme","status":"publish","type":"product","link":"https:\/\/www.infinitri.be\/pt\/produto\/huub-eternal-gilet-coupe-vent-homme\/","title":{"rendered":"Huub ETERNAL Colete corta-vento - Homem"},"content":{"rendered":"<p><!--themify_builder_static--><\/p>\n<h1 style=\"text-align: center\">Descri\u00e7\u00e3o \u2699<\/h1>\n<p style=\"text-align: left\">Bien que le gilet soit coupe-vent, respirant et \u00e9vacue l&#8217;humidit\u00e9, il est \u00e9galement tr\u00e8s l\u00e9ger, parfait pour \u00eatre rang\u00e9 dans la poche arri\u00e8re de votre maillot. Con\u00e7u pour l&#8217;entra\u00eenement, il est dot\u00e9 de trois poches arri\u00e8re et d&#8217;\u00e9l\u00e9ments r\u00e9fl\u00e9chissants.<\/p>\n<p><img fetchpriority=\"high\" decoding=\"async\" src=\"https:\/\/infinitri.be\/wp-content\/uploads\/2023\/04\/ETERNAL-ELEMENTS-GILET-front-545x545.png\" width=\"545\" height=\"545\" title=\"ETERNAL ELEMENTS GILET front\" alt=\"ETERNAL ELEMENTS GILET front\" \/><\/p>\n<h1>Especifica\u00e7\u00f5es t\u00e9cnicas<\/h1>\n<p>&#8211; Fermeture \u00e9clair HUUB Cam Lock sur toute la longueur.<br \/>\n&#8211; L\u00e9ger pour se ranger dans un maillot.<br \/>\n&#8211; Tissu l\u00e9ger et respirant.<br \/>\n&#8211; Panneau en maille sous les bras.<br \/>\n&#8211; Poche zipp\u00e9e lat\u00e9rale gauche r\u00e9fl\u00e9chissante de style britannique.<br \/>\n&#8211; Trois poches passepoil\u00e9es \u00e0 l&#8217;arri\u00e8re.<br \/>\n&#8211; La pince en silicone HUUB \u00e0 la taille maintient le gilet en place.<\/p>\n<p>    <em style=\"color:#000000\"><\/em>RESPIRANT<\/p>\n<p>    <em style=\"color:#000000\"><\/em><\/p>\n<p style=\"text-align: left\">ILUMINA\u00c7\u00c3O<\/p>\n<p>    <em style=\"color:#000000\"><\/em>3 POCHES<\/p>\n<h1 style=\"text-align: center\">Qual \u00e9 o meu tamanho?<\/h1>\n<p><img decoding=\"async\" src=\"https:\/\/infinitri.be\/wp-content\/uploads\/2023\/02\/s3-cycling-jacket-size.png\" title=\"s3-tamanho do casaco de ciclismo\" alt=\"s3-cycling-jacket-size\" \/><br \/>\n<img decoding=\"async\" src=\"https:\/\/infinitri.be\/wp-content\/uploads\/2023\/04\/ambiance-huub-1024x725-545x545.png\" width=\"545\" height=\"545\" title=\"atmosfera huub\" alt=\"ambiance huub\" \/><!--\/themify_builder_static--><\/p>","protected":false},"excerpt":{"rendered":"<p>Le gilet Elements est un \u00e9l\u00e9ment cl\u00e9 de l&#8217;\u00e9quipement de tout cycliste. Id\u00e9al en cas de m\u00e9t\u00e9o impr\u00e9visible ou pour ajouter une solide couche de chaleur coupe-vent lors de vos sorties hivernales, le gilet a tout pour plaire.<\/p>","protected":false},"featured_media":29511,"comment_status":"open","ping_status":"closed","template":"","meta":[],"product_brand":[286],"product_cat":[37,141,38],"product_tag":[],"class_list":{"0":"post-29453","1":"product","2":"type-product","3":"status-publish","4":"has-post-thumbnail","6":"product_brand-huub","7":"product_cat-cyclisme","8":"product_cat-outlet","9":"product_cat-vestes-et-coupe-vent","10":"zank_product_brands-huub","11":"nt-post-class","12":"","18":"first","19":"instock","20":"sale","21":"taxable","22":"shipping-taxable","23":"purchasable","24":"product-type-variable"},"_links":{"self":[{"href":"https:\/\/www.infinitri.be\/pt\/wp-json\/wp\/v2\/product\/29453","targetHints":{"allow":["GET"]}}],"collection":[{"href":"https:\/\/www.infinitri.be\/pt\/wp-json\/wp\/v2\/product"}],"about":[{"href":"https:\/\/www.infinitri.be\/pt\/wp-json\/wp\/v2\/types\/product"}],"replies":[{"embeddable":true,"href":"https:\/\/www.infinitri.be\/pt\/wp-json\/wp\/v2\/comments?post=29453"}],"wp:featuredmedia":[{"embeddable":true,"href":"https:\/\/www.infinitri.be\/pt\/wp-json\/wp\/v2\/media\/29511"}],"wp:attachment":[{"href":"https:\/\/www.infinitri.be\/pt\/wp-json\/wp\/v2\/media?parent=29453"}],"wp:term":[{"taxonomy":"product_brand","embeddable":true,"href":"https:\/\/www.infinitri.be\/pt\/wp-json\/wp\/v2\/product_brand?post=29453"},{"taxonomy":"product_cat","embeddable":true,"href":"https:\/\/www.infinitri.be\/pt\/wp-json\/wp\/v2\/product_cat?post=29453"},{"taxonomy":"product_tag","embeddable":true,"href":"https:\/\/www.infinitri.be\/pt\/wp-json\/wp\/v2\/product_tag?post=29453"}],"curies":[{"name":"wp","href":"https:\/\/api.w.org\/{rel}","templated":true}]}}