{"id":29462,"date":"2025-12-25T17:19:33","date_gmt":"2025-12-25T17:19:33","guid":{"rendered":"https:\/\/www.infinitri.be\/?post_type=product&#038;p=29462"},"modified":"2026-04-05T09:39:40","modified_gmt":"2026-04-05T08:39:40","slug":"huub-eternal-maillot-manches-longues-thermique-femme","status":"publish","type":"product","link":"https:\/\/www.infinitri.be\/pt\/produto\/huub-eternal-maillot-manches-longues-thermique-femme\/","title":{"rendered":"Huub ETERNAL Camisola t\u00e9rmica de manga comprida para mulher"},"content":{"rendered":"<p><!--themify_builder_static--><\/p>\n<h1 style=\"text-align: center\">Descri\u00e7\u00e3o \u2699<\/h1>\n<p style=\"text-align: left\">Um produto essencial para todos os ciclistas, esta camisola oferece tudo, desde o desempenho ao conforto, e tudo o que est\u00e1 entre eles.<\/p>\n<p>&nbsp;<\/p>\n<p><img fetchpriority=\"high\" decoding=\"async\" src=\"https:\/\/infinitri.be\/wp-content\/uploads\/2023\/04\/ETERNAL-LONG-SLEEVE-thermal-jersey-W-545x545.png\" width=\"545\" height=\"545\" title=\"Camisola t\u00e9rmica ETERNAL LONG SLEEVE W\" alt=\"ETERNAL LONG SLEEVE thermal jersey W\" \/><\/p>\n<h1>Especifica\u00e7\u00f5es t\u00e9cnicas<\/h1>\n<p>- Os melhores tecidos t\u00e9rmicos, escovados, italianos e respir\u00e1veis.<br \/>\n- Concebida para permitir a circula\u00e7\u00e3o de ar para o desempenho.<br \/>\n- Fecho de correr HUUB Cam Lock a todo o comprimento.<br \/>\n- 3 bolsos traseiros refor\u00e7ados + 1 bolso imperme\u00e1vel.<br \/>\n- Pega de silicone na cintura.<br \/>\n- Pegas resistentes \u00e0s intemp\u00e9ries.<\/p>\n<p>    <em style=\"color:#000000\"><\/em>PROTEC\u00c7\u00c3O CONTRA O VENTO<\/p>\n<p>    <em style=\"color:#000000\"><\/em>PROTEC\u00c7\u00c3O CONTRA A CHUVA<\/p>\n<p>    <em style=\"color:#000000\"><\/em><\/p>\n<p style=\"text-align: left\">ILUMINA\u00c7\u00c3O<\/p>\n<p>    <em style=\"color:#000000\"><\/em>T\u00c9RMICA RESPIR\u00c1VEL<\/p>\n<p>    <em style=\"color:#000000\"><\/em>SLIDE CAM LOCK<\/p>\n<h1 style=\"text-align: center\">Qual \u00e9 o meu tamanho?<\/h1>\n<p><img decoding=\"async\" src=\"https:\/\/infinitri.be\/wp-content\/uploads\/2023\/02\/s3-cycling-jacket-size.png\" title=\"s3-tamanho do casaco de ciclismo\" alt=\"s3-cycling-jacket-size\" \/><br \/>\n<img decoding=\"async\" src=\"https:\/\/infinitri.be\/wp-content\/uploads\/2023\/04\/ambiance-huub-1024x725-545x545.png\" width=\"545\" height=\"545\" title=\"atmosfera huub\" alt=\"ambiance huub\" \/><!--\/themify_builder_static--><\/p>","protected":false},"excerpt":{"rendered":"<p>A camisola t\u00e9rmica de manga comprida Eternal ser\u00e1 uma das suas favoritas. Inclui tecidos de alta qualidade que absorvem a humidade e foi concebida para satisfazer as suas necessidades, quer esteja a pedalar, a deslocar-se ou a correr.<\/p>","protected":false},"featured_media":29530,"comment_status":"open","ping_status":"closed","template":"","meta":[],"product_brand":[286],"product_cat":[37,141,38],"product_tag":[],"class_list":{"0":"post-29462","1":"product","2":"type-product","3":"status-publish","4":"has-post-thumbnail","6":"product_brand-huub","7":"product_cat-cyclisme","8":"product_cat-outlet","9":"product_cat-vestes-et-coupe-vent","10":"zank_product_brands-huub","11":"nt-post-class","12":"","18":"first","19":"instock","20":"sale","21":"taxable","22":"shipping-taxable","23":"purchasable","24":"product-type-variable"},"_links":{"self":[{"href":"https:\/\/www.infinitri.be\/pt\/wp-json\/wp\/v2\/product\/29462","targetHints":{"allow":["GET"]}}],"collection":[{"href":"https:\/\/www.infinitri.be\/pt\/wp-json\/wp\/v2\/product"}],"about":[{"href":"https:\/\/www.infinitri.be\/pt\/wp-json\/wp\/v2\/types\/product"}],"replies":[{"embeddable":true,"href":"https:\/\/www.infinitri.be\/pt\/wp-json\/wp\/v2\/comments?post=29462"}],"wp:featuredmedia":[{"embeddable":true,"href":"https:\/\/www.infinitri.be\/pt\/wp-json\/wp\/v2\/media\/29530"}],"wp:attachment":[{"href":"https:\/\/www.infinitri.be\/pt\/wp-json\/wp\/v2\/media?parent=29462"}],"wp:term":[{"taxonomy":"product_brand","embeddable":true,"href":"https:\/\/www.infinitri.be\/pt\/wp-json\/wp\/v2\/product_brand?post=29462"},{"taxonomy":"product_cat","embeddable":true,"href":"https:\/\/www.infinitri.be\/pt\/wp-json\/wp\/v2\/product_cat?post=29462"},{"taxonomy":"product_tag","embeddable":true,"href":"https:\/\/www.infinitri.be\/pt\/wp-json\/wp\/v2\/product_tag?post=29462"}],"curies":[{"name":"wp","href":"https:\/\/api.w.org\/{rel}","templated":true}]}}