{"id":29564,"date":"2025-12-25T17:22:04","date_gmt":"2025-12-25T17:22:04","guid":{"rendered":"https:\/\/www.infinitri.be\/?post_type=product&#038;p=29564"},"modified":"2026-04-04T18:45:14","modified_gmt":"2026-04-04T17:45:14","slug":"huub-lacets-transition-noir","status":"publish","type":"product","link":"https:\/\/www.infinitri.be\/pt\/produto\/huub-lacets-transition-noir\/","title":{"rendered":"Huub - Atacadores de transi\u00e7\u00e3o pretos"},"content":{"rendered":"<h4 class=\"key-features\">DESCRI\u00c7\u00c3O<\/h4>\n<div class=\"app-translate-text__content color-text--apple custom-scroll-bar app-translate-text__content_font-size_14\" dir=\"ltr\">LACETS NOIRS HUUB<\/div>\n<div class=\"app-translate-text__content color-text--apple custom-scroll-bar app-translate-text__content_font-size_14\" dir=\"ltr\"><\/div>\n<div class=\"app-translate-text__content color-text--apple custom-scroll-bar app-translate-text__content_font-size_14\" dir=\"ltr\">Sabemos que, num triatlo, cada segundo conta. A \u00faltima coisa que quer fazer na T2 \u00e9 perder tempo com os atacadores. Estes HUUB Elastic Lace Locks v\u00e3o permitir-lhe poupar segundos vitais na transi\u00e7\u00e3o e lev\u00e1-lo mais rapidamente para a corrida.<\/div>\n<div class=\"app-translate-text__content color-text--apple custom-scroll-bar app-translate-text__content_font-size_14\" dir=\"ltr\"><\/div>\n<div class=\"app-translate-text__content color-text--apple custom-scroll-bar app-translate-text__content_font-size_14\" dir=\"ltr\"><\/div>\n<div class=\"app-translate-text__content color-text--apple custom-scroll-bar app-translate-text__content_font-size_14\" dir=\"ltr\">Caracter\u00edsticas dos atacadores pretos HUUB:<\/div>\n<div class=\"app-translate-text__content color-text--apple custom-scroll-bar app-translate-text__content_font-size_14\" dir=\"ltr\"><\/div>\n<div class=\"app-translate-text__content color-text--apple custom-scroll-bar app-translate-text__content_font-size_14\" dir=\"ltr\"><\/div>\n<div class=\"app-translate-text__content color-text--apple custom-scroll-bar app-translate-text__content_font-size_14\" dir=\"ltr\">\u2013 F\u00e1cil instala\u00e7\u00e3o<\/div>\n<div class=\"app-translate-text__content color-text--apple custom-scroll-bar app-translate-text__content_font-size_14\" dir=\"ltr\">\u2013 Tamanho \u00fanico para todos (jovens e adultos)<\/div>\n<div class=\"app-translate-text__content color-text--apple custom-scroll-bar app-translate-text__content_font-size_14\" dir=\"ltr\">\u2013 Ideal para uso ocasional, treino ou corrida<\/div>\n<div class=\"app-translate-text__content color-text--apple custom-scroll-bar app-translate-text__content_font-size_14\" dir=\"ltr\">\u2013 Os nossos atacadores el\u00e1sticos adaptam-se ao seu p\u00e9 para um ajuste personalizado<\/div>","protected":false},"excerpt":{"rendered":"<p>Atacadores ideais para as suas transi\u00e7\u00f5es r\u00e1pidas<\/p>","protected":false},"featured_media":29591,"comment_status":"open","ping_status":"closed","template":"","meta":[],"product_brand":[286],"product_cat":[40,139,16,59],"product_tag":[],"class_list":{"0":"post-29564","1":"product","2":"type-product","3":"status-publish","4":"has-post-thumbnail","6":"product_brand-huub","7":"product_cat-accessoires","8":"product_cat-accessoires-running","9":"product_cat-course","10":"product_cat-triathlon","11":"zank_product_brands-huub","12":"nt-post-class","13":"","19":"first","20":"instock","21":"taxable","22":"shipping-taxable","23":"purchasable","24":"product-type-simple"},"_links":{"self":[{"href":"https:\/\/www.infinitri.be\/pt\/wp-json\/wp\/v2\/product\/29564","targetHints":{"allow":["GET"]}}],"collection":[{"href":"https:\/\/www.infinitri.be\/pt\/wp-json\/wp\/v2\/product"}],"about":[{"href":"https:\/\/www.infinitri.be\/pt\/wp-json\/wp\/v2\/types\/product"}],"replies":[{"embeddable":true,"href":"https:\/\/www.infinitri.be\/pt\/wp-json\/wp\/v2\/comments?post=29564"}],"wp:featuredmedia":[{"embeddable":true,"href":"https:\/\/www.infinitri.be\/pt\/wp-json\/wp\/v2\/media\/29591"}],"wp:attachment":[{"href":"https:\/\/www.infinitri.be\/pt\/wp-json\/wp\/v2\/media?parent=29564"}],"wp:term":[{"taxonomy":"product_brand","embeddable":true,"href":"https:\/\/www.infinitri.be\/pt\/wp-json\/wp\/v2\/product_brand?post=29564"},{"taxonomy":"product_cat","embeddable":true,"href":"https:\/\/www.infinitri.be\/pt\/wp-json\/wp\/v2\/product_cat?post=29564"},{"taxonomy":"product_tag","embeddable":true,"href":"https:\/\/www.infinitri.be\/pt\/wp-json\/wp\/v2\/product_tag?post=29564"}],"curies":[{"name":"wp","href":"https:\/\/api.w.org\/{rel}","templated":true}]}}