{"id":30322,"date":"2025-12-26T14:23:22","date_gmt":"2025-12-26T14:23:22","guid":{"rendered":"https:\/\/www.infinitri.be\/?post_type=product&#038;p=30322"},"modified":"2026-04-04T18:47:30","modified_gmt":"2026-04-04T17:47:30","slug":"compressport-6p-trucker-cap-indigo","status":"publish","type":"product","link":"https:\/\/www.infinitri.be\/pt\/produto\/compressport-6p-trucker-cap-indigo\/","title":{"rendered":"Bon\u00e9 Trucker Compressport-6P Indigo"},"content":{"rendered":"<p>Adote um estilo cl\u00e1ssico com um toque de modernidade ao usar o novo bon\u00e9 Trucker 6P Cap. Inspirado no bon\u00e9 de beisebol, este acess\u00f3rio moderno combina funcionalidade com um visual desportivo e descontra\u00eddo. A grande pala curva protege os seus olhos do sol e mant\u00e9m os cabelos rebeldes no lugar, enquanto o painel traseiro \u00e9 feito de malha ripstop resistente para uma respirabilidade ideal e um estilo original. Os pain\u00e9is laterais s\u00e3o em tecido resistente para dar ao bon\u00e9 uma estrutura s\u00f3lida e intemporal. Na frente, um emblema retangular arrojado exibe o log\u00f3tipo Racing da Compressport. O bon\u00e9 \u00e9 facilmente ajust\u00e1vel gra\u00e7as ao fecho tradicional \u00absnapback\u00bb. Quer v\u00e1 para a reuni\u00e3o pr\u00e9-corrida, para a festa p\u00f3s-corrida ou simplesmente para a cidade, o bon\u00e9 Trucker 6P ser\u00e1 o complemento perfeito para o seu equipamento Compressport.<\/p>","protected":false},"excerpt":{"rendered":"<p>Bon\u00e9 moderno em lona com pala curva.<\/p>","protected":false},"featured_media":30362,"comment_status":"open","ping_status":"closed","template":"","meta":[],"product_brand":[329],"product_cat":[40,156,16,59],"product_tag":[],"class_list":{"0":"post-30322","1":"product","2":"type-product","3":"status-publish","4":"has-post-thumbnail","6":"product_brand-compressport","7":"product_cat-accessoires","8":"product_cat-casquettes-visieres-headband","9":"product_cat-course","10":"product_cat-triathlon","11":"zank_product_brands-compressport","12":"nt-post-class","13":"","19":"first","20":"instock","21":"taxable","22":"shipping-taxable","23":"purchasable","24":"product-type-simple"},"_links":{"self":[{"href":"https:\/\/www.infinitri.be\/pt\/wp-json\/wp\/v2\/product\/30322","targetHints":{"allow":["GET"]}}],"collection":[{"href":"https:\/\/www.infinitri.be\/pt\/wp-json\/wp\/v2\/product"}],"about":[{"href":"https:\/\/www.infinitri.be\/pt\/wp-json\/wp\/v2\/types\/product"}],"replies":[{"embeddable":true,"href":"https:\/\/www.infinitri.be\/pt\/wp-json\/wp\/v2\/comments?post=30322"}],"wp:featuredmedia":[{"embeddable":true,"href":"https:\/\/www.infinitri.be\/pt\/wp-json\/wp\/v2\/media\/30362"}],"wp:attachment":[{"href":"https:\/\/www.infinitri.be\/pt\/wp-json\/wp\/v2\/media?parent=30322"}],"wp:term":[{"taxonomy":"product_brand","embeddable":true,"href":"https:\/\/www.infinitri.be\/pt\/wp-json\/wp\/v2\/product_brand?post=30322"},{"taxonomy":"product_cat","embeddable":true,"href":"https:\/\/www.infinitri.be\/pt\/wp-json\/wp\/v2\/product_cat?post=30322"},{"taxonomy":"product_tag","embeddable":true,"href":"https:\/\/www.infinitri.be\/pt\/wp-json\/wp\/v2\/product_tag?post=30322"}],"curies":[{"name":"wp","href":"https:\/\/api.w.org\/{rel}","templated":true}]}}