{"id":30466,"date":"2025-12-26T14:26:57","date_gmt":"2025-12-26T14:26:57","guid":{"rendered":"https:\/\/www.infinitri.be\/?post_type=product&#038;p=30466"},"modified":"2026-04-04T18:44:16","modified_gmt":"2026-04-04T17:44:16","slug":"arena-fastpack-3-0-aqua","status":"publish","type":"product","link":"https:\/\/www.infinitri.be\/pt\/produto\/arena-fastpack-3-0-aqua\/","title":{"rendered":"Arena - Fastpack 3.0 Aqua"},"content":{"rendered":"","protected":false},"excerpt":{"rendered":"<p>Uma companheira pr\u00e1tica e elegante para as suas actividades desportivas! Super trendy e pr\u00e1tica, a mochila arena Fastpack3.0 foi concebida para nadadores, triatletas e desportistas. O seu grande compartimento traseiro oferece uma ampla capacidade de arruma\u00e7\u00e3o, mesmo para grandes equipamentos de treino, como pranchas. O compartimento inferior espa\u00e7oso \u00e9 ideal para guardar a roupa molhada e pode conter dois pares de sapatos. A mochila pode ser suspensa pelo mosquet\u00e3o e tamb\u00e9m pode ser utilizada como um arm\u00e1rio. Inclui um saco imperme\u00e1vel separado para a roupa molhada. O painel traseiro refor\u00e7ado e respir\u00e1vel e as al\u00e7as ergon\u00f3micas com sistema de arn\u00eas peitoral proporcionam um excelente conforto, mesmo quando a mochila est\u00e1 completamente cheia. O fundo refor\u00e7ado protege os seus pertences do ch\u00e3o molhado. Dimens\u00f5es: 54x36x 27cm, 40L<\/p>","protected":false},"featured_media":30497,"comment_status":"open","ping_status":"closed","template":"","meta":[],"product_brand":[326],"product_cat":[40,41,58],"product_tag":[],"class_list":{"0":"post-30466","1":"product","2":"type-product","3":"status-publish","4":"has-post-thumbnail","6":"product_brand-arena","7":"product_cat-accessoires","8":"product_cat-natation","9":"product_cat-sacs","10":"zank_product_brands-arena","11":"nt-post-class","12":"","18":"first","19":"instock","20":"taxable","21":"shipping-taxable","22":"purchasable","23":"product-type-simple"},"_links":{"self":[{"href":"https:\/\/www.infinitri.be\/pt\/wp-json\/wp\/v2\/product\/30466","targetHints":{"allow":["GET"]}}],"collection":[{"href":"https:\/\/www.infinitri.be\/pt\/wp-json\/wp\/v2\/product"}],"about":[{"href":"https:\/\/www.infinitri.be\/pt\/wp-json\/wp\/v2\/types\/product"}],"replies":[{"embeddable":true,"href":"https:\/\/www.infinitri.be\/pt\/wp-json\/wp\/v2\/comments?post=30466"}],"wp:featuredmedia":[{"embeddable":true,"href":"https:\/\/www.infinitri.be\/pt\/wp-json\/wp\/v2\/media\/30497"}],"wp:attachment":[{"href":"https:\/\/www.infinitri.be\/pt\/wp-json\/wp\/v2\/media?parent=30466"}],"wp:term":[{"taxonomy":"product_brand","embeddable":true,"href":"https:\/\/www.infinitri.be\/pt\/wp-json\/wp\/v2\/product_brand?post=30466"},{"taxonomy":"product_cat","embeddable":true,"href":"https:\/\/www.infinitri.be\/pt\/wp-json\/wp\/v2\/product_cat?post=30466"},{"taxonomy":"product_tag","embeddable":true,"href":"https:\/\/www.infinitri.be\/pt\/wp-json\/wp\/v2\/product_tag?post=30466"}],"curies":[{"name":"wp","href":"https:\/\/api.w.org\/{rel}","templated":true}]}}