{"id":30747,"date":"2025-12-26T14:37:13","date_gmt":"2025-12-26T14:37:13","guid":{"rendered":"https:\/\/www.infinitri.be\/?post_type=product&#038;p=30747"},"modified":"2026-04-04T17:34:59","modified_gmt":"2026-04-04T16:34:59","slug":"huub-bidon-750ml-black","status":"publish","type":"product","link":"https:\/\/www.infinitri.be\/pt\/produto\/huub-bidon-750ml-black\/","title":{"rendered":"Huub - garrafa preta de 750 ml"},"content":{"rendered":"","protected":false},"excerpt":{"rendered":"<div id=\"main-body\" class=\"slideout-panel\">\n<div id=\"main\" role=\"main\">\n<div class=\"container\">\n<div id=\"shopify-section-product-template\" class=\"shopify-section\">\n<div class=\"container\">\n<div id=\"product-box\" class=\"row\" data-section-id=\"product-template\">\n<div class=\"col-md-4\">\n<section class=\"entry-content product-description-main-wrapper\">\n<div class=\"reviews-click\">DESCRI\u00c7\u00c3O<\/div>\n<div class=\"product-description-wrapper above\">\n<p>Bouteille d&#8217;eau de haute qualit\u00e9 de 750 ml, anti-fuite et anti-d\u00e9bordement, qui vous permettra de vous hydrater, quel que soit votre sport.<\/p>\n<p>Large valve \u00e0 mordre, \u00e0 d\u00e9bit rapide et sans fuite.<br \/>\nFen\u00eatre visible sur toute la longueur.<br \/>\nS&#8217;adapte \u00e0 tous les porte-bouteilles standard.<br \/>\nLavable au lave-vaisselle.<br \/>\nGrande ouverture, pour un remplissage et un nettoyage faciles.<br \/>\nForme ergonomique pour une prise en main plus facile.<\/p>\n<\/div>\n<p><i class=\"fas fa-chevron-up\"><\/i><\/section>\n<\/div>\n<\/div>\n<\/div>\n<\/div>\n<\/div>\n<\/div>\n<\/div>\n<div class=\"smile-shopify-init\" data-channel-key=\"channel_4Wa1jAhC1QlFXayhNn6B0KNd\"><\/div>\n<div id=\"WebPixelsManagerSandboxContainer\"><\/div>\n<div class=\"page-alert\"><\/div>\n<div class=\"hiddendiv common\"><\/div>","protected":false},"featured_media":30761,"comment_status":"open","ping_status":"closed","template":"","meta":[],"product_brand":[286],"product_cat":[40,140,37,59],"product_tag":[205,206],"class_list":{"0":"post-30747","1":"product","2":"type-product","3":"status-publish","4":"has-post-thumbnail","6":"product_brand-huub","7":"product_cat-accessoires","8":"product_cat-accessoires-cyclisme","9":"product_cat-cyclisme","10":"product_cat-triathlon","11":"product_tag-accessoire","12":"product_tag-huub","13":"zank_product_brands-huub","14":"nt-post-class","15":"","21":"first","22":"instock","23":"taxable","24":"shipping-taxable","25":"purchasable","26":"product-type-simple"},"_links":{"self":[{"href":"https:\/\/www.infinitri.be\/pt\/wp-json\/wp\/v2\/product\/30747","targetHints":{"allow":["GET"]}}],"collection":[{"href":"https:\/\/www.infinitri.be\/pt\/wp-json\/wp\/v2\/product"}],"about":[{"href":"https:\/\/www.infinitri.be\/pt\/wp-json\/wp\/v2\/types\/product"}],"replies":[{"embeddable":true,"href":"https:\/\/www.infinitri.be\/pt\/wp-json\/wp\/v2\/comments?post=30747"}],"wp:featuredmedia":[{"embeddable":true,"href":"https:\/\/www.infinitri.be\/pt\/wp-json\/wp\/v2\/media\/30761"}],"wp:attachment":[{"href":"https:\/\/www.infinitri.be\/pt\/wp-json\/wp\/v2\/media?parent=30747"}],"wp:term":[{"taxonomy":"product_brand","embeddable":true,"href":"https:\/\/www.infinitri.be\/pt\/wp-json\/wp\/v2\/product_brand?post=30747"},{"taxonomy":"product_cat","embeddable":true,"href":"https:\/\/www.infinitri.be\/pt\/wp-json\/wp\/v2\/product_cat?post=30747"},{"taxonomy":"product_tag","embeddable":true,"href":"https:\/\/www.infinitri.be\/pt\/wp-json\/wp\/v2\/product_tag?post=30747"}],"curies":[{"name":"wp","href":"https:\/\/api.w.org\/{rel}","templated":true}]}}