{"id":30930,"date":"2025-12-26T14:52:29","date_gmt":"2025-12-26T14:52:29","guid":{"rendered":"https:\/\/www.infinitri.be\/?post_type=product&#038;p=30930"},"modified":"2026-04-12T10:49:15","modified_gmt":"2026-04-12T09:49:15","slug":"arena-homme-overview-swim-jammer-black-white-multi","status":"publish","type":"product","link":"https:\/\/www.infinitri.be\/pt\/produto\/arena-homme-overview-swim-jammer-black-white-multi\/","title":{"rendered":"Arena - Vis\u00e3o geral do colete de nata\u00e7\u00e3o para homem preto-branco-multi"},"content":{"rendered":"<p>Tecido<br \/>\nResistente a 100% de cloro, o MaxLife Eco \u00e9 o nosso novo tecido para fatos de banho de origem respons\u00e1vel para um desempenho sustent\u00e1vel. Fabricado com pelo menos 50 % de poli\u00e9ster reciclado, este material inovador adapta-se bem e mant\u00e9m a sua forma ao longo do tempo. Tem prote\u00e7\u00e3o UV 50+ e seca rapidamente.<\/p>\n<p>Conce\u00e7\u00e3o + montagem<br \/>\nAs nossas leggings s\u00e3o concebidas para nadar sem arrastamento. Este fato de mergulho tem 45 cm de comprimento e vai do meio da cintura at\u00e9 um pouco acima do joelho. Possui um forro frontal para maior conforto e um cord\u00e3o interior.<\/p>","protected":false},"excerpt":{"rendered":"<p>Material: MaxLife Eco<br \/>\nTipo de produto: Jammer<br \/>\nIntensidade do treino: 3 ou mais vezes por semana<br \/>\nMaterial do forro: Forro frontal<br \/>\nComposi\u00e7\u00e3o do material 100% Poli\u00e9ster<\/p>","protected":false},"featured_media":30960,"comment_status":"open","ping_status":"closed","template":"","meta":[],"product_brand":[326],"product_cat":[86,41],"product_tag":[],"class_list":{"0":"post-30930","1":"product","2":"type-product","3":"status-publish","4":"has-post-thumbnail","6":"product_brand-arena","7":"product_cat-maillots","8":"product_cat-natation","9":"zank_product_brands-arena","10":"nt-post-class","11":"","17":"first","18":"instock","19":"sale","20":"taxable","21":"shipping-taxable","22":"purchasable","23":"product-type-variable"},"_links":{"self":[{"href":"https:\/\/www.infinitri.be\/pt\/wp-json\/wp\/v2\/product\/30930","targetHints":{"allow":["GET"]}}],"collection":[{"href":"https:\/\/www.infinitri.be\/pt\/wp-json\/wp\/v2\/product"}],"about":[{"href":"https:\/\/www.infinitri.be\/pt\/wp-json\/wp\/v2\/types\/product"}],"replies":[{"embeddable":true,"href":"https:\/\/www.infinitri.be\/pt\/wp-json\/wp\/v2\/comments?post=30930"}],"wp:featuredmedia":[{"embeddable":true,"href":"https:\/\/www.infinitri.be\/pt\/wp-json\/wp\/v2\/media\/30960"}],"wp:attachment":[{"href":"https:\/\/www.infinitri.be\/pt\/wp-json\/wp\/v2\/media?parent=30930"}],"wp:term":[{"taxonomy":"product_brand","embeddable":true,"href":"https:\/\/www.infinitri.be\/pt\/wp-json\/wp\/v2\/product_brand?post=30930"},{"taxonomy":"product_cat","embeddable":true,"href":"https:\/\/www.infinitri.be\/pt\/wp-json\/wp\/v2\/product_cat?post=30930"},{"taxonomy":"product_tag","embeddable":true,"href":"https:\/\/www.infinitri.be\/pt\/wp-json\/wp\/v2\/product_tag?post=30930"}],"curies":[{"name":"wp","href":"https:\/\/api.w.org\/{rel}","templated":true}]}}