{"id":30982,"date":"2025-12-26T14:54:09","date_gmt":"2025-12-26T14:54:09","guid":{"rendered":"https:\/\/www.infinitri.be\/?post_type=product&#038;p=30982"},"modified":"2026-04-04T18:43:12","modified_gmt":"2026-04-04T17:43:12","slug":"arena-team-cabin-trolley-grey-melange","status":"publish","type":"product","link":"https:\/\/www.infinitri.be\/pt\/produto\/arena-team-cabin-trolley-grey-melange\/","title":{"rendered":"Arena - Trolley de cabina de equipa Melange cinzento"},"content":{"rendered":"","protected":false},"excerpt":{"rendered":"<p>Durable et elegant, le sac \u00e0 roulettes arena Team Cabin est ideal pour les voyages de courte duree. Ses dimensions de bagage \u00e0 main en font un compagnon ideal pour les voyages en avion. Avec syst\u00e8me \u00e0 4roulettes confortable. Ce sac \u00e0 roulettes avec poignee telescopique dispose de deuxcompartiments interieurs spacieux zippes. Une poche avant zippee supplementaire permet d\u2019acceder facilement \u00e0 vos passeport, documents, cles ou tout autre effet personnel. Dimensions: 55x35x 22cm, 40\/45L<\/p>","protected":false},"featured_media":31018,"comment_status":"open","ping_status":"closed","template":"","meta":[],"product_brand":[326],"product_cat":[40,41,58,59],"product_tag":[],"class_list":{"0":"post-30982","1":"product","2":"type-product","3":"status-publish","4":"has-post-thumbnail","6":"product_brand-arena","7":"product_cat-accessoires","8":"product_cat-natation","9":"product_cat-sacs","10":"product_cat-triathlon","11":"zank_product_brands-arena","12":"nt-post-class","13":"","19":"first","20":"instock","21":"sale","22":"taxable","23":"shipping-taxable","24":"purchasable","25":"product-type-simple"},"_links":{"self":[{"href":"https:\/\/www.infinitri.be\/pt\/wp-json\/wp\/v2\/product\/30982","targetHints":{"allow":["GET"]}}],"collection":[{"href":"https:\/\/www.infinitri.be\/pt\/wp-json\/wp\/v2\/product"}],"about":[{"href":"https:\/\/www.infinitri.be\/pt\/wp-json\/wp\/v2\/types\/product"}],"replies":[{"embeddable":true,"href":"https:\/\/www.infinitri.be\/pt\/wp-json\/wp\/v2\/comments?post=30982"}],"wp:featuredmedia":[{"embeddable":true,"href":"https:\/\/www.infinitri.be\/pt\/wp-json\/wp\/v2\/media\/31018"}],"wp:attachment":[{"href":"https:\/\/www.infinitri.be\/pt\/wp-json\/wp\/v2\/media?parent=30982"}],"wp:term":[{"taxonomy":"product_brand","embeddable":true,"href":"https:\/\/www.infinitri.be\/pt\/wp-json\/wp\/v2\/product_brand?post=30982"},{"taxonomy":"product_cat","embeddable":true,"href":"https:\/\/www.infinitri.be\/pt\/wp-json\/wp\/v2\/product_cat?post=30982"},{"taxonomy":"product_tag","embeddable":true,"href":"https:\/\/www.infinitri.be\/pt\/wp-json\/wp\/v2\/product_tag?post=30982"}],"curies":[{"name":"wp","href":"https:\/\/api.w.org\/{rel}","templated":true}]}}