{"id":30992,"date":"2025-12-26T14:54:36","date_gmt":"2025-12-26T14:54:36","guid":{"rendered":"https:\/\/www.infinitri.be\/?post_type=product&#038;p=30992"},"modified":"2026-04-20T15:49:05","modified_gmt":"2026-04-20T14:49:05","slug":"arena-bonnet-south-africa","status":"publish","type":"product","link":"https:\/\/www.infinitri.be\/pt\/produto\/arena-bonnet-south-africa\/","title":{"rendered":"Arena - Chap\u00e9u da \u00c1frica do Sul"},"content":{"rendered":"","protected":false},"excerpt":{"rendered":"<p>O confort\u00e1vel bon\u00e9 unissexo arena Print \u00e9 perfeito para todas as formas de cabe\u00e7a. O bon\u00e9 protege o cabelo do cloro e reduz o arrastamento. A aba refor\u00e7ada evita que o bon\u00e9 se levante. O material de silicone especial com um toque de pele de p\u00eassego garante uma maior estabilidade e apoio.<\/p>","protected":false},"featured_media":31028,"comment_status":"open","ping_status":"closed","template":"","meta":[],"product_brand":[326],"product_cat":[40,43,41],"product_tag":[],"class_list":{"0":"post-30992","1":"product","2":"type-product","3":"status-publish","4":"has-post-thumbnail","6":"product_brand-arena","7":"product_cat-accessoires","8":"product_cat-bonnet","9":"product_cat-natation","10":"zank_product_brands-arena","11":"nt-post-class","12":"","18":"first","19":"instock","20":"sale","21":"taxable","22":"shipping-taxable","23":"purchasable","24":"product-type-simple"},"_links":{"self":[{"href":"https:\/\/www.infinitri.be\/pt\/wp-json\/wp\/v2\/product\/30992","targetHints":{"allow":["GET"]}}],"collection":[{"href":"https:\/\/www.infinitri.be\/pt\/wp-json\/wp\/v2\/product"}],"about":[{"href":"https:\/\/www.infinitri.be\/pt\/wp-json\/wp\/v2\/types\/product"}],"replies":[{"embeddable":true,"href":"https:\/\/www.infinitri.be\/pt\/wp-json\/wp\/v2\/comments?post=30992"}],"wp:featuredmedia":[{"embeddable":true,"href":"https:\/\/www.infinitri.be\/pt\/wp-json\/wp\/v2\/media\/31028"}],"wp:attachment":[{"href":"https:\/\/www.infinitri.be\/pt\/wp-json\/wp\/v2\/media?parent=30992"}],"wp:term":[{"taxonomy":"product_brand","embeddable":true,"href":"https:\/\/www.infinitri.be\/pt\/wp-json\/wp\/v2\/product_brand?post=30992"},{"taxonomy":"product_cat","embeddable":true,"href":"https:\/\/www.infinitri.be\/pt\/wp-json\/wp\/v2\/product_cat?post=30992"},{"taxonomy":"product_tag","embeddable":true,"href":"https:\/\/www.infinitri.be\/pt\/wp-json\/wp\/v2\/product_tag?post=30992"}],"curies":[{"name":"wp","href":"https:\/\/api.w.org\/{rel}","templated":true}]}}