{"id":31079,"date":"2025-12-26T15:05:41","date_gmt":"2025-12-26T15:05:41","guid":{"rendered":"https:\/\/www.infinitri.be\/?post_type=product&#038;p=31079"},"modified":"2026-04-04T17:34:02","modified_gmt":"2026-04-04T16:34:02","slug":"fusion-s1-running-veste-homme-red","status":"publish","type":"product","link":"https:\/\/www.infinitri.be\/pt\/produto\/fusion-s1-running-veste-homme-red\/","title":{"rendered":"Casaco de corrida Fusion S1 para homem, vermelho"},"content":{"rendered":"<p>La S1 Run Vest pour homme est une veste de course \u00e0 pied pour homme &#8211; ni trop chaude ni trop froide, mais juste assez protectrice pour que vous puissiez ajuster l&#8217;isolation en fonction de la m\u00e9t\u00e9o avec la couche que vous choisissez en dessous.<\/p>\n<p>La veste est dot\u00e9e d&#8217;une face avant coupe-vent et r\u00e9sistante \u00e0 l&#8217;eau et d&#8217;un panneau en mesh dans le dos pour une grande respirabilit\u00e9. L&#8217;int\u00e9rieur du col est doux et \u00e9vacue la transpiration.<\/p>\n<p>Le gilet est dot\u00e9 d&#8217;une solide fermeture \u00e0 glissi\u00e8re avec un dos coupe-vent et d&#8217;une poche frontale zipp\u00e9e avec un dos \u00e9lastique qui s&#8217;adapte au contenu de la poche &#8211; par exemple, un t\u00e9l\u00e9phone et des cartes.<\/p>\n<p>Des bandes r\u00e9fl\u00e9chissantes 3M discr\u00e8tes mais s\u00fbres sur la clavicule et le dos assurent une visibilit\u00e9 \u00e0 360 degr\u00e9s dans l&#8217;obscurit\u00e9.<!--themify_builder_static--><\/p>\n<h1>Especifica\u00e7\u00f5es t\u00e9cnicas<\/h1>\n<ul>\n<li>Tecido que repele o vento e a \u00e1gua, fabricado no Reino Unido.<\/li>\n<li>Utilizar com qualquer produto Fusion de manga comprida para uma prote\u00e7\u00e3o extra em caso de mau tempo.<\/li>\n<li>Detalhes reflectores na frente e atr\u00e1s dos ombros e na parte inferior das costas<\/li>\n<li>Bolso no peito para telem\u00f3vel e chaves<\/li>\n<li>Forro da gola macio e respir\u00e1vel para maior conforto.<\/li>\n<li>Fabricado na Europa na f\u00e1brica FUSION.<\/li>\n<li>Produto certificado STANDARD 100 pela OEKO-TEX\u00ae. Isto significa que todos os componentes, tais como tecidos, linhas, transfers, fechos, el\u00e1sticos, etiquetas, etc., s\u00e3o testados e aprovados em conformidade com a norma e, por conseguinte, n\u00e3o cont\u00eam subst\u00e2ncias nocivas.<\/li>\n<\/ul>\n<p>    <em style=\"color:#000000\"><\/em> <\/p>\n<p>PROTEC\u00c7\u00c3O CONTRA O VENTO \u2605\u2605\u2605\u2605<\/p>\n<p>    <em style=\"color:#000000\"><\/em> <\/p>\n<p>PROTEC\u00c7\u00c3O CONTRA A CHUVA \u2605\u2605\u2605\u2605<\/p>\n<p>    <em style=\"color:#000000\"><\/em> <\/p>\n<p style=\"text-align: center\">LEVEZA \u2605\u2605\u2605\u2605<\/p>\n<p>    <em style=\"color:#000000\"><\/em> <\/p>\n<p>SLIM FIT \u2605\u2605\u2605\u2605<\/p>\n<p>    <em style=\"color:#000000\"><\/em> <\/p>\n<p>N\u00cdVEL DE COMPRESS\u00c3O \u2605<\/p>\n<h1 style=\"text-align: center\">Material \ud83d\udc56<\/h1>\n<p style=\"text-align: left\">Mati\u00e8re : Devant : 100% polyester. Couche ext\u00e9rieure d\u00e9perlante DWR.<\/p>\n<p style=\"text-align: left\">Dos : 77% polyamide, 23% \u00e9lasthanne.<\/p>\n<p style=\"text-align: left\">Utiliza\u00e7\u00e3o de 5\u00b0C a 5\u00b0C<\/p>\n<p><img fetchpriority=\"high\" decoding=\"async\" src=\"https:\/\/infinitri.be\/wp-content\/uploads\/2023\/11\/x0013_gall-d_1-6157181-1024x683-545x545.webp\" width=\"545\" height=\"545\" title=\"x0013_gall-d_1-6157181\" alt=\"x0013_gall-d_1-6157181\" \/><\/p>\n<h1 style=\"text-align: center\">Qual \u00e9 o meu tamanho?\u00a0<\/h1>\n<p><img decoding=\"async\" src=\"https:\/\/infinitri.be\/wp-content\/uploads\/2023\/02\/s2-run-jacket-homme-size.png\" title=\"s2-run-jacket-man-size\" alt=\"s2-run-jacket-homme-size\" \/><br \/>\n<img decoding=\"async\" src=\"https:\/\/infinitri.be\/wp-content\/uploads\/2023\/01\/fusion-logo-expanded.svg\" width=\"545\" height=\"545\" title=\"fus\u00e3o-logotipo-expandido\" alt=\"fusion-logo-expanded\"><!--\/themify_builder_static--><\/p>","protected":false},"excerpt":{"rendered":"<p><strong>Veste de course protectrice et super l\u00e9g\u00e8re<\/strong><\/p>\n<p>\u00b0 A la fois protecteur et respirant<br \/>\n\u00b0 Utilisable toute l&#8217;ann\u00e9e<br \/>\n\u00b0 R\u00e9flecteurs visibles<\/p>","protected":false},"featured_media":31107,"comment_status":"open","ping_status":"closed","template":"","meta":[],"product_brand":[331],"product_cat":[16,29],"product_tag":[],"class_list":{"0":"post-31079","1":"product","2":"type-product","3":"status-publish","4":"has-post-thumbnail","6":"product_brand-fusion","7":"product_cat-course","8":"product_cat-vestes-et-t-shirts","9":"zank_product_brands-fusion","10":"nt-post-class","11":"","17":"first","18":"instock","19":"sale","20":"taxable","21":"shipping-taxable","22":"purchasable","23":"product-type-variable"},"_links":{"self":[{"href":"https:\/\/www.infinitri.be\/pt\/wp-json\/wp\/v2\/product\/31079","targetHints":{"allow":["GET"]}}],"collection":[{"href":"https:\/\/www.infinitri.be\/pt\/wp-json\/wp\/v2\/product"}],"about":[{"href":"https:\/\/www.infinitri.be\/pt\/wp-json\/wp\/v2\/types\/product"}],"replies":[{"embeddable":true,"href":"https:\/\/www.infinitri.be\/pt\/wp-json\/wp\/v2\/comments?post=31079"}],"wp:featuredmedia":[{"embeddable":true,"href":"https:\/\/www.infinitri.be\/pt\/wp-json\/wp\/v2\/media\/31107"}],"wp:attachment":[{"href":"https:\/\/www.infinitri.be\/pt\/wp-json\/wp\/v2\/media?parent=31079"}],"wp:term":[{"taxonomy":"product_brand","embeddable":true,"href":"https:\/\/www.infinitri.be\/pt\/wp-json\/wp\/v2\/product_brand?post=31079"},{"taxonomy":"product_cat","embeddable":true,"href":"https:\/\/www.infinitri.be\/pt\/wp-json\/wp\/v2\/product_cat?post=31079"},{"taxonomy":"product_tag","embeddable":true,"href":"https:\/\/www.infinitri.be\/pt\/wp-json\/wp\/v2\/product_tag?post=31079"}],"curies":[{"name":"wp","href":"https:\/\/api.w.org\/{rel}","templated":true}]}}