{"id":31181,"date":"2025-12-26T15:08:54","date_gmt":"2025-12-26T15:08:54","guid":{"rendered":"https:\/\/www.infinitri.be\/?post_type=product&#038;p=31181"},"modified":"2026-04-04T17:28:46","modified_gmt":"2026-04-04T16:28:46","slug":"arena-m-pooltilesswim-low-waist-short-blue","status":"publish","type":"product","link":"https:\/\/www.infinitri.be\/pt\/produto\/arena-m-pooltilesswim-low-waist-short-blue\/","title":{"rendered":"Arena - M PooltilesSwim Cal\u00e7\u00e3o de cintura baixa azul"},"content":{"rendered":"<p>O tecido MaxLife Eco ultra-resistente ao cloro com prote\u00e7\u00e3o UV UPF 50+ integrada \u00e9 dur\u00e1vel e seca muito rapidamente. Esta nova vers\u00e3o eco-respons\u00e1vel do tecido arenaMaxLife cont\u00e9m pelo menos 50% de poli\u00e9ster reciclado a partir de garrafas de pl\u00e1stico PET. Al\u00e9m disso, prov\u00e9m de um processo de produ\u00e7\u00e3o optimizado para poupar energia, reduzir as emiss\u00f5es de CO2 e minimizar o consumo de \u00e1gua. Inclui um forro \u00e0 frente. Cord\u00e3o interno ajust\u00e1vel para um excelente ajuste.<\/p>\n<p>Tous les composants de ce tissu certifie STANDARD 100 by OEKO-TEX ont ete soumis \u00e0 des contr\u00f4les sur les substances dangereuses afin de garantir un article sans danger pour la sante humaine. Ces contr\u00f4les sont realises dans les instituts de notre partenaire OEKO-TEX independant en fonction d\u2019un ensemble complet de crit\u00e8res d\u2019essai.<\/p>","protected":false},"excerpt":{"rendered":"<p>Le short de bain taille basse tendance, ultra durable et r\u00e9sistant au chlore arena  pour hommes de la ligne Performance d\u2019arena est id\u00e9al pour les nageurs comp\u00e9titeurs et les nageurs r\u00e9guliers, qui nagent souvent en piscine.<br \/>\nMaterial: MaxLife Eco<br \/>\nType de produit:\tShort<br \/>\nIntensit\u00e9 de l&#8217;entra\u00eenement: \t3 fois ou plus par semaine<br \/>\nMat\u00e9riel de doublure\tDoublure avant<br \/>\nComposi\u00e7\u00e3o do material 100% Poli\u00e9ster<\/p>","protected":false},"featured_media":31197,"comment_status":"open","ping_status":"closed","template":"","meta":[],"product_brand":[326],"product_cat":[86,41],"product_tag":[],"class_list":{"0":"post-31181","1":"product","2":"type-product","3":"status-publish","4":"has-post-thumbnail","6":"product_brand-arena","7":"product_cat-maillots","8":"product_cat-natation","9":"zank_product_brands-arena","10":"nt-post-class","11":"","17":"first","18":"instock","19":"sale","20":"taxable","21":"shipping-taxable","22":"purchasable","23":"product-type-variable"},"_links":{"self":[{"href":"https:\/\/www.infinitri.be\/pt\/wp-json\/wp\/v2\/product\/31181","targetHints":{"allow":["GET"]}}],"collection":[{"href":"https:\/\/www.infinitri.be\/pt\/wp-json\/wp\/v2\/product"}],"about":[{"href":"https:\/\/www.infinitri.be\/pt\/wp-json\/wp\/v2\/types\/product"}],"replies":[{"embeddable":true,"href":"https:\/\/www.infinitri.be\/pt\/wp-json\/wp\/v2\/comments?post=31181"}],"wp:featuredmedia":[{"embeddable":true,"href":"https:\/\/www.infinitri.be\/pt\/wp-json\/wp\/v2\/media\/31197"}],"wp:attachment":[{"href":"https:\/\/www.infinitri.be\/pt\/wp-json\/wp\/v2\/media?parent=31181"}],"wp:term":[{"taxonomy":"product_brand","embeddable":true,"href":"https:\/\/www.infinitri.be\/pt\/wp-json\/wp\/v2\/product_brand?post=31181"},{"taxonomy":"product_cat","embeddable":true,"href":"https:\/\/www.infinitri.be\/pt\/wp-json\/wp\/v2\/product_cat?post=31181"},{"taxonomy":"product_tag","embeddable":true,"href":"https:\/\/www.infinitri.be\/pt\/wp-json\/wp\/v2\/product_tag?post=31181"}],"curies":[{"name":"wp","href":"https:\/\/api.w.org\/{rel}","templated":true}]}}