{"id":31213,"date":"2025-12-26T15:10:58","date_gmt":"2025-12-26T15:10:58","guid":{"rendered":"https:\/\/www.infinitri.be\/?post_type=product&#038;p=31213"},"modified":"2026-04-12T09:38:21","modified_gmt":"2026-04-12T08:38:21","slug":"arena-python-mirror","status":"publish","type":"product","link":"https:\/\/www.infinitri.be\/pt\/produto\/arena-python-mirror\/","title":{"rendered":"Arena \u2013 Espelho Python"},"content":{"rendered":"<p>Confort\u00e1veis e de alta qualidade, os \u00f3culos Arena Python Mirror unissexo s\u00e3o ideais para nadadores de competi\u00e7\u00e3o e proporcionam uma hidrodin\u00e2mica superior. S\u00e3o aprovados pela FINA. As lentes curvas garantem uma excelente vis\u00e3o a toda a volta. S\u00e3o fornecidos com tr\u00eas pontes nasais intercambi\u00e1veis para um ajuste personalizado a diferentes formas de nariz e rosto. A correia dupla \u00e9 f\u00e1cil de ajustar na parte de tr\u00e1s e garante um ajuste est\u00e1vel, mesmo no in\u00edcio e nas curvas. Estes \u00f3culos t\u00eam um tratamento anti-embaciamento, prote\u00e7\u00e3o UV e n\u00e3o cont\u00eam PVC. Este modelo est\u00e1 dispon\u00edvel em v\u00e1rios n\u00edveis de tonalidade: uma tonalidade m\u00e9dia-escura para todas as utiliza\u00e7\u00f5es e uma tonalidade escura para uma prote\u00e7\u00e3o m\u00e1xima contra a luz em ambientes luminosos.<\/p>","protected":false},"excerpt":{"rendered":"<p>Ultra-confort\u00e1veis, os \u00f3culos de competi\u00e7\u00e3o unissexo Arena Python Mirror aprovados pela FINA s\u00e3o ideais para nadadores de competi\u00e7\u00e3o.<br \/>\nFornecido com 3 pontes de nariz intercambi\u00e1veis.<br \/>\nUnissexo<\/p>","protected":false},"featured_media":31244,"comment_status":"open","ping_status":"closed","template":"","meta":[],"product_brand":[326],"product_cat":[40,54,55,41],"product_tag":[],"class_list":{"0":"post-31213","1":"product","2":"type-product","3":"status-publish","4":"has-post-thumbnail","6":"product_brand-arena","7":"product_cat-accessoires","8":"product_cat-lunettes","9":"product_cat-lunettes-natation","10":"product_cat-natation","11":"zank_product_brands-arena","12":"nt-post-class","13":"","19":"first","20":"instock","21":"taxable","22":"shipping-taxable","23":"purchasable","24":"product-type-variable"},"_links":{"self":[{"href":"https:\/\/www.infinitri.be\/pt\/wp-json\/wp\/v2\/product\/31213","targetHints":{"allow":["GET"]}}],"collection":[{"href":"https:\/\/www.infinitri.be\/pt\/wp-json\/wp\/v2\/product"}],"about":[{"href":"https:\/\/www.infinitri.be\/pt\/wp-json\/wp\/v2\/types\/product"}],"replies":[{"embeddable":true,"href":"https:\/\/www.infinitri.be\/pt\/wp-json\/wp\/v2\/comments?post=31213"}],"wp:featuredmedia":[{"embeddable":true,"href":"https:\/\/www.infinitri.be\/pt\/wp-json\/wp\/v2\/media\/31244"}],"wp:attachment":[{"href":"https:\/\/www.infinitri.be\/pt\/wp-json\/wp\/v2\/media?parent=31213"}],"wp:term":[{"taxonomy":"product_brand","embeddable":true,"href":"https:\/\/www.infinitri.be\/pt\/wp-json\/wp\/v2\/product_brand?post=31213"},{"taxonomy":"product_cat","embeddable":true,"href":"https:\/\/www.infinitri.be\/pt\/wp-json\/wp\/v2\/product_cat?post=31213"},{"taxonomy":"product_tag","embeddable":true,"href":"https:\/\/www.infinitri.be\/pt\/wp-json\/wp\/v2\/product_tag?post=31213"}],"curies":[{"name":"wp","href":"https:\/\/api.w.org\/{rel}","templated":true}]}}