{"id":31223,"date":"2025-12-26T15:10:58","date_gmt":"2025-12-26T15:10:58","guid":{"rendered":"https:\/\/www.infinitri.be\/?post_type=product&#038;p=31223"},"modified":"2026-04-04T17:28:38","modified_gmt":"2026-04-04T16:28:38","slug":"arena-powerskin-st-2-0-ltddos-ouvert-fille","status":"publish","type":"product","link":"https:\/\/www.infinitri.be\/pt\/produto\/arena-powerskin-st-2-0-ltddos-ouvert-fille\/","title":{"rendered":"Arena \u2013 Powerskin St 2.0 LTD costas abertas \u2013 Menina"},"content":{"rendered":"<p><!--themify_builder_static--><\/p>\n<h2>CUIDAR COM O\u2019<br \/>Manuten\u00e7\u00e3o<\/h2>\n<p>Para que o seu fato de banho Arena tenha o melhor desempenho poss\u00edvel durante muito tempo, recomendamos que tome as seguintes precau\u00e7\u00f5es:<\/p>\n<ul>\n<li>Enxague imediatamente ap\u00f3s o uso, em \u00e1gua sem cloro.<\/li>\n<li>N\u00e3o deixe o fato de banho molhado dentro de um saco ou outro espa\u00e7o fechado durante muito tempo.<\/li>\n<li>N\u00e3o exponha o fato de banho molhado num saco ou outro recipiente \u00e0 luz solar direta.<\/li>\n<li>Lavar com produtos adequados para roupas delicadas. .<\/li>\n<li>Secar ao ar livre, longe de fontes de calor.<\/li>\n<\/ul>\n<p><!--\/themify_builder_static--><\/p>","protected":false},"excerpt":{"rendered":"<p>Aprovado pela FINA, este fato de competi\u00e7\u00e3o feminino com costas nuas afina o corpo dos ombros aos joelhos. O tecido exterior tem uma elasticidade aumentada e o forro de compress\u00e3o resistente garante total liberdade de movimentos e um apoio muscular direcionado. As costuras planas ergon\u00f3micas estrategicamente posicionadas mant\u00eam a flutuabilidade do corpo na \u00e1gua. A al\u00e7a central refor\u00e7ada com novos materiais melhora o apoio e o conforto dos ombros e da parte superior das costas.<\/p>","protected":false},"featured_media":31261,"comment_status":"open","ping_status":"closed","template":"","meta":[],"product_brand":[326],"product_cat":[60,126,41],"product_tag":[],"class_list":{"0":"post-31223","1":"product","2":"type-product","3":"status-publish","4":"has-post-thumbnail","6":"product_brand-arena","7":"product_cat-fina","8":"product_cat-maillot-competition","9":"product_cat-natation","10":"zank_product_brands-arena","11":"nt-post-class","12":"","18":"first","19":"instock","20":"sale","21":"taxable","22":"shipping-taxable","23":"purchasable","24":"product-type-variable"},"_links":{"self":[{"href":"https:\/\/www.infinitri.be\/pt\/wp-json\/wp\/v2\/product\/31223","targetHints":{"allow":["GET"]}}],"collection":[{"href":"https:\/\/www.infinitri.be\/pt\/wp-json\/wp\/v2\/product"}],"about":[{"href":"https:\/\/www.infinitri.be\/pt\/wp-json\/wp\/v2\/types\/product"}],"replies":[{"embeddable":true,"href":"https:\/\/www.infinitri.be\/pt\/wp-json\/wp\/v2\/comments?post=31223"}],"wp:featuredmedia":[{"embeddable":true,"href":"https:\/\/www.infinitri.be\/pt\/wp-json\/wp\/v2\/media\/31261"}],"wp:attachment":[{"href":"https:\/\/www.infinitri.be\/pt\/wp-json\/wp\/v2\/media?parent=31223"}],"wp:term":[{"taxonomy":"product_brand","embeddable":true,"href":"https:\/\/www.infinitri.be\/pt\/wp-json\/wp\/v2\/product_brand?post=31223"},{"taxonomy":"product_cat","embeddable":true,"href":"https:\/\/www.infinitri.be\/pt\/wp-json\/wp\/v2\/product_cat?post=31223"},{"taxonomy":"product_tag","embeddable":true,"href":"https:\/\/www.infinitri.be\/pt\/wp-json\/wp\/v2\/product_tag?post=31223"}],"curies":[{"name":"wp","href":"https:\/\/api.w.org\/{rel}","templated":true}]}}