{"id":31332,"date":"2025-12-26T15:13:12","date_gmt":"2025-12-26T15:13:12","guid":{"rendered":"https:\/\/www.infinitri.be\/?post_type=product&#038;p=31332"},"modified":"2026-04-05T14:13:32","modified_gmt":"2026-04-05T13:13:32","slug":"location-neoprene-femme","status":"publish","type":"product","link":"https:\/\/www.infinitri.be\/pt\/produto\/location-neoprene-femme\/","title":{"rendered":"Aluguer - Neoprene- Mulher"},"content":{"rendered":"<p>Combina\u00e7\u00e3o de espessuras de neopreno cientificamente estudadas.<br \/>\n1,5 mm de espessura sob os bra\u00e7os - para uma flexibilidade m\u00e1xima.<br \/>\nNeopreno escorregadio - para reduzir o arrastamento \u00e0 superf\u00edcie.<br \/>\nLocaliza\u00e7\u00f5es espec\u00edficas dos pain\u00e9is - para flexibilidade e efici\u00eancia.<br \/>\nCorte r\u00e1pido no tornozelo e punhos em pele lisa - para uma sa\u00edda f\u00e1cil.<br \/>\nConstru\u00e7\u00e3o Flatlock.<\/p>\n<p><!--themify_builder_static--><!--\/themify_builder_static--><\/p>","protected":false},"excerpt":{"rendered":"<p><strong>Recolha e devolu\u00e7\u00e3o apenas na sala de exposi\u00e7\u00f5es\/stand<\/strong><\/p>\n<p>O fato de mergulho para \u00e1guas abertas Alpha Beta da HUUB foi concebido para oferecer uma flexibilidade fant\u00e1stica com a flutuabilidade para proporcionar a posi\u00e7\u00e3o de nata\u00e7\u00e3o mais confort\u00e1vel.<\/p>\n<p>Tarif: 40\u20ac pour une r\u00e9servation faite 2 semaines \u00e0 l&#8217;avance, 50\u20ac moins de 2 semaines avant l&#8217;\u00e9v\u00e8nement.<\/p>\n<p>Assurance annulation pour 7\u20ac.<\/p>\n<p>Combina\u00e7\u00e3o de flutuabilidade 2:3 - para melhorar a posi\u00e7\u00e3o do corpo e reduzir a resist\u00eancia.<\/p>","protected":false},"featured_media":29026,"comment_status":"open","ping_status":"closed","template":"","meta":[],"product_brand":[286],"product_cat":[130,59],"product_tag":[228],"class_list":{"0":"post-31332","1":"product","2":"type-product","3":"status-publish","4":"has-post-thumbnail","6":"product_brand-huub","7":"product_cat-combinaison-neoprene","8":"product_cat-triathlon","9":"product_tag-location-combi","10":"product_shipping_class-retrait-uniquement-en-stand-magasin","11":"zank_product_brands-huub","12":"nt-post-class","13":"","19":"first","20":"instock","21":"taxable","22":"shipping-taxable","23":"purchasable","24":"product-type-variable"},"_links":{"self":[{"href":"https:\/\/www.infinitri.be\/pt\/wp-json\/wp\/v2\/product\/31332","targetHints":{"allow":["GET"]}}],"collection":[{"href":"https:\/\/www.infinitri.be\/pt\/wp-json\/wp\/v2\/product"}],"about":[{"href":"https:\/\/www.infinitri.be\/pt\/wp-json\/wp\/v2\/types\/product"}],"replies":[{"embeddable":true,"href":"https:\/\/www.infinitri.be\/pt\/wp-json\/wp\/v2\/comments?post=31332"}],"wp:featuredmedia":[{"embeddable":true,"href":"https:\/\/www.infinitri.be\/pt\/wp-json\/wp\/v2\/media\/29026"}],"wp:attachment":[{"href":"https:\/\/www.infinitri.be\/pt\/wp-json\/wp\/v2\/media?parent=31332"}],"wp:term":[{"taxonomy":"product_brand","embeddable":true,"href":"https:\/\/www.infinitri.be\/pt\/wp-json\/wp\/v2\/product_brand?post=31332"},{"taxonomy":"product_cat","embeddable":true,"href":"https:\/\/www.infinitri.be\/pt\/wp-json\/wp\/v2\/product_cat?post=31332"},{"taxonomy":"product_tag","embeddable":true,"href":"https:\/\/www.infinitri.be\/pt\/wp-json\/wp\/v2\/product_tag?post=31332"}],"curies":[{"name":"wp","href":"https:\/\/api.w.org\/{rel}","templated":true}]}}