{"id":31908,"date":"2025-12-26T15:19:26","date_gmt":"2025-12-26T15:19:26","guid":{"rendered":"https:\/\/www.infinitri.be\/?post_type=product&#038;p=31908"},"modified":"2026-04-04T17:27:09","modified_gmt":"2026-04-04T16:27:09","slug":"zone3-lunette-vapor-white-silver","status":"publish","type":"product","link":"https:\/\/www.infinitri.be\/pt\/produto\/zone3-lunette-vapor-white-silver\/","title":{"rendered":"Zone3 \u00d3culos Vapor Branco prateado"},"content":{"rendered":"<p>Tu ne sauras pas \u00e0 quel point ces lunettes sont douces et confortables tant que tu ne les auras pas essay\u00e9es. Le silicone ultra-souple combin\u00e9 \u00e0 un excellent ajustement en font des lunettes parfaites pour l&#8217;eau libre ou les entra\u00eenements en piscine. D\u00e9crites par le magazine Triathlete comme &#8220;incroyablement confortables et fonctionnelles avec des joints en silicone super doux et une bonne visibilit\u00e9 gr\u00e2ce aux verres polaris\u00e9s&#8221;.<\/p>\n<p>Les grands verres incurv\u00e9s offrent un excellent champ de vision, ce qui te permet de naviguer de mani\u00e8re cibl\u00e9e dans ta direction et de reconna\u00eetre tous les autres nageurs. Si tu as la malchance d&#8217;\u00eatre touch\u00e9 de plein fouet lors d&#8217;un d\u00e9part en masse, les joints en silicone ultra-souple amortissent le choc tout en minimisant la pression autour des yeux, pour que tu sois \u00e0 l&#8217;aise pendant ces longues p\u00e9riodes de natation.<\/p>\n<p>La protection anti-bu\u00e9e assure une vision cristalline, tandis que les verres polaris\u00e9s minimisent l&#8217;\u00e9blouissement du soleil. La monture en silicone flexible des lunettes et les lani\u00e8res facilement r\u00e9glables permettent de les adapter \u00e0 une grande vari\u00e9t\u00e9 de tailles de t\u00eate et de visage. Disponibles dans une s\u00e9rie de couleurs, dont l&#8217;or m\u00e9tallique, l&#8217;argent, le bleu marine et l&#8217;orange fluo. Ces lunettes sont aussi belles qu&#8217;elles fonctionnent.<\/p>","protected":false},"excerpt":{"rendered":"<p>&#8216;-Joints en silicone ultra-souple pour le confort et la protection<br \/>\n-Verres polaris\u00e9s r\u00e9fl\u00e9chissants r\u00e9duisant l&#8217;\u00e9blouissement sur l&#8217;eau<br \/>\n-Traitement anti-bu\u00e9e et protection UVA\/UVB \u00e0 100%.<br \/>\n-Grands verres incurv\u00e9s pour un champ de vision exceptionnellement large<\/p>","protected":false},"featured_media":32395,"comment_status":"open","ping_status":"closed","template":"","meta":[],"product_brand":[],"product_cat":[54,55,56,59],"product_tag":[238],"class_list":{"0":"post-31908","1":"product","2":"type-product","3":"status-publish","4":"has-post-thumbnail","6":"product_cat-lunettes","7":"product_cat-lunettes-natation","8":"product_cat-lunettes-triathlon","9":"product_cat-triathlon","10":"product_tag-vapor","11":"nt-post-class","12":"","18":"first","19":"instock","20":"sale","21":"taxable","22":"shipping-taxable","23":"purchasable","24":"product-type-variable"},"_links":{"self":[{"href":"https:\/\/www.infinitri.be\/pt\/wp-json\/wp\/v2\/product\/31908","targetHints":{"allow":["GET"]}}],"collection":[{"href":"https:\/\/www.infinitri.be\/pt\/wp-json\/wp\/v2\/product"}],"about":[{"href":"https:\/\/www.infinitri.be\/pt\/wp-json\/wp\/v2\/types\/product"}],"replies":[{"embeddable":true,"href":"https:\/\/www.infinitri.be\/pt\/wp-json\/wp\/v2\/comments?post=31908"}],"wp:featuredmedia":[{"embeddable":true,"href":"https:\/\/www.infinitri.be\/pt\/wp-json\/wp\/v2\/media\/32395"}],"wp:attachment":[{"href":"https:\/\/www.infinitri.be\/pt\/wp-json\/wp\/v2\/media?parent=31908"}],"wp:term":[{"taxonomy":"product_brand","embeddable":true,"href":"https:\/\/www.infinitri.be\/pt\/wp-json\/wp\/v2\/product_brand?post=31908"},{"taxonomy":"product_cat","embeddable":true,"href":"https:\/\/www.infinitri.be\/pt\/wp-json\/wp\/v2\/product_cat?post=31908"},{"taxonomy":"product_tag","embeddable":true,"href":"https:\/\/www.infinitri.be\/pt\/wp-json\/wp\/v2\/product_tag?post=31908"}],"curies":[{"name":"wp","href":"https:\/\/api.w.org\/{rel}","templated":true}]}}