{"id":31909,"date":"2025-12-26T15:19:26","date_gmt":"2025-12-26T15:19:26","guid":{"rendered":"https:\/\/www.infinitri.be\/?post_type=product&#038;p=31909"},"modified":"2026-04-04T18:44:37","modified_gmt":"2026-04-04T17:44:37","slug":"zone3-lunette-venator-x-black-gold","status":"publish","type":"product","link":"https:\/\/www.infinitri.be\/pt\/produto\/zone3-lunette-venator-x-black-gold\/","title":{"rendered":"Zone3 Venator X Luneta em ouro preto"},"content":{"rendered":"<p>Zone3 Lunettes de Natation &#8211; Venator-X &#8211; Polaris\u00e9 &#8211; black\/metallic gold &#8211; polarized revo gold lens<br \/>\nEntra\u00eenement et course en eau libre ou en piscine, les Venator-X se distinguent dans les deux cas. Une structure flexible optimise son ajustement pour une grande vari\u00e9t\u00e9 de formes et de tailles de visage et assure un confort et une performance sans distraction. Avec des verres polaris\u00e9s, on peut toujours compter sur les lunettes de natation Venator-X.<\/p>\n<p>Uma forma exclusiva desenvolvida em colabora\u00e7\u00e3o com o nadador profissional de Ironman Josh Amberger.<\/p>","protected":false},"excerpt":{"rendered":"<p>\u2018As lentes polarizadas e reflectoras reduzem o brilho do sol na \u00e1gua.<br \/>\nAs juntas de silicone super macias minimizam a press\u00e3o \u00e0 volta dos olhos, para que se sinta confort\u00e1vel mesmo em banhos longos.<br \/>\nAs lentes LUCID com revestimento anti-embaciamento garantem uma vis\u00e3o cristalina e evitam que os \u00f3culos embacem durante a nata\u00e7\u00e3o.<br \/>\nAs lentes curvas de \u00e2ngulo amplo da HORIZON proporcionam uma excelente vis\u00e3o, para que possa ver exatamente para onde vai e detetar outros nadadores.<\/p>","protected":false},"featured_media":32438,"comment_status":"open","ping_status":"closed","template":"","meta":[],"product_brand":[],"product_cat":[54,55,56,59],"product_tag":[239],"class_list":{"0":"post-31909","1":"product","2":"type-product","3":"status-publish","4":"has-post-thumbnail","6":"product_cat-lunettes","7":"product_cat-lunettes-natation","8":"product_cat-lunettes-triathlon","9":"product_cat-triathlon","10":"product_tag-venator","11":"nt-post-class","12":"","18":"first","19":"instock","20":"sale","21":"taxable","22":"shipping-taxable","23":"purchasable","24":"product-type-variable"},"_links":{"self":[{"href":"https:\/\/www.infinitri.be\/pt\/wp-json\/wp\/v2\/product\/31909","targetHints":{"allow":["GET"]}}],"collection":[{"href":"https:\/\/www.infinitri.be\/pt\/wp-json\/wp\/v2\/product"}],"about":[{"href":"https:\/\/www.infinitri.be\/pt\/wp-json\/wp\/v2\/types\/product"}],"replies":[{"embeddable":true,"href":"https:\/\/www.infinitri.be\/pt\/wp-json\/wp\/v2\/comments?post=31909"}],"wp:featuredmedia":[{"embeddable":true,"href":"https:\/\/www.infinitri.be\/pt\/wp-json\/wp\/v2\/media\/32438"}],"wp:attachment":[{"href":"https:\/\/www.infinitri.be\/pt\/wp-json\/wp\/v2\/media?parent=31909"}],"wp:term":[{"taxonomy":"product_brand","embeddable":true,"href":"https:\/\/www.infinitri.be\/pt\/wp-json\/wp\/v2\/product_brand?post=31909"},{"taxonomy":"product_cat","embeddable":true,"href":"https:\/\/www.infinitri.be\/pt\/wp-json\/wp\/v2\/product_cat?post=31909"},{"taxonomy":"product_tag","embeddable":true,"href":"https:\/\/www.infinitri.be\/pt\/wp-json\/wp\/v2\/product_tag?post=31909"}],"curies":[{"name":"wp","href":"https:\/\/api.w.org\/{rel}","templated":true}]}}