{"id":31916,"date":"2025-12-26T15:19:26","date_gmt":"2025-12-26T15:19:26","guid":{"rendered":"https:\/\/www.infinitri.be\/?post_type=product&#038;p=31916"},"modified":"2026-04-04T18:43:55","modified_gmt":"2026-04-04T17:43:55","slug":"arena-fastpack-3-0-allover-camo-kikko","status":"publish","type":"product","link":"https:\/\/www.infinitri.be\/pt\/produto\/arena-fastpack-3-0-allover-camo-kikko\/","title":{"rendered":"Arena \u2013 Fastpack 3.0 Allover Camo Kikko"},"content":{"rendered":"","protected":false},"excerpt":{"rendered":"<p>Un compagnon pratique et style pour vous activit\u00e9s sportives! Super tendance et pratique, le sac \u00e0 dos arena Fastpack3.0  est con\u00e7u pour les nageurs, les triathl\u00e8tes et les amateurs de sport. Son grand compartiment arri\u00e8re offre une capacite de rangement suffisante, permettant m\u00eame de loger de grands \u00e9quipements d\u2019entra\u00eenement tels que les planches. Le compartiment de fond spacieux est id\u00e9al pour ranger les v\u00eatements mouilles et peut contenir deux paires de chaussures. Le sac \u00e0 dos peut \u00eatre suspendu \u00e0 l\u2019aide du mousqueton et peut \u00e9galement servir de penderie. Il comprend un sac \u00e9tanche s\u00e9pare pour y placer les v\u00eatements mouilles. L\u2019empi\u00e8cement dos renforce et respirant ainsi que les bretelles ergonomiques dot\u00e9es d\u2019un syst\u00e8me de harnais sur la poitrine offrent un excellent confort m\u00eame lorsque le sac \u00e0 dos est enti\u00e8rement rempli. Le fond renforce prot\u00e8ge vos affaires des sols mouilles. Dimensions: 54x36x 27cm, 40L<\/p>","protected":false},"featured_media":31925,"comment_status":"open","ping_status":"closed","template":"","meta":[],"product_brand":[326],"product_cat":[40,41,58],"product_tag":[],"class_list":{"0":"post-31916","1":"product","2":"type-product","3":"status-publish","4":"has-post-thumbnail","6":"product_brand-arena","7":"product_cat-accessoires","8":"product_cat-natation","9":"product_cat-sacs","10":"zank_product_brands-arena","11":"nt-post-class","12":"","18":"first","19":"instock","20":"sale","21":"taxable","22":"shipping-taxable","23":"purchasable","24":"product-type-simple"},"_links":{"self":[{"href":"https:\/\/www.infinitri.be\/pt\/wp-json\/wp\/v2\/product\/31916","targetHints":{"allow":["GET"]}}],"collection":[{"href":"https:\/\/www.infinitri.be\/pt\/wp-json\/wp\/v2\/product"}],"about":[{"href":"https:\/\/www.infinitri.be\/pt\/wp-json\/wp\/v2\/types\/product"}],"replies":[{"embeddable":true,"href":"https:\/\/www.infinitri.be\/pt\/wp-json\/wp\/v2\/comments?post=31916"}],"wp:featuredmedia":[{"embeddable":true,"href":"https:\/\/www.infinitri.be\/pt\/wp-json\/wp\/v2\/media\/31925"}],"wp:attachment":[{"href":"https:\/\/www.infinitri.be\/pt\/wp-json\/wp\/v2\/media?parent=31916"}],"wp:term":[{"taxonomy":"product_brand","embeddable":true,"href":"https:\/\/www.infinitri.be\/pt\/wp-json\/wp\/v2\/product_brand?post=31916"},{"taxonomy":"product_cat","embeddable":true,"href":"https:\/\/www.infinitri.be\/pt\/wp-json\/wp\/v2\/product_cat?post=31916"},{"taxonomy":"product_tag","embeddable":true,"href":"https:\/\/www.infinitri.be\/pt\/wp-json\/wp\/v2\/product_tag?post=31916"}],"curies":[{"name":"wp","href":"https:\/\/api.w.org\/{rel}","templated":true}]}}