{"id":32364,"date":"2025-12-26T15:21:41","date_gmt":"2025-12-26T15:21:41","guid":{"rendered":"https:\/\/www.infinitri.be\/?post_type=product&#038;p=32364"},"modified":"2026-04-04T18:44:37","modified_gmt":"2026-04-04T17:44:37","slug":"zone3-lunette-venator-x-white-silver","status":"publish","type":"product","link":"https:\/\/www.infinitri.be\/pt\/produto\/zone3-lunette-venator-x-white-silver\/","title":{"rendered":"Zone3 Venator X Luneta prateada branca"},"content":{"rendered":"<p>Zone3 Lunettes de Natation &#8211; Venator-X &#8211; Polaris\u00e9 &#8211; white silver &#8211; polarized revo silver lens<\/p>\n<p>Uma estrutura flex\u00edvel optimiza o seu ajuste a uma grande variedade de formas e tamanhos de rosto, garantindo conforto e um desempenho sem distrac\u00e7\u00f5es. Com lentes polarizadas, pode sempre contar com os \u00f3culos de nata\u00e7\u00e3o Venator-X.<\/p>\n<p>Uma forma exclusiva desenvolvida em colabora\u00e7\u00e3o com o nadador profissional de Ironman Josh Amberger.<\/p>","protected":false},"excerpt":{"rendered":"<p>\u2018As lentes polarizadas e reflectoras reduzem o brilho do sol na \u00e1gua.<br \/>\nAs juntas de silicone super macias minimizam a press\u00e3o \u00e0 volta dos olhos, para que se sinta confort\u00e1vel mesmo em banhos longos.<br \/>\nAs lentes LUCID com revestimento anti-embaciamento garantem uma vis\u00e3o cristalina e evitam que os \u00f3culos embacem durante a nata\u00e7\u00e3o.<br \/>\nAs lentes curvas de \u00e2ngulo amplo da HORIZON proporcionam uma excelente vis\u00e3o, para que possa ver exatamente para onde vai e detetar outros nadadores.<\/p>","protected":false},"featured_media":32470,"comment_status":"open","ping_status":"closed","template":"","meta":[],"product_brand":[],"product_cat":[54,55,56,59],"product_tag":[239],"class_list":{"0":"post-32364","1":"product","2":"type-product","3":"status-publish","4":"has-post-thumbnail","6":"product_cat-lunettes","7":"product_cat-lunettes-natation","8":"product_cat-lunettes-triathlon","9":"product_cat-triathlon","10":"product_tag-venator","11":"nt-post-class","12":"","18":"first","19":"instock","20":"sale","21":"taxable","22":"shipping-taxable","23":"purchasable","24":"product-type-variable"},"_links":{"self":[{"href":"https:\/\/www.infinitri.be\/pt\/wp-json\/wp\/v2\/product\/32364","targetHints":{"allow":["GET"]}}],"collection":[{"href":"https:\/\/www.infinitri.be\/pt\/wp-json\/wp\/v2\/product"}],"about":[{"href":"https:\/\/www.infinitri.be\/pt\/wp-json\/wp\/v2\/types\/product"}],"replies":[{"embeddable":true,"href":"https:\/\/www.infinitri.be\/pt\/wp-json\/wp\/v2\/comments?post=32364"}],"wp:featuredmedia":[{"embeddable":true,"href":"https:\/\/www.infinitri.be\/pt\/wp-json\/wp\/v2\/media\/32470"}],"wp:attachment":[{"href":"https:\/\/www.infinitri.be\/pt\/wp-json\/wp\/v2\/media?parent=32364"}],"wp:term":[{"taxonomy":"product_brand","embeddable":true,"href":"https:\/\/www.infinitri.be\/pt\/wp-json\/wp\/v2\/product_brand?post=32364"},{"taxonomy":"product_cat","embeddable":true,"href":"https:\/\/www.infinitri.be\/pt\/wp-json\/wp\/v2\/product_cat?post=32364"},{"taxonomy":"product_tag","embeddable":true,"href":"https:\/\/www.infinitri.be\/pt\/wp-json\/wp\/v2\/product_tag?post=32364"}],"curies":[{"name":"wp","href":"https:\/\/api.w.org\/{rel}","templated":true}]}}