{"id":33148,"date":"2025-12-26T15:27:08","date_gmt":"2025-12-26T15:27:08","guid":{"rendered":"https:\/\/www.infinitri.be\/?post_type=product&#038;p=33148"},"modified":"2026-04-04T17:34:43","modified_gmt":"2026-04-04T16:34:43","slug":"huub-combinaison-neoprene-huub-tc-performance-35-femme","status":"publish","type":"product","link":"https:\/\/www.infinitri.be\/pt\/produto\/huub-combinaison-neoprene-huub-tc-performance-35-femme\/","title":{"rendered":"Huub - Fato de neoprene Huub TC Performance 3:5 para mulher"},"content":{"rendered":"<p>O fato TC Performance foi concebido para garantir a utiliza\u00e7\u00e3o de pain\u00e9is laminados de cloropreno de alta elasticidade e tecidos de alta elasticidade para dar a reconhecida sensa\u00e7\u00e3o HUUB \u00abNo Suit feel\u2122\u00bb.<br \/>\nO nosso conhecimento profundo da resist\u00eancia hidrodin\u00e2mica permitiu-nos criar os \u00fanicos fatos concebidos para ajudar a levantar as pernas e reduzir a \u00e1rea frontal, tornando-o mais r\u00e1pido.<\/p>\n<p>O fato de treino TC \u00e9 o primeiro a apresentar o nosso \u00abpainel de ajuste\u00bb lateral para garantir um ajuste correto, permitindo uma forte ader\u00eancia \u00e0 superf\u00edcie sem danificar os materiais de espuma de cloropreno. Isto prolonga a vida \u00fatil do seu fato.<\/p>\n<p><strong>Carater\u00edsticas principais\u00a0<\/strong><\/p>\n<ul>\n<li>3:5 flutuabilidade exclusiva para HUUB<\/li>\n<li>Bra\u00e7os Posicionamento Neutral\u2122 dos ombros e dos bra\u00e7os<\/li>\n<li>Cloropreno topo de gama (neopreno isento de petr\u00f3leo)<\/li>\n<li>Pain\u00e9is laterais com painel de ajuste dur\u00e1vel<\/li>\n<\/ul>\n<p>&nbsp;<\/p>","protected":false},"excerpt":{"rendered":"<p>La combinaison TC Performance a \u00e9t\u00e9 con\u00e7ue pour garantir l&#8217;utilisation de panneaux tr\u00e8s extensibles en chloropr\u00e8ne lamin\u00e9 et de tissus tr\u00e8s extensibles pour donner la sensation HUUB reconnue de \u00ab No Suit feel\u2122 \u00bb. Notre compr\u00e9hension approfondie de la tra\u00een\u00e9e hydrodynamique nous a permis de cr\u00e9er les seules combinaisons con\u00e7ues pour aider \u00e0 soulever les&#8230;<\/p>","protected":false},"featured_media":33190,"comment_status":"open","ping_status":"closed","template":"","meta":[],"product_brand":[286],"product_cat":[130,59],"product_tag":[],"class_list":{"0":"post-33148","1":"product","2":"type-product","3":"status-publish","4":"has-post-thumbnail","6":"product_brand-huub","7":"product_cat-combinaison-neoprene","8":"product_cat-triathlon","9":"zank_product_brands-huub","10":"nt-post-class","11":"","14":"excerpt-none","17":"first","18":"instock","19":"sale","20":"taxable","21":"shipping-taxable","22":"purchasable","23":"product-type-variable"},"_links":{"self":[{"href":"https:\/\/www.infinitri.be\/pt\/wp-json\/wp\/v2\/product\/33148","targetHints":{"allow":["GET"]}}],"collection":[{"href":"https:\/\/www.infinitri.be\/pt\/wp-json\/wp\/v2\/product"}],"about":[{"href":"https:\/\/www.infinitri.be\/pt\/wp-json\/wp\/v2\/types\/product"}],"replies":[{"embeddable":true,"href":"https:\/\/www.infinitri.be\/pt\/wp-json\/wp\/v2\/comments?post=33148"}],"wp:featuredmedia":[{"embeddable":true,"href":"https:\/\/www.infinitri.be\/pt\/wp-json\/wp\/v2\/media\/33190"}],"wp:attachment":[{"href":"https:\/\/www.infinitri.be\/pt\/wp-json\/wp\/v2\/media?parent=33148"}],"wp:term":[{"taxonomy":"product_brand","embeddable":true,"href":"https:\/\/www.infinitri.be\/pt\/wp-json\/wp\/v2\/product_brand?post=33148"},{"taxonomy":"product_cat","embeddable":true,"href":"https:\/\/www.infinitri.be\/pt\/wp-json\/wp\/v2\/product_cat?post=33148"},{"taxonomy":"product_tag","embeddable":true,"href":"https:\/\/www.infinitri.be\/pt\/wp-json\/wp\/v2\/product_tag?post=33148"}],"curies":[{"name":"wp","href":"https:\/\/api.w.org\/{rel}","templated":true}]}}