{"id":33181,"date":"2025-12-26T15:29:44","date_gmt":"2025-12-26T15:29:44","guid":{"rendered":"https:\/\/www.infinitri.be\/?post_type=product&#038;p=33181"},"modified":"2026-04-04T18:44:37","modified_gmt":"2026-04-04T17:44:37","slug":"huub-manta-ray-lunette-natation-photochromatic","status":"publish","type":"product","link":"https:\/\/www.infinitri.be\/pt\/produto\/huub-manta-ray-lunette-natation-photochromatic\/","title":{"rendered":"Huub \u2013 \u00d3culos de nata\u00e7\u00e3o Manta Ray \u2013 Fotocrom\u00e1ticos"},"content":{"rendered":"<p>Os \u00f3culos para os nadadores de treino em \u00e1guas abertas e de lazer que procuram prote\u00e7\u00e3o ocular num \u00f3culos extremamente confort\u00e1vel. Maior visibilidade e nitidez gra\u00e7as \u00e0s lentes mais largas.<\/p>\n<p>As juntas exteriores de silicone hipoalerg\u00e9nico proporcionam um ajuste muito fino para vedar completamente o rosto em nados de lazer ou de treino mais r\u00e1pidos. A junta mais larga, que \u00e9 externa \u00e0 lente, garante um ajuste mais confort\u00e1vel com menos press\u00e3o e sem fugas. Facilmente ajust\u00e1vel para se adaptar a todos os rostos e contornos, com tratamento anti-embaciamento para visibilidade durante todo o dia.<\/p>\n<p>Dispon\u00edvel com uma lente fotocrom\u00e1tica para ajuste da tonalidade ao longo do dia, a lente escurece ou clareia \u00e0 medida que a luz muda.<\/p>\n<p>Caracter\u00edsticas:<br \/>\nVedantes de silicone hipoalerg\u00e9nicos<br \/>\nGrande vis\u00e3o perif\u00e9rica<br \/>\nTecnologia de ajuste r\u00e1pido<br \/>\nLentes de policarbonato UVA\/UVB<br \/>\nRevestimento anti-embaciamento<br \/>\nDesign de baixo perfil<\/p>","protected":false},"excerpt":{"rendered":"<p>Os \u00f3culos para os nadadores de treino em \u00e1guas abertas e de lazer que procuram prote\u00e7\u00e3o ocular num \u00f3culos extremamente confort\u00e1vel. Maior visibilidade e nitidez gra\u00e7as \u00e0s lentes mais largas.<\/p>","protected":false},"featured_media":33215,"comment_status":"open","ping_status":"closed","template":"","meta":[],"product_brand":[286],"product_cat":[40,54,56,59],"product_tag":[],"class_list":{"0":"post-33181","1":"product","2":"type-product","3":"status-publish","4":"has-post-thumbnail","6":"product_brand-huub","7":"product_cat-accessoires","8":"product_cat-lunettes","9":"product_cat-lunettes-triathlon","10":"product_cat-triathlon","11":"zank_product_brands-huub","12":"nt-post-class","13":"","19":"first","20":"instock","21":"taxable","22":"shipping-taxable","23":"purchasable","24":"product-type-simple"},"_links":{"self":[{"href":"https:\/\/www.infinitri.be\/pt\/wp-json\/wp\/v2\/product\/33181","targetHints":{"allow":["GET"]}}],"collection":[{"href":"https:\/\/www.infinitri.be\/pt\/wp-json\/wp\/v2\/product"}],"about":[{"href":"https:\/\/www.infinitri.be\/pt\/wp-json\/wp\/v2\/types\/product"}],"replies":[{"embeddable":true,"href":"https:\/\/www.infinitri.be\/pt\/wp-json\/wp\/v2\/comments?post=33181"}],"wp:featuredmedia":[{"embeddable":true,"href":"https:\/\/www.infinitri.be\/pt\/wp-json\/wp\/v2\/media\/33215"}],"wp:attachment":[{"href":"https:\/\/www.infinitri.be\/pt\/wp-json\/wp\/v2\/media?parent=33181"}],"wp:term":[{"taxonomy":"product_brand","embeddable":true,"href":"https:\/\/www.infinitri.be\/pt\/wp-json\/wp\/v2\/product_brand?post=33181"},{"taxonomy":"product_cat","embeddable":true,"href":"https:\/\/www.infinitri.be\/pt\/wp-json\/wp\/v2\/product_cat?post=33181"},{"taxonomy":"product_tag","embeddable":true,"href":"https:\/\/www.infinitri.be\/pt\/wp-json\/wp\/v2\/product_tag?post=33181"}],"curies":[{"name":"wp","href":"https:\/\/api.w.org\/{rel}","templated":true}]}}