{"id":33312,"date":"2025-12-26T15:38:47","date_gmt":"2025-12-26T15:38:47","guid":{"rendered":"https:\/\/www.infinitri.be\/?post_type=product&#038;p=33312"},"modified":"2026-04-04T17:28:30","modified_gmt":"2026-04-04T16:28:30","slug":"arena-escape-swimsuit-challenge-back-black-waterblue","status":"publish","type":"product","link":"https:\/\/www.infinitri.be\/pt\/produto\/arena-escape-swimsuit-challenge-back-black-waterblue\/","title":{"rendered":"Arena - Fato de banho Escape Challenge Back preto azul-\u00e1gua"},"content":{"rendered":"<p>O tecido MaxLife Eco ultra-resistente ao cloro com prote\u00e7\u00e3o UV UPF 50+ integrada \u00e9 dur\u00e1vel e seca muito rapidamente. Esta nova vers\u00e3o eco-respons\u00e1vel do tecido arenaMaxLife cont\u00e9m pelo menos 50% de poli\u00e9ster reciclado a partir de garrafas de pl\u00e1stico PET. Al\u00e9m disso, prov\u00e9m de um processo de produ\u00e7\u00e3o optimizado que poupa energia, reduz as emiss\u00f5es de CO? e minimiza o consumo de \u00e1gua. As costas abertas, as al\u00e7as finas e o corte alto garantem a m\u00e1xima liberdade de movimentos, uma excelente sensa\u00e7\u00e3o na \u00e1gua e uma resist\u00eancia reduzida. Todos os componentes deste tecido certificado STANDARD 100 by OEKO-TEX foram submetidos a controlos de subst\u00e2ncias perigosas para garantir um artigo seguro para a sa\u00fade humana. Estes controlos s\u00e3o efectuados nos institutos do nosso parceiro independente OEKO-TEX, de acordo com um conjunto exaustivo de crit\u00e9rios de teste.<\/p>\n<p><!--themify_builder_static-->    <em><\/em> <\/p>\n<h3> Resistente ao cloro <\/h3>\n<p>Sim<\/p>\n<p>    <em><\/em> <\/p>\n<h3> Material <\/h3>\n<p>\u00a0MaxLife Eco<\/p>\n<p>    <em><\/em> <\/p>\n<h3> Voltar <\/h3>\n<p>Desafio de volta<\/p>\n<p>    <em><\/em> <\/p>\n<h3> Cortar <\/h3>\n<p>Corte elevado<\/p>\n<p>    <em><\/em> <\/p>\n<h3> Revestimento <\/h3>\n<p>Forro frontal<\/p>\n<p>    <em><\/em> <\/p>\n<h3> Intensidade do treino <\/h3>\n<p>Nata\u00e7\u00e3o intensiva<\/p>\n<p><!--\/themify_builder_static--><\/p>","protected":false},"excerpt":{"rendered":"<p>Le maillot de bain tendance, ultra-durable et r\u00e9sistant au chlore arena camo kikko Challenge Back de la ligne Performance d\u2019arena est id\u00e9al pour les nageuses comp\u00e9titrices et les nageuses r\u00e9guli\u00e8res, qui nagent souvent en piscine.<\/p>","protected":false},"featured_media":33330,"comment_status":"open","ping_status":"closed","template":"","meta":[],"product_brand":[326],"product_cat":[86,41],"product_tag":[],"class_list":{"0":"post-33312","1":"product","2":"type-product","3":"status-publish","4":"has-post-thumbnail","6":"product_brand-arena","7":"product_cat-maillots","8":"product_cat-natation","9":"zank_product_brands-arena","10":"nt-post-class","11":"","17":"first","18":"instock","19":"taxable","20":"shipping-taxable","21":"purchasable","22":"product-type-variable"},"_links":{"self":[{"href":"https:\/\/www.infinitri.be\/pt\/wp-json\/wp\/v2\/product\/33312","targetHints":{"allow":["GET"]}}],"collection":[{"href":"https:\/\/www.infinitri.be\/pt\/wp-json\/wp\/v2\/product"}],"about":[{"href":"https:\/\/www.infinitri.be\/pt\/wp-json\/wp\/v2\/types\/product"}],"replies":[{"embeddable":true,"href":"https:\/\/www.infinitri.be\/pt\/wp-json\/wp\/v2\/comments?post=33312"}],"wp:featuredmedia":[{"embeddable":true,"href":"https:\/\/www.infinitri.be\/pt\/wp-json\/wp\/v2\/media\/33330"}],"wp:attachment":[{"href":"https:\/\/www.infinitri.be\/pt\/wp-json\/wp\/v2\/media?parent=33312"}],"wp:term":[{"taxonomy":"product_brand","embeddable":true,"href":"https:\/\/www.infinitri.be\/pt\/wp-json\/wp\/v2\/product_brand?post=33312"},{"taxonomy":"product_cat","embeddable":true,"href":"https:\/\/www.infinitri.be\/pt\/wp-json\/wp\/v2\/product_cat?post=33312"},{"taxonomy":"product_tag","embeddable":true,"href":"https:\/\/www.infinitri.be\/pt\/wp-json\/wp\/v2\/product_tag?post=33312"}],"curies":[{"name":"wp","href":"https:\/\/api.w.org\/{rel}","templated":true}]}}