{"id":33321,"date":"2025-12-26T15:38:47","date_gmt":"2025-12-26T15:38:47","guid":{"rendered":"https:\/\/www.infinitri.be\/?post_type=product&#038;p=33321"},"modified":"2026-04-04T18:43:19","modified_gmt":"2026-04-04T17:43:19","slug":"arena-airspeed-mirror-silver-black","status":"publish","type":"product","link":"https:\/\/www.infinitri.be\/pt\/produto\/arena-airspeed-mirror-silver-black\/","title":{"rendered":"Arena \u2013 Airspeed Mirror prateado preto"},"content":{"rendered":"<p>\u00d3culos com \u00e2ngulo amplo para uma excelente vis\u00e3o lateral. Com tr\u00eas pontes nasais intercambi\u00e1veis para ajustar os \u00f3culos a diferentes formatos de nariz e rosto. A tira dupla \u00e9 facilmente ajust\u00e1vel na parte de tr\u00e1s da cabe\u00e7a e garante uma fixa\u00e7\u00e3o est\u00e1vel, mesmo na partida e nas curvas. Estes \u00f3culos sem PVC t\u00eam um tratamento antiembaciamento e prote\u00e7\u00e3o UV. Este modelo est\u00e1 dispon\u00edvel com lentes espelhadas claras para nata\u00e7\u00e3o em piscina coberta ou escuras para nata\u00e7\u00e3o ao ar livre.<\/p>","protected":false},"excerpt":{"rendered":"<p>Ultraconfort\u00e1veis, os \u00f3culos de competi\u00e7\u00e3o unissex com efeito espelhado arena AirspeedMirror, aprovados pela FINA, s\u00e3o ideais para nadadores competitivos. Inovadoras, as juntas Air Seals com tecnologia de veda\u00e7\u00e3o de ar s\u00e3o concebidas em forma de favo de mel para facilitar a compress\u00e3o e a adapta\u00e7\u00e3o ao rosto, reduzindo simultaneamente a press\u00e3o \u00e0 volta dos olhos para garantir uma sensa\u00e7\u00e3o de extrema leveza.<\/p>","protected":false},"featured_media":33366,"comment_status":"open","ping_status":"closed","template":"","meta":[],"product_brand":[326],"product_cat":[54,55,56,41],"product_tag":[],"class_list":{"0":"post-33321","1":"product","2":"type-product","3":"status-publish","4":"has-post-thumbnail","6":"product_brand-arena","7":"product_cat-lunettes","8":"product_cat-lunettes-natation","9":"product_cat-lunettes-triathlon","10":"product_cat-natation","11":"zank_product_brands-arena","12":"nt-post-class","13":"","19":"first","20":"instock","21":"taxable","22":"shipping-taxable","23":"purchasable","24":"product-type-simple"},"_links":{"self":[{"href":"https:\/\/www.infinitri.be\/pt\/wp-json\/wp\/v2\/product\/33321","targetHints":{"allow":["GET"]}}],"collection":[{"href":"https:\/\/www.infinitri.be\/pt\/wp-json\/wp\/v2\/product"}],"about":[{"href":"https:\/\/www.infinitri.be\/pt\/wp-json\/wp\/v2\/types\/product"}],"replies":[{"embeddable":true,"href":"https:\/\/www.infinitri.be\/pt\/wp-json\/wp\/v2\/comments?post=33321"}],"wp:featuredmedia":[{"embeddable":true,"href":"https:\/\/www.infinitri.be\/pt\/wp-json\/wp\/v2\/media\/33366"}],"wp:attachment":[{"href":"https:\/\/www.infinitri.be\/pt\/wp-json\/wp\/v2\/media?parent=33321"}],"wp:term":[{"taxonomy":"product_brand","embeddable":true,"href":"https:\/\/www.infinitri.be\/pt\/wp-json\/wp\/v2\/product_brand?post=33321"},{"taxonomy":"product_cat","embeddable":true,"href":"https:\/\/www.infinitri.be\/pt\/wp-json\/wp\/v2\/product_cat?post=33321"},{"taxonomy":"product_tag","embeddable":true,"href":"https:\/\/www.infinitri.be\/pt\/wp-json\/wp\/v2\/product_tag?post=33321"}],"curies":[{"name":"wp","href":"https:\/\/api.w.org\/{rel}","templated":true}]}}