{"id":33651,"date":"2025-12-26T16:36:29","date_gmt":"2025-12-26T16:36:29","guid":{"rendered":"https:\/\/www.infinitri.be\/?post_type=product&#038;p=33651"},"modified":"2026-04-04T17:32:16","modified_gmt":"2026-04-04T16:32:16","slug":"compressport-pro-racing-socks-v4-0-trail-noire","status":"publish","type":"product","link":"https:\/\/www.infinitri.be\/pt\/produto\/compressport-pro-racing-socks-v4-0-trail-noire\/","title":{"rendered":"Compressport - Meias Pro Racing Socks v4.0 Trail Pretas"},"content":{"rendered":"","protected":false},"excerpt":{"rendered":"<p>As Compressport Pro Racing Socks Trail v4.0 s\u00e3o meias de corrida de alta tecnologia para trilhos que protegem os seus p\u00e9s, absorvem os choques e fornecem apoio durante os desafios mais dif\u00edceis fora de estrada.<\/p>","protected":false},"featured_media":33673,"comment_status":"open","ping_status":"closed","template":"","meta":[],"product_brand":[329],"product_cat":[207,16],"product_tag":[],"class_list":{"0":"post-33651","1":"product","2":"type-product","3":"status-publish","4":"has-post-thumbnail","6":"product_brand-compressport","7":"product_cat-chaussettes-running","8":"product_cat-course","9":"zank_product_brands-compressport","10":"nt-post-class","11":"","17":"first","18":"instock","19":"taxable","20":"shipping-taxable","21":"purchasable","22":"product-type-variable"},"_links":{"self":[{"href":"https:\/\/www.infinitri.be\/pt\/wp-json\/wp\/v2\/product\/33651","targetHints":{"allow":["GET"]}}],"collection":[{"href":"https:\/\/www.infinitri.be\/pt\/wp-json\/wp\/v2\/product"}],"about":[{"href":"https:\/\/www.infinitri.be\/pt\/wp-json\/wp\/v2\/types\/product"}],"replies":[{"embeddable":true,"href":"https:\/\/www.infinitri.be\/pt\/wp-json\/wp\/v2\/comments?post=33651"}],"wp:featuredmedia":[{"embeddable":true,"href":"https:\/\/www.infinitri.be\/pt\/wp-json\/wp\/v2\/media\/33673"}],"wp:attachment":[{"href":"https:\/\/www.infinitri.be\/pt\/wp-json\/wp\/v2\/media?parent=33651"}],"wp:term":[{"taxonomy":"product_brand","embeddable":true,"href":"https:\/\/www.infinitri.be\/pt\/wp-json\/wp\/v2\/product_brand?post=33651"},{"taxonomy":"product_cat","embeddable":true,"href":"https:\/\/www.infinitri.be\/pt\/wp-json\/wp\/v2\/product_cat?post=33651"},{"taxonomy":"product_tag","embeddable":true,"href":"https:\/\/www.infinitri.be\/pt\/wp-json\/wp\/v2\/product_tag?post=33651"}],"curies":[{"name":"wp","href":"https:\/\/api.w.org\/{rel}","templated":true}]}}