{"id":33656,"date":"2025-12-26T16:36:29","date_gmt":"2025-12-26T16:36:29","guid":{"rendered":"https:\/\/www.infinitri.be\/?post_type=product&#038;p=33656"},"modified":"2026-04-04T17:33:54","modified_gmt":"2026-04-04T16:33:54","slug":"pro-racing-socks-v4-0-bike-black-red","status":"publish","type":"product","link":"https:\/\/www.infinitri.be\/pt\/produto\/pro-racing-socks-v4-0-bike-black-red\/","title":{"rendered":"Meias Pro Racing Socks v4.0 Bike preto vermelho"},"content":{"rendered":"","protected":false},"excerpt":{"rendered":"<p>Les chaussettes Compressport Pro Racing Socks v4.0 Bike sont des chaussettes \u00e9l\u00e9gantes \u00c3\u00a0 coupe haute pour le cyclisme, avec des performances a\u00e9rodynamiques am\u00e9lior\u00e9es et une ventilation optimis\u00e9e pour un cyclisme encore plus rapide et plus confortable.<\/p>","protected":false},"featured_media":33689,"comment_status":"open","ping_status":"closed","template":"","meta":[],"product_brand":[329],"product_cat":[173,16],"product_tag":[],"class_list":{"0":"post-33656","1":"product","2":"type-product","3":"status-publish","4":"has-post-thumbnail","6":"product_brand-compressport","7":"product_cat-chaussettes-cyclisme","8":"product_cat-course","9":"zank_product_brands-compressport","10":"nt-post-class","11":"","17":"first","18":"instock","19":"taxable","20":"shipping-taxable","21":"purchasable","22":"product-type-variable"},"_links":{"self":[{"href":"https:\/\/www.infinitri.be\/pt\/wp-json\/wp\/v2\/product\/33656","targetHints":{"allow":["GET"]}}],"collection":[{"href":"https:\/\/www.infinitri.be\/pt\/wp-json\/wp\/v2\/product"}],"about":[{"href":"https:\/\/www.infinitri.be\/pt\/wp-json\/wp\/v2\/types\/product"}],"replies":[{"embeddable":true,"href":"https:\/\/www.infinitri.be\/pt\/wp-json\/wp\/v2\/comments?post=33656"}],"wp:featuredmedia":[{"embeddable":true,"href":"https:\/\/www.infinitri.be\/pt\/wp-json\/wp\/v2\/media\/33689"}],"wp:attachment":[{"href":"https:\/\/www.infinitri.be\/pt\/wp-json\/wp\/v2\/media?parent=33656"}],"wp:term":[{"taxonomy":"product_brand","embeddable":true,"href":"https:\/\/www.infinitri.be\/pt\/wp-json\/wp\/v2\/product_brand?post=33656"},{"taxonomy":"product_cat","embeddable":true,"href":"https:\/\/www.infinitri.be\/pt\/wp-json\/wp\/v2\/product_cat?post=33656"},{"taxonomy":"product_tag","embeddable":true,"href":"https:\/\/www.infinitri.be\/pt\/wp-json\/wp\/v2\/product_tag?post=33656"}],"curies":[{"name":"wp","href":"https:\/\/api.w.org\/{rel}","templated":true}]}}