{"id":34209,"date":"2025-12-26T17:49:57","date_gmt":"2025-12-26T17:49:57","guid":{"rendered":"https:\/\/www.infinitri.be\/?post_type=product&#038;p=34209"},"modified":"2026-04-04T17:32:08","modified_gmt":"2026-04-04T16:32:08","slug":"compressport-3d-thermo-gloves","status":"publish","type":"product","link":"https:\/\/www.infinitri.be\/pt\/produto\/compressport-3d-thermo-gloves\/","title":{"rendered":"Luvas t\u00e9rmicas Compressport-3D"},"content":{"rendered":"<p>Les 3D Thermo Gloves sont des gants de course chauds et confortables pour les femmes et les hommes. Ces gants offrent une thermor\u00e9gulation optimale pour garder vos mains au chaud et au sec pendant votre course lors des froides journ\u00e9es d&#8217;hiver.<\/p>\n<p>\u00b0L\u00e9gers<br \/>\n\u00b0Haute respirabilit\u00e9<br \/>\n\u00b0Evacuation de l&#8217;humidit\u00e9 et de la sueur<br \/>\n\u00b0Extr\u00e9mit\u00e9s conductrices sur le pouce et l&#8217;index pour les t\u00e9l\u00e9phones \u00e0 \u00e9cran tactile<br \/>\n\u00b0Tissu doux comme une seconde peau<br \/>\n\u00b0Excellente thermor\u00e9gulation pour maintenir la temp\u00e9rature de vos mains \u00e0 un niveau parfait<\/p>","protected":false},"excerpt":{"rendered":"<p>Les 3D Thermo Gloves sont des gants de course chauds et confortables pour les femmes et les hommes. Ces gants offrent une thermor\u00e9gulation optimale pour garder vos mains au chaud et au sec pendant votre course lors des froides journ\u00e9es d&#8217;hiver.<\/p>","protected":false},"featured_media":34262,"comment_status":"open","ping_status":"closed","template":"","meta":[],"product_brand":[329],"product_cat":[139,16],"product_tag":[],"class_list":{"0":"post-34209","1":"product","2":"type-product","3":"status-publish","4":"has-post-thumbnail","6":"product_brand-compressport","7":"product_cat-accessoires-running","8":"product_cat-course","9":"zank_product_brands-compressport","10":"nt-post-class","11":"","17":"first","18":"instock","19":"taxable","20":"shipping-taxable","21":"purchasable","22":"product-type-variable"},"_links":{"self":[{"href":"https:\/\/www.infinitri.be\/pt\/wp-json\/wp\/v2\/product\/34209","targetHints":{"allow":["GET"]}}],"collection":[{"href":"https:\/\/www.infinitri.be\/pt\/wp-json\/wp\/v2\/product"}],"about":[{"href":"https:\/\/www.infinitri.be\/pt\/wp-json\/wp\/v2\/types\/product"}],"replies":[{"embeddable":true,"href":"https:\/\/www.infinitri.be\/pt\/wp-json\/wp\/v2\/comments?post=34209"}],"wp:featuredmedia":[{"embeddable":true,"href":"https:\/\/www.infinitri.be\/pt\/wp-json\/wp\/v2\/media\/34262"}],"wp:attachment":[{"href":"https:\/\/www.infinitri.be\/pt\/wp-json\/wp\/v2\/media?parent=34209"}],"wp:term":[{"taxonomy":"product_brand","embeddable":true,"href":"https:\/\/www.infinitri.be\/pt\/wp-json\/wp\/v2\/product_brand?post=34209"},{"taxonomy":"product_cat","embeddable":true,"href":"https:\/\/www.infinitri.be\/pt\/wp-json\/wp\/v2\/product_cat?post=34209"},{"taxonomy":"product_tag","embeddable":true,"href":"https:\/\/www.infinitri.be\/pt\/wp-json\/wp\/v2\/product_tag?post=34209"}],"curies":[{"name":"wp","href":"https:\/\/api.w.org\/{rel}","templated":true}]}}