{"id":35373,"date":"2025-12-26T21:09:37","date_gmt":"2025-12-26T21:09:37","guid":{"rendered":"https:\/\/www.infinitri.be\/?post_type=product&#038;p=35373"},"modified":"2026-04-04T17:28:22","modified_gmt":"2026-04-04T16:28:22","slug":"arena-team-coach-grey-melange","status":"publish","type":"product","link":"https:\/\/www.infinitri.be\/pt\/produto\/arena-team-coach-grey-melange\/","title":{"rendered":"Arena - Team Coach cinzento melange"},"content":{"rendered":"","protected":false},"excerpt":{"rendered":"<p>Le sac id\u00e9al pour transporter votre ordinateur portable et vos documents personnels. <\/p>\n<p>Il pr\u00e9sente un \u00e9l\u00e9gant tissu gris m\u00e9lang\u00e9 avec bordures jaune fluo.<\/p>\n<p>Solide compartiment pour ordinateur portable. Organiseur int\u00e9rieur pratique. Poche ext\u00e9rieure. <\/p>\n<p>Bretelle rembourr\u00e9e amovible.<\/p>\n<p>Dimensions : 30 x 40 x 10 cm<\/p>","protected":false},"featured_media":35442,"comment_status":"open","ping_status":"closed","template":"","meta":[],"product_brand":[326],"product_cat":[40,41,58],"product_tag":[],"class_list":{"0":"post-35373","1":"product","2":"type-product","3":"status-publish","4":"has-post-thumbnail","6":"product_brand-arena","7":"product_cat-accessoires","8":"product_cat-natation","9":"product_cat-sacs","10":"zank_product_brands-arena","11":"nt-post-class","12":"","18":"first","19":"instock","20":"sale","21":"taxable","22":"shipping-taxable","23":"purchasable","24":"product-type-simple"},"_links":{"self":[{"href":"https:\/\/www.infinitri.be\/pt\/wp-json\/wp\/v2\/product\/35373","targetHints":{"allow":["GET"]}}],"collection":[{"href":"https:\/\/www.infinitri.be\/pt\/wp-json\/wp\/v2\/product"}],"about":[{"href":"https:\/\/www.infinitri.be\/pt\/wp-json\/wp\/v2\/types\/product"}],"replies":[{"embeddable":true,"href":"https:\/\/www.infinitri.be\/pt\/wp-json\/wp\/v2\/comments?post=35373"}],"wp:featuredmedia":[{"embeddable":true,"href":"https:\/\/www.infinitri.be\/pt\/wp-json\/wp\/v2\/media\/35442"}],"wp:attachment":[{"href":"https:\/\/www.infinitri.be\/pt\/wp-json\/wp\/v2\/media?parent=35373"}],"wp:term":[{"taxonomy":"product_brand","embeddable":true,"href":"https:\/\/www.infinitri.be\/pt\/wp-json\/wp\/v2\/product_brand?post=35373"},{"taxonomy":"product_cat","embeddable":true,"href":"https:\/\/www.infinitri.be\/pt\/wp-json\/wp\/v2\/product_cat?post=35373"},{"taxonomy":"product_tag","embeddable":true,"href":"https:\/\/www.infinitri.be\/pt\/wp-json\/wp\/v2\/product_tag?post=35373"}],"curies":[{"name":"wp","href":"https:\/\/api.w.org\/{rel}","templated":true}]}}