{"id":35374,"date":"2025-12-26T21:09:37","date_gmt":"2025-12-26T21:09:37","guid":{"rendered":"https:\/\/www.infinitri.be\/?post_type=product&#038;p=35374"},"modified":"2026-04-23T20:41:24","modified_gmt":"2026-04-23T19:41:24","slug":"arena-powerskin-st-leopard-limited-next-jammer-garcon","status":"publish","type":"product","link":"https:\/\/www.infinitri.be\/pt\/produto\/arena-powerskin-st-leopard-limited-next-jammer-garcon\/","title":{"rendered":"Arena Boy's Powerskin ST Leopard Limited Next Jammer"},"content":{"rendered":"<p>Edition limit\u00e9e exclusive de la couleur. Plongez dans la prochaine g\u00e9n\u00e9ration et contribuez \u00e0 la r\u00e9duction des d\u00e9chets \u00e0 chaque mouvement.<\/p>\n<p>Caracter\u00edsticas:<\/p>\n<ul>\n<li>60 % do tecido prov\u00e9m de materiais destinados a aterros sanit\u00e1rios.<\/li>\n<li>O tecido melhorado absorve menos \u00e1gua e \u00e9 20% mais leve do que o ST 2.0 anterior.<\/li>\n<li>A mem\u00f3ria melhorada do tecido garante uma compress\u00e3o e um desempenho mais duradouros ao longo do tempo.<\/li>\n<li>A composi\u00e7\u00e3o do tecido resiste ao estiramento e melhora a durabilidade.<\/li>\n<li>O design refor\u00e7ado das al\u00e7as oferece maior conforto e durabilidade nos modelos com costas abertas.<\/li>\n<li>Primeiro fato de corrida sustent\u00e1vel aprovado pela <strong>FINA<\/strong>.<\/li>\n<p><!--themify_builder_static--><iframe title=\"O primeiro fato de competi\u00e7\u00e3o aprovado pela FINA feito com tecido reciclado: arena Powerskin ST NEXT\" width=\"960\" height=\"540\" src=\"https:\/\/www.youtube.com\/embed\/4FmvfvPoPFo?feature=oembed\" frameborder=\"0\" allow=\"accelerometer; autoplay; clipboard-write; encrypted-media; gyroscope; picture-in-picture; web-share\" referrerpolicy=\"strict-origin-when-cross-origin\" allowfullscreen><\/iframe><!--\/themify_builder_static--><\/p>","protected":false},"excerpt":{"rendered":"<p>A Arena tem o orgulho de apresentar o POWERSKIN ST NEXT, o primeiro fato de corrida sustent\u00e1vel. Tudo o que gostava no ST 2.0 agora \u00e9 mais leve, mais r\u00e1pido e mais ecol\u00f3gico.<\/p>\n<p>Al\u00e9m das vantagens relacionadas com a durabilidade, o POWERSKIN ST Next Jammer Junior tamb\u00e9m apresenta melhorias impressionantes em termos de desempenho. Para come\u00e7ar, \u00e9 20% mais leve que o ST 2.0, gra\u00e7as a uma menor absor\u00e7\u00e3o de \u00e1gua. O fato tamb\u00e9m possui uma melhor mem\u00f3ria do tecido, o que garante uma compress\u00e3o e um desempenho mais duradouros ao longo do tempo.<\/p>\n<p>&nbsp;<\/p>","protected":false},"featured_media":35443,"comment_status":"open","ping_status":"closed","template":"","meta":[],"product_brand":[326],"product_cat":[60,126,41],"product_tag":[],"class_list":{"0":"post-35374","1":"product","2":"type-product","3":"status-publish","4":"has-post-thumbnail","6":"product_brand-arena","7":"product_cat-fina","8":"product_cat-maillot-competition","9":"product_cat-natation","10":"zank_product_brands-arena","11":"nt-post-class","12":"","18":"first","19":"instock","20":"taxable","21":"shipping-taxable","22":"purchasable","23":"product-type-variable"},"_links":{"self":[{"href":"https:\/\/www.infinitri.be\/pt\/wp-json\/wp\/v2\/product\/35374","targetHints":{"allow":["GET"]}}],"collection":[{"href":"https:\/\/www.infinitri.be\/pt\/wp-json\/wp\/v2\/product"}],"about":[{"href":"https:\/\/www.infinitri.be\/pt\/wp-json\/wp\/v2\/types\/product"}],"replies":[{"embeddable":true,"href":"https:\/\/www.infinitri.be\/pt\/wp-json\/wp\/v2\/comments?post=35374"}],"wp:featuredmedia":[{"embeddable":true,"href":"https:\/\/www.infinitri.be\/pt\/wp-json\/wp\/v2\/media\/35443"}],"wp:attachment":[{"href":"https:\/\/www.infinitri.be\/pt\/wp-json\/wp\/v2\/media?parent=35374"}],"wp:term":[{"taxonomy":"product_brand","embeddable":true,"href":"https:\/\/www.infinitri.be\/pt\/wp-json\/wp\/v2\/product_brand?post=35374"},{"taxonomy":"product_cat","embeddable":true,"href":"https:\/\/www.infinitri.be\/pt\/wp-json\/wp\/v2\/product_cat?post=35374"},{"taxonomy":"product_tag","embeddable":true,"href":"https:\/\/www.infinitri.be\/pt\/wp-json\/wp\/v2\/product_tag?post=35374"}],"curies":[{"name":"wp","href":"https:\/\/api.w.org\/{rel}","templated":true}]}}