{"id":35378,"date":"2025-12-26T21:09:37","date_gmt":"2025-12-26T21:09:37","guid":{"rendered":"https:\/\/www.infinitri.be\/?post_type=product&#038;p=35378"},"modified":"2026-04-12T11:31:15","modified_gmt":"2026-04-12T10:31:15","slug":"arena-powerskin-st-limited-next-leopard-fille","status":"publish","type":"product","link":"https:\/\/www.infinitri.be\/pt\/produto\/arena-powerskin-st-limited-next-leopard-fille\/","title":{"rendered":"Arena - Powerskin ST Limited Next Leopard para rapariga"},"content":{"rendered":"<p>Edi\u00e7\u00e3o limitada exclusiva. Mergulhe na pr\u00f3xima gera\u00e7\u00e3o e ajude a reduzir os res\u00edduos com cada movimento.<\/p>\n<p>Caracter\u00edsticas:<\/p>\n<ul>\n<li>Al\u00e7as de ombro refor\u00e7adas para maior conforto e durabilidade.<\/li>\n<li>Compress\u00e3o mais duradoura e melhor apoio do tronco e das pernas<\/li>\n<li>Tecido de malha de urdidura extra-flex\u00edvel para um desempenho de alto n\u00edvel<\/li>\n<li>Menor absor\u00e7\u00e3o de \u00e1gua para um fato 20 % mais leve<\/li>\n<li>Constru\u00e7\u00e3o ergon\u00f3mica com costuras baixas para um ajuste perfeito<\/li>\n<li>Mais de 60 % do tecido \u00e9 feito de fios reciclados.<\/li>\n<li>Composi\u00e7\u00e3o: 71% Poliamida, 29% Elastano.<\/li>\n<li>Aprovado pela FINA<\/li>\n<\/ul>\n<p><!--themify_builder_static--><\/p>\n<p><iframe title=\"O primeiro fato de competi\u00e7\u00e3o aprovado pela FINA feito com tecido reciclado: arena Powerskin ST NEXT\" width=\"960\" height=\"540\" src=\"https:\/\/www.youtube.com\/embed\/4FmvfvPoPFo?feature=oembed\" frameborder=\"0\" allow=\"accelerometer; autoplay; clipboard-write; encrypted-media; gyroscope; picture-in-picture; web-share\" referrerpolicy=\"strict-origin-when-cross-origin\" allowfullscreen><\/iframe><\/p>\n<p><!--\/themify_builder_static--><\/p>","protected":false},"excerpt":{"rendered":"<p>A Arena tem o orgulho de apresentar o POWERSKIN ST NEXT, o primeiro fato de corrida sustent\u00e1vel. Tudo o que gostava no ST 2.0 agora \u00e9 mais leve, mais r\u00e1pido e mais ecol\u00f3gico.<\/p>\n<p>Al\u00e9m das vantagens relacionadas com a durabilidade, o POWERSKIN ST Next Jammer Junior tamb\u00e9m apresenta melhorias impressionantes em termos de desempenho. Para come\u00e7ar, \u00e9 20% mais leve que o ST 2.0, gra\u00e7as a uma menor absor\u00e7\u00e3o de \u00e1gua. O fato tamb\u00e9m possui uma melhor mem\u00f3ria do tecido, o que garante uma compress\u00e3o e um desempenho mais duradouros ao longo do tempo.<\/p>\n<p>&nbsp;<\/p>","protected":false},"featured_media":35449,"comment_status":"open","ping_status":"closed","template":"","meta":[],"product_brand":[326],"product_cat":[60,126,41],"product_tag":[],"class_list":{"0":"post-35378","1":"product","2":"type-product","3":"status-publish","4":"has-post-thumbnail","6":"product_brand-arena","7":"product_cat-fina","8":"product_cat-maillot-competition","9":"product_cat-natation","10":"zank_product_brands-arena","11":"nt-post-class","12":"","18":"first","19":"outofstock","20":"taxable","21":"shipping-taxable","22":"purchasable","23":"product-type-variable"},"_links":{"self":[{"href":"https:\/\/www.infinitri.be\/pt\/wp-json\/wp\/v2\/product\/35378","targetHints":{"allow":["GET"]}}],"collection":[{"href":"https:\/\/www.infinitri.be\/pt\/wp-json\/wp\/v2\/product"}],"about":[{"href":"https:\/\/www.infinitri.be\/pt\/wp-json\/wp\/v2\/types\/product"}],"replies":[{"embeddable":true,"href":"https:\/\/www.infinitri.be\/pt\/wp-json\/wp\/v2\/comments?post=35378"}],"wp:featuredmedia":[{"embeddable":true,"href":"https:\/\/www.infinitri.be\/pt\/wp-json\/wp\/v2\/media\/35449"}],"wp:attachment":[{"href":"https:\/\/www.infinitri.be\/pt\/wp-json\/wp\/v2\/media?parent=35378"}],"wp:term":[{"taxonomy":"product_brand","embeddable":true,"href":"https:\/\/www.infinitri.be\/pt\/wp-json\/wp\/v2\/product_brand?post=35378"},{"taxonomy":"product_cat","embeddable":true,"href":"https:\/\/www.infinitri.be\/pt\/wp-json\/wp\/v2\/product_cat?post=35378"},{"taxonomy":"product_tag","embeddable":true,"href":"https:\/\/www.infinitri.be\/pt\/wp-json\/wp\/v2\/product_tag?post=35378"}],"curies":[{"name":"wp","href":"https:\/\/api.w.org\/{rel}","templated":true}]}}