{"id":35486,"date":"2025-12-26T21:16:54","date_gmt":"2025-12-26T21:16:54","guid":{"rendered":"https:\/\/www.infinitri.be\/?post_type=product&#038;p=35486"},"modified":"2026-04-04T17:36:35","modified_gmt":"2026-04-04T16:36:35","slug":"huub-cycle-toe-covers-ii","status":"publish","type":"product","link":"https:\/\/www.infinitri.be\/pt\/produto\/huub-cycle-toe-covers-ii\/","title":{"rendered":"Biqueiras HUUB-Cycle II"},"content":{"rendered":"<p>Le couvre-pieds HUUB pour v\u00e9lo n&#8217;est pas un nouveau produit, mais c&#8217;est certainement l&#8217;un des plus polyvalents. La couche sup\u00e9rieure en n\u00e9opr\u00e8ne imperm\u00e9able et lisse emp\u00eache l&#8217;eau et le vent de p\u00e9n\u00e9trer et garde les orteils au chaud.<\/p>\n<p>Nouvelle coupe am\u00e9lior\u00e9e avec une zone de couverture plus large pour s&#8217;assurer que le couvre-orteils reste en place.<\/p>\n<ul>\n<li>Parfait pour les d\u00e9parts frileux.<\/li>\n<li>Fabriqu\u00e9e en n\u00e9opr\u00e8ne extra chaud.<\/li>\n<li>Se range facilement dans votre poche arri\u00e8re.<\/li>\n<li>Compatible avec tous les syst\u00e8mes de cales de p\u00e9dales.<\/li>\n<\/ul>\n<p>Id\u00e9ale pour les d\u00e9parts frais et matinaux, que ce soit en course ou \u00e0 l&#8217;entra\u00eenement, parfaite \u00e0 enfiler au d\u00e9part d&#8217;un triathlon.<\/p>\n<p>Le couvre-orteils HUUB prot\u00e8ge les pieds de l&#8217;engourdissement et des douleurs dues au froid en recouvrant l&#8217;extr\u00e9mit\u00e9 de la chaussure, cr\u00e9ant ainsi de la chaleur et une protection l\u00e0 o\u00f9 c&#8217;est le plus n\u00e9cessaire. L&#8217;avantage d&#8217;un couvre-pieds est qu&#8217;il peut \u00e9galement \u00eatre utilis\u00e9 lors des sorties d&#8217;entra\u00eenement o\u00f9 une sur-chaussure compl\u00e8te est juste un peu trop, et il est bien s\u00fbr facilement amovible.<\/p>\n<p>&nbsp;<\/p>\n<p>&nbsp;<\/p>","protected":false},"excerpt":{"rendered":"<p>Le couvre-pieds HUUB pour v\u00e9lo n&#8217;est pas un nouveau produit, mais c&#8217;est certainement l&#8217;un des plus polyvalents. La couche sup\u00e9rieure en n\u00e9opr\u00e8ne imperm\u00e9able et lisse emp\u00eache l&#8217;eau et le vent de p\u00e9n\u00e9trer et garde les orteils au chaud. Nouvelle coupe am\u00e9lior\u00e9e avec une zone de couverture plus large pour s&#8217;assurer que le couvre-orteils reste en&#8230;<\/p>","protected":false},"featured_media":35526,"comment_status":"open","ping_status":"closed","template":"","meta":[],"product_brand":[286],"product_cat":[140,37,59],"product_tag":[],"class_list":{"0":"post-35486","1":"product","2":"type-product","3":"status-publish","4":"has-post-thumbnail","6":"product_brand-huub","7":"product_cat-accessoires-cyclisme","8":"product_cat-cyclisme","9":"product_cat-triathlon","10":"zank_product_brands-huub","11":"nt-post-class","12":"","15":"excerpt-none","18":"first","19":"instock","20":"taxable","21":"shipping-taxable","22":"purchasable","23":"product-type-variable"},"_links":{"self":[{"href":"https:\/\/www.infinitri.be\/pt\/wp-json\/wp\/v2\/product\/35486","targetHints":{"allow":["GET"]}}],"collection":[{"href":"https:\/\/www.infinitri.be\/pt\/wp-json\/wp\/v2\/product"}],"about":[{"href":"https:\/\/www.infinitri.be\/pt\/wp-json\/wp\/v2\/types\/product"}],"replies":[{"embeddable":true,"href":"https:\/\/www.infinitri.be\/pt\/wp-json\/wp\/v2\/comments?post=35486"}],"wp:featuredmedia":[{"embeddable":true,"href":"https:\/\/www.infinitri.be\/pt\/wp-json\/wp\/v2\/media\/35526"}],"wp:attachment":[{"href":"https:\/\/www.infinitri.be\/pt\/wp-json\/wp\/v2\/media?parent=35486"}],"wp:term":[{"taxonomy":"product_brand","embeddable":true,"href":"https:\/\/www.infinitri.be\/pt\/wp-json\/wp\/v2\/product_brand?post=35486"},{"taxonomy":"product_cat","embeddable":true,"href":"https:\/\/www.infinitri.be\/pt\/wp-json\/wp\/v2\/product_cat?post=35486"},{"taxonomy":"product_tag","embeddable":true,"href":"https:\/\/www.infinitri.be\/pt\/wp-json\/wp\/v2\/product_tag?post=35486"}],"curies":[{"name":"wp","href":"https:\/\/api.w.org\/{rel}","templated":true}]}}