{"id":36015,"date":"2025-12-27T10:47:37","date_gmt":"2025-12-27T10:47:37","guid":{"rendered":"https:\/\/www.infinitri.be\/?post_type=product&#038;p=36015"},"modified":"2026-04-04T18:44:44","modified_gmt":"2026-04-04T17:44:44","slug":"brownlee-custom-air-2-black-dark-smoke-mirror","status":"publish","type":"product","link":"https:\/\/www.infinitri.be\/pt\/produto\/brownlee-custom-air-2-black-dark-smoke-mirror\/","title":{"rendered":"Brownlee Custom Air 2 Preto \u2013 Espelho Escuro Fumado"},"content":{"rendered":"<p>O Brownlee 2 Custom Air \u00e9 o resultado da combina\u00e7\u00e3o de dois dos nossos \u00f3culos mais populares, o Brownlee 2 e o Pinnacle Air Seal. Os \u00f3culos t\u00eam uma almofada de ar de parede dupla, tal como os \u00f3culos Pinnacle, que elimina os pontos de press\u00e3o e permite adaptar-se a todas as formas de \u00f3rbita ocular.<br \/>\nO design elegante, combinado com tr\u00eas op\u00e7\u00f5es de lentes - Gold Mirror, Light Smoke Mirror e Dark Smoke Mirror - todas com revestimento anti-embaciamento e prote\u00e7\u00e3o UV para uma clareza de vis\u00e3o ideal, torna-as ideais para corridas em todas as condi\u00e7\u00f5es.<\/p>\n<ul>\n<li>A tecnologia Custom Air Fit adapta-se a todas as formas de rosto<\/li>\n<li>Almofada de ar de parede dupla e vedantes de silicone macio para um conforto total<\/li>\n<li>Revestimento anti-UV e anti-embaciamento para uma visibilidade cristalina<\/li>\n<li>Ponte nasal intermut\u00e1vel<\/li>\n<\/ul>","protected":false},"excerpt":{"rendered":"<p>La Brownlee 2 Custom Air est le r\u00e9sultat de la combinaison de deux de nos lunettes les plus populaires, le Brownlee 2 et le Pinnacle Air Seal. Les lunettes sont dot\u00e9es d&#8217;un coussin d&#8217;air \u00e0 double paroi, comme sur les lunettes Pinnacle, ce qui \u00e9limine les points de pression et permet de s&#8217;adapter \u00e0 toutes&#8230;<\/p>","protected":false},"featured_media":36055,"comment_status":"open","ping_status":"closed","template":"","meta":[],"product_brand":[],"product_cat":[54,55,56],"product_tag":[259,303],"class_list":{"0":"post-36015","1":"product","2":"type-product","3":"status-publish","4":"has-post-thumbnail","6":"product_cat-lunettes","7":"product_cat-lunettes-natation","8":"product_cat-lunettes-triathlon","9":"product_tag-2025brochure","10":"product_tag-newfor2025","11":"nt-post-class","12":"","15":"excerpt-none","18":"first","19":"instock","20":"taxable","21":"shipping-taxable","22":"purchasable","23":"product-type-simple"},"_links":{"self":[{"href":"https:\/\/www.infinitri.be\/pt\/wp-json\/wp\/v2\/product\/36015","targetHints":{"allow":["GET"]}}],"collection":[{"href":"https:\/\/www.infinitri.be\/pt\/wp-json\/wp\/v2\/product"}],"about":[{"href":"https:\/\/www.infinitri.be\/pt\/wp-json\/wp\/v2\/types\/product"}],"replies":[{"embeddable":true,"href":"https:\/\/www.infinitri.be\/pt\/wp-json\/wp\/v2\/comments?post=36015"}],"wp:featuredmedia":[{"embeddable":true,"href":"https:\/\/www.infinitri.be\/pt\/wp-json\/wp\/v2\/media\/36055"}],"wp:attachment":[{"href":"https:\/\/www.infinitri.be\/pt\/wp-json\/wp\/v2\/media?parent=36015"}],"wp:term":[{"taxonomy":"product_brand","embeddable":true,"href":"https:\/\/www.infinitri.be\/pt\/wp-json\/wp\/v2\/product_brand?post=36015"},{"taxonomy":"product_cat","embeddable":true,"href":"https:\/\/www.infinitri.be\/pt\/wp-json\/wp\/v2\/product_cat?post=36015"},{"taxonomy":"product_tag","embeddable":true,"href":"https:\/\/www.infinitri.be\/pt\/wp-json\/wp\/v2\/product_tag?post=36015"}],"curies":[{"name":"wp","href":"https:\/\/api.w.org\/{rel}","templated":true}]}}