{"id":36019,"date":"2025-12-27T10:47:37","date_gmt":"2025-12-27T10:47:37","guid":{"rendered":"https:\/\/www.infinitri.be\/?post_type=product&#038;p=36019"},"modified":"2026-04-04T18:44:59","modified_gmt":"2026-04-04T17:44:59","slug":"huub-bouees-eau-libre-lime-camo","status":"publish","type":"product","link":"https:\/\/www.infinitri.be\/pt\/produto\/huub-bouees-eau-libre-lime-camo\/","title":{"rendered":"B\u00f3ias de \u00e1guas abertas HUUB - Lime Camo"},"content":{"rendered":"<p>Les flotteurs de remorquage aux couleurs vives sont un \u00e9quipement essentiel pour les nageurs de plein air et pour certaines courses, ils sont obligatoires. Parfait pour les eaux o\u00f9 il y a des bateaux, le flotteur de remorquage augmentera votre visibilit\u00e9 dans l&#8217;eau, que vous nagiez seul ou en groupe. Il n&#8217;interf\u00e8re que tr\u00e8s peu avec votre nage et vous ne vous rendrez m\u00eame pas compte de sa pr\u00e9sence.<\/p>\n<p>Si vous devez vous reposer ou si vous avez besoin d&#8217;aide, le flotteur de remorquage vous offrira un support flottant capable de supporter votre poids, et vous serez plus facile \u00e0 localiser. Si vous emmenez vos enfants en pleine mer, un flotteur de remorquage vous permettra de les rep\u00e9rer tr\u00e8s rapidement.<\/p>\n<p>Une fois gonfl\u00e9, le flotteur de s\u00e9curit\u00e9 16l peut \u00eatre attach\u00e9 \u00e0 l&#8217;aide d&#8217;une ceinture r\u00e9glable et d&#8217;une laisse. Fabriqu\u00e9 en PVC durable, il est 100 % \u00e9tanche et peut transporter des effets personnels, les gardant en s\u00e9curit\u00e9 et au sec pendant que vous nagez. Le flotteur est \u00e9galement \u00e9quip\u00e9 d&#8217;un sifflet int\u00e9gr\u00e9 qui vous permet d&#8217;attirer l&#8217;attention des autres en cas de besoin.<\/p>\n<p>&nbsp;<\/p>","protected":false},"excerpt":{"rendered":"<p>Les flotteurs de remorquage aux couleurs vives sont un \u00e9quipement essentiel pour les nageurs de plein air et pour certaines courses, ils sont obligatoires. Parfait pour les eaux o\u00f9 il y a des bateaux, le flotteur de remorquage augmentera votre visibilit\u00e9 dans l&#8217;eau, que vous nagiez seul ou en groupe. Il n&#8217;interf\u00e8re que tr\u00e8s peu&#8230;<\/p>","protected":false},"featured_media":36064,"comment_status":"open","ping_status":"closed","template":"","meta":[],"product_brand":[286],"product_cat":[137,59],"product_tag":[259,303],"class_list":{"0":"post-36019","1":"product","2":"type-product","3":"status-publish","4":"has-post-thumbnail","6":"product_brand-huub","7":"product_cat-accessoires-eau-libre","8":"product_cat-triathlon","9":"product_tag-2025brochure","10":"product_tag-newfor2025","11":"zank_product_brands-huub","12":"nt-post-class","13":"","16":"excerpt-none","19":"first","20":"instock","21":"taxable","22":"shipping-taxable","23":"purchasable","24":"product-type-simple"},"_links":{"self":[{"href":"https:\/\/www.infinitri.be\/pt\/wp-json\/wp\/v2\/product\/36019","targetHints":{"allow":["GET"]}}],"collection":[{"href":"https:\/\/www.infinitri.be\/pt\/wp-json\/wp\/v2\/product"}],"about":[{"href":"https:\/\/www.infinitri.be\/pt\/wp-json\/wp\/v2\/types\/product"}],"replies":[{"embeddable":true,"href":"https:\/\/www.infinitri.be\/pt\/wp-json\/wp\/v2\/comments?post=36019"}],"wp:featuredmedia":[{"embeddable":true,"href":"https:\/\/www.infinitri.be\/pt\/wp-json\/wp\/v2\/media\/36064"}],"wp:attachment":[{"href":"https:\/\/www.infinitri.be\/pt\/wp-json\/wp\/v2\/media?parent=36019"}],"wp:term":[{"taxonomy":"product_brand","embeddable":true,"href":"https:\/\/www.infinitri.be\/pt\/wp-json\/wp\/v2\/product_brand?post=36019"},{"taxonomy":"product_cat","embeddable":true,"href":"https:\/\/www.infinitri.be\/pt\/wp-json\/wp\/v2\/product_cat?post=36019"},{"taxonomy":"product_tag","embeddable":true,"href":"https:\/\/www.infinitri.be\/pt\/wp-json\/wp\/v2\/product_tag?post=36019"}],"curies":[{"name":"wp","href":"https:\/\/api.w.org\/{rel}","templated":true}]}}