{"id":36020,"date":"2025-12-27T10:47:37","date_gmt":"2025-12-27T10:47:37","guid":{"rendered":"https:\/\/www.infinitri.be\/?post_type=product&#038;p=36020"},"modified":"2026-04-04T18:45:06","modified_gmt":"2026-04-04T17:45:06","slug":"lurz-swim-goggle-sage-clear-gold-mirror","status":"publish","type":"product","link":"https:\/\/www.infinitri.be\/pt\/produto\/lurz-swim-goggle-sage-clear-gold-mirror\/","title":{"rendered":"\u00d3culos de nata\u00e7\u00e3o Lurz Sage \u2013 Espelho dourado transparente"},"content":{"rendered":"<p>Un masque de course fin et raffin\u00e9 qui r\u00e9duit la tra\u00een\u00e9e et offre une vision p\u00e9riph\u00e9rique \u00e9tonnante, avec une lentille finie en miroir.<\/p>\n<p>Cr\u00e9\u00e9 en partenariat avec le plus grand nageur masculin en eau libre de tous les temps, Thomas Lurz, ce masque de course est la v\u00e9ritable d\u00e9finition d&#8217;un grand nageur.<\/p>\n<ul>\n<li>Construction unique de la lentille pour une meilleure vision p\u00e9riph\u00e9rique.<\/li>\n<li>Monture et sangle en silicone souple de haute technologie.<\/li>\n<li>Lentilles en polycarbonate trait\u00e9es anti-bu\u00e9e, r\u00e9sistantes aux rayures et \u00e0 l&#8217;hydrodynamisme.<\/li>\n<li>Les lentilles miroirs r\u00e9duisent les reflets.<\/li>\n<\/ul>\n<p>&nbsp;<\/p>\n<p>&nbsp;<\/p>","protected":false},"excerpt":{"rendered":"<p>Des lunettes de course fines et raffin\u00e9es offrant une tra\u00een\u00e9e r\u00e9duite et une vision p\u00e9riph\u00e9rique \u00e9tonnante, avec une lentille finie en miroir.<\/p>\n<p>Cr\u00e9\u00e9es en partenariat avec le plus grand nageur masculin en eau libre de tous les temps, Thomas Lurz<\/p>","protected":false},"featured_media":36066,"comment_status":"open","ping_status":"closed","template":"","meta":[],"product_brand":[],"product_cat":[55,56,41,59],"product_tag":[259,303],"class_list":{"0":"post-36020","1":"product","2":"type-product","3":"status-publish","4":"has-post-thumbnail","6":"product_cat-lunettes-natation","7":"product_cat-lunettes-triathlon","8":"product_cat-natation","9":"product_cat-triathlon","10":"product_tag-2025brochure","11":"product_tag-newfor2025","12":"nt-post-class","13":"","19":"first","20":"instock","21":"taxable","22":"shipping-taxable","23":"purchasable","24":"product-type-simple"},"_links":{"self":[{"href":"https:\/\/www.infinitri.be\/pt\/wp-json\/wp\/v2\/product\/36020","targetHints":{"allow":["GET"]}}],"collection":[{"href":"https:\/\/www.infinitri.be\/pt\/wp-json\/wp\/v2\/product"}],"about":[{"href":"https:\/\/www.infinitri.be\/pt\/wp-json\/wp\/v2\/types\/product"}],"replies":[{"embeddable":true,"href":"https:\/\/www.infinitri.be\/pt\/wp-json\/wp\/v2\/comments?post=36020"}],"wp:featuredmedia":[{"embeddable":true,"href":"https:\/\/www.infinitri.be\/pt\/wp-json\/wp\/v2\/media\/36066"}],"wp:attachment":[{"href":"https:\/\/www.infinitri.be\/pt\/wp-json\/wp\/v2\/media?parent=36020"}],"wp:term":[{"taxonomy":"product_brand","embeddable":true,"href":"https:\/\/www.infinitri.be\/pt\/wp-json\/wp\/v2\/product_brand?post=36020"},{"taxonomy":"product_cat","embeddable":true,"href":"https:\/\/www.infinitri.be\/pt\/wp-json\/wp\/v2\/product_cat?post=36020"},{"taxonomy":"product_tag","embeddable":true,"href":"https:\/\/www.infinitri.be\/pt\/wp-json\/wp\/v2\/product_tag?post=36020"}],"curies":[{"name":"wp","href":"https:\/\/api.w.org\/{rel}","templated":true}]}}