{"id":36023,"date":"2025-12-27T10:47:37","date_gmt":"2025-12-27T10:47:37","guid":{"rendered":"https:\/\/www.infinitri.be\/?post_type=product&#038;p=36023"},"modified":"2026-04-04T17:36:11","modified_gmt":"2026-04-04T16:36:11","slug":"huub-sac-de-transition-olive-orange","status":"publish","type":"product","link":"https:\/\/www.infinitri.be\/pt\/produto\/huub-sac-de-transition-olive-orange\/","title":{"rendered":"Huub &#8211; Sac de Transition  &#8211; Olive\/Orange"},"content":{"rendered":"<p>Le sac de transition pr\u00e9f\u00e9r\u00e9 des triathl\u00e8tes a fait peau neuve. Ce sac d&#8217;un volume de 40 litres permet de ranger tout le mat\u00e9riel de triathlon. Il comprend un compartiment \u00e9tanche pour les combinaisons HUUB, des compartiments de rangement pour les chaussures et les casques, ainsi que de nombreuses poches pour tous les autres objets.<\/p>\n<ul>\n<li>Un \u00e9norme volume de 40 litres pour ranger tout votre \u00e9quipement de triathlon.<\/li>\n<li>Rangement \u00e9tanche pour votre combinaison de plong\u00e9e et votre combinaison de triathlon (jusqu&#8217;\u00e0 la taille XL).<\/li>\n<li>Compartiments de rangement pour les chaussures et les casques.<\/li>\n<li>Plusieurs poches pour ranger les outils, les cartes et autres objets essentiels.<\/li>\n<li>Bretelles rembourr\u00e9es pour un meilleur confort d&#8217;utilisation.<\/li>\n<li>Grande entr\u00e9e pour faciliter le rep\u00e9rage du kit.<\/li>\n<li>Garniture r\u00e9fl\u00e9chissante pour la conduite de nuit\/matin.<\/li>\n<li>Pochette int\u00e9rieure en filet pour les ordinateurs portables et les lunettes HUUB.<\/li>\n<\/ul>\n<p>Les dimensions du sac \u00e0 dos Transition \/\/ sont d&#8217;environ 60 cm de haut x 34 cm de large x 20 cm de profondeur.<\/p>","protected":false},"excerpt":{"rendered":"<p>Le sac de transition pr\u00e9f\u00e9r\u00e9 des triathl\u00e8tes a fait peau neuve. Ce sac d&#8217;un volume de 40 litres permet de ranger tout le mat\u00e9riel de triathlon. Il comprend un compartiment \u00e9tanche pour les combinaisons HUUB, des compartiments de rangement pour les chaussures et les casques, ainsi que de nombreuses poches pour tous les autres objets.<\/p>","protected":false},"featured_media":36075,"comment_status":"open","ping_status":"closed","template":"","meta":[],"product_brand":[286],"product_cat":[58,59],"product_tag":[259,303],"class_list":{"0":"post-36023","1":"product","2":"type-product","3":"status-publish","4":"has-post-thumbnail","6":"product_brand-huub","7":"product_cat-sacs","8":"product_cat-triathlon","9":"product_tag-2025brochure","10":"product_tag-newfor2025","11":"zank_product_brands-huub","12":"nt-post-class","13":"","19":"first","20":"instock","21":"taxable","22":"shipping-taxable","23":"purchasable","24":"product-type-simple"},"_links":{"self":[{"href":"https:\/\/www.infinitri.be\/pt\/wp-json\/wp\/v2\/product\/36023","targetHints":{"allow":["GET"]}}],"collection":[{"href":"https:\/\/www.infinitri.be\/pt\/wp-json\/wp\/v2\/product"}],"about":[{"href":"https:\/\/www.infinitri.be\/pt\/wp-json\/wp\/v2\/types\/product"}],"replies":[{"embeddable":true,"href":"https:\/\/www.infinitri.be\/pt\/wp-json\/wp\/v2\/comments?post=36023"}],"wp:featuredmedia":[{"embeddable":true,"href":"https:\/\/www.infinitri.be\/pt\/wp-json\/wp\/v2\/media\/36075"}],"wp:attachment":[{"href":"https:\/\/www.infinitri.be\/pt\/wp-json\/wp\/v2\/media?parent=36023"}],"wp:term":[{"taxonomy":"product_brand","embeddable":true,"href":"https:\/\/www.infinitri.be\/pt\/wp-json\/wp\/v2\/product_brand?post=36023"},{"taxonomy":"product_cat","embeddable":true,"href":"https:\/\/www.infinitri.be\/pt\/wp-json\/wp\/v2\/product_cat?post=36023"},{"taxonomy":"product_tag","embeddable":true,"href":"https:\/\/www.infinitri.be\/pt\/wp-json\/wp\/v2\/product_tag?post=36023"}],"curies":[{"name":"wp","href":"https:\/\/api.w.org\/{rel}","templated":true}]}}