{"id":36029,"date":"2025-12-27T10:47:38","date_gmt":"2025-12-27T10:47:38","guid":{"rendered":"https:\/\/www.infinitri.be\/?post_type=product&#038;p=36029"},"modified":"2026-04-04T17:36:03","modified_gmt":"2026-04-04T16:36:03","slug":"huub-her-spirit-bonnet-silicone","status":"publish","type":"product","link":"https:\/\/www.infinitri.be\/pt\/produto\/huub-her-spirit-bonnet-silicone\/","title":{"rendered":"Touca de silicone Huub-Her Spirit"},"content":{"rendered":"<p><strong>En tant que communaut\u00e9, Her Spirit s&#8217;est donn\u00e9 pour mission de soutenir les femmes de toutes capacit\u00e9s pour qu&#8217;elles soient plus en forme, plus fortes et plus saines de corps et d&#8217;esprit.<\/strong><\/p>\n<p>&nbsp;<\/p>\n<p>Con\u00e7u pour aider \u00e0 prot\u00e9ger vos cheveux des rigueurs du chlore gr\u00e2ce \u00e0 sa forme moul\u00e9e plate tr\u00e8s extensible. L\u00e9ger et hypoallerg\u00e9nique, le silicone souple permet \u00e0 la t\u00eate de respirer et all\u00e8ge les s\u00e9ances d&#8217;entra\u00eenement de natation les plus exigeantes.<\/p>\n<ul>\n<li>100% silicone moul\u00e9 \u00e0 plat<\/li>\n<li>L\u00e9ger<\/li>\n<li>Excellente durabilit\u00e9<\/li>\n<li>Forme sans plis pour un profil de tra\u00een\u00e9e r\u00e9duit<\/li>\n<li>Grande \u00e9lasticit\u00e9 pour un ajustement confortable<\/li>\n<li>Tissu souple pour un retrait rapide et sans accrochage<\/li>\n<li>Excellent rapport qualit\u00e9-prix<\/li>\n<\/ul>","protected":false},"excerpt":{"rendered":"<p>En tant que communaut\u00e9, Her Spirit s&#8217;est donn\u00e9 pour mission de soutenir les femmes de toutes capacit\u00e9s pour qu&#8217;elles soient plus en forme, plus fortes et plus saines de corps et d&#8217;esprit. &nbsp; Con\u00e7u pour aider \u00e0 prot\u00e9ger vos cheveux des rigueurs du chlore gr\u00e2ce \u00e0 sa forme moul\u00e9e plate tr\u00e8s extensible. L\u00e9ger et hypoallerg\u00e9nique,&#8230;<\/p>","protected":false},"featured_media":36093,"comment_status":"open","ping_status":"closed","template":"","meta":[],"product_brand":[286],"product_cat":[43,41],"product_tag":[259,303],"class_list":{"0":"post-36029","1":"product","2":"type-product","3":"status-publish","4":"has-post-thumbnail","6":"product_brand-huub","7":"product_cat-bonnet","8":"product_cat-natation","9":"product_tag-2025brochure","10":"product_tag-newfor2025","11":"zank_product_brands-huub","12":"nt-post-class","13":"","16":"excerpt-none","19":"first","20":"instock","21":"taxable","22":"shipping-taxable","23":"purchasable","24":"product-type-simple"},"_links":{"self":[{"href":"https:\/\/www.infinitri.be\/pt\/wp-json\/wp\/v2\/product\/36029","targetHints":{"allow":["GET"]}}],"collection":[{"href":"https:\/\/www.infinitri.be\/pt\/wp-json\/wp\/v2\/product"}],"about":[{"href":"https:\/\/www.infinitri.be\/pt\/wp-json\/wp\/v2\/types\/product"}],"replies":[{"embeddable":true,"href":"https:\/\/www.infinitri.be\/pt\/wp-json\/wp\/v2\/comments?post=36029"}],"wp:featuredmedia":[{"embeddable":true,"href":"https:\/\/www.infinitri.be\/pt\/wp-json\/wp\/v2\/media\/36093"}],"wp:attachment":[{"href":"https:\/\/www.infinitri.be\/pt\/wp-json\/wp\/v2\/media?parent=36029"}],"wp:term":[{"taxonomy":"product_brand","embeddable":true,"href":"https:\/\/www.infinitri.be\/pt\/wp-json\/wp\/v2\/product_brand?post=36029"},{"taxonomy":"product_cat","embeddable":true,"href":"https:\/\/www.infinitri.be\/pt\/wp-json\/wp\/v2\/product_cat?post=36029"},{"taxonomy":"product_tag","embeddable":true,"href":"https:\/\/www.infinitri.be\/pt\/wp-json\/wp\/v2\/product_tag?post=36029"}],"curies":[{"name":"wp","href":"https:\/\/api.w.org\/{rel}","templated":true}]}}