{"id":36286,"date":"2025-12-27T11:00:24","date_gmt":"2025-12-27T11:00:24","guid":{"rendered":"https:\/\/www.infinitri.be\/?post_type=product&#038;p=36286"},"modified":"2026-04-04T18:44:59","modified_gmt":"2026-04-04T17:44:59","slug":"huub-sacoche-de-selle","status":"publish","type":"product","link":"https:\/\/www.infinitri.be\/pt\/produto\/huub-sacoche-de-selle\/","title":{"rendered":"Huub- Bolsa de selim"},"content":{"rendered":"<p>D\u00e9couvrez le summum de la commodit\u00e9 en mati\u00e8re de cyclisme avec <strong>notre sacoche l\u00e9g\u00e8re et \u00e9tanche.<\/strong> Con\u00e7ue pour les cyclistes exigeants, cette sacoche allie durabilit\u00e9, fonctionnalit\u00e9 et facilit\u00e9 d&#8217;utilisation dans un design \u00e9l\u00e9gant et compact.<\/p>\n<p>Caract\u00e9ristiques principales :<\/p>\n<ul>\n<li>L\u00e9g\u00e8ret\u00e9 et durabilit\u00e9 : Fabriqu\u00e9e en nylon ripstop de premi\u00e8re qualit\u00e9, cette sacoche est \u00e0 la fois l\u00e9g\u00e8re et exceptionnellement durable, ce qui lui permet de r\u00e9sister aux rigueurs de n&#8217;importe quelle randonn\u00e9e.<\/li>\n<li>Protection imperm\u00e9able : Gardez vos objets essentiels au sec, quel que soit le temps. Le tissu imperm\u00e9able et les coutures scell\u00e9es offrent une protection fiable contre la pluie et l&#8217;humidit\u00e9.<\/li>\n<li>Fixation facile : Dot\u00e9e de sangles Velcro de haute qualit\u00e9, notre sacoche se fixe en toute s\u00e9curit\u00e9 sous votre selle ou sur votre tige de selle. Le syst\u00e8me d&#8217;attache sans souci garantit une installation et un retrait rapides et faciles.<\/li>\n<li>Acc\u00e8s par le bas gr\u00e2ce \u00e0 la fermeture \u00e9clair : Acc\u00e9dez \u00e0 votre \u00e9quipement sans effort gr\u00e2ce \u00e0 la fermeture \u00e0 glissi\u00e8re inf\u00e9rieure. Cette conception vous permet d&#8217;acc\u00e9der rapidement \u00e0 vos articles sans avoir \u00e0 retirer le sac.<\/li>\n<li>Dimensions parfaites : Mesurant 60 mm x 90 mm x 150 mm \u00e0 son point le plus large, cette sacoche offre un espace de rangement suffisant pour vos affaires essentielles sans encombrer votre v\u00e9lo.<\/li>\n<\/ul>\n<p>Que vous fassiez une longue balade ou un trajet rapide, notre sacoche \u00e9tanche l\u00e9g\u00e8re est le compagnon id\u00e9al pour garder votre \u00e9quipement en s\u00e9curit\u00e9 et accessible. Am\u00e9liorez votre exp\u00e9rience cycliste avec cet accessoire indispensable d\u00e8s aujourd&#8217;hui !<\/p>","protected":false},"excerpt":{"rendered":"<p>D\u00e9couvrez le summum de la commodit\u00e9 en mati\u00e8re de cyclisme avec <strong>notre sacoche l\u00e9g\u00e8re et \u00e9tanche.<\/strong> Con\u00e7ue pour les cyclistes exigeants, cette sacoche allie durabilit\u00e9, fonctionnalit\u00e9 et facilit\u00e9 d&#8217;utilisation dans un design \u00e9l\u00e9gant et compact.<\/p>","protected":false},"featured_media":36319,"comment_status":"open","ping_status":"closed","template":"","meta":[],"product_brand":[286],"product_cat":[140,37],"product_tag":[],"class_list":{"0":"post-36286","1":"product","2":"type-product","3":"status-publish","4":"has-post-thumbnail","6":"product_brand-huub","7":"product_cat-accessoires-cyclisme","8":"product_cat-cyclisme","9":"zank_product_brands-huub","10":"nt-post-class","11":"","17":"first","18":"instock","19":"taxable","20":"shipping-taxable","21":"purchasable","22":"product-type-simple"},"_links":{"self":[{"href":"https:\/\/www.infinitri.be\/pt\/wp-json\/wp\/v2\/product\/36286","targetHints":{"allow":["GET"]}}],"collection":[{"href":"https:\/\/www.infinitri.be\/pt\/wp-json\/wp\/v2\/product"}],"about":[{"href":"https:\/\/www.infinitri.be\/pt\/wp-json\/wp\/v2\/types\/product"}],"replies":[{"embeddable":true,"href":"https:\/\/www.infinitri.be\/pt\/wp-json\/wp\/v2\/comments?post=36286"}],"wp:featuredmedia":[{"embeddable":true,"href":"https:\/\/www.infinitri.be\/pt\/wp-json\/wp\/v2\/media\/36319"}],"wp:attachment":[{"href":"https:\/\/www.infinitri.be\/pt\/wp-json\/wp\/v2\/media?parent=36286"}],"wp:term":[{"taxonomy":"product_brand","embeddable":true,"href":"https:\/\/www.infinitri.be\/pt\/wp-json\/wp\/v2\/product_brand?post=36286"},{"taxonomy":"product_cat","embeddable":true,"href":"https:\/\/www.infinitri.be\/pt\/wp-json\/wp\/v2\/product_cat?post=36286"},{"taxonomy":"product_tag","embeddable":true,"href":"https:\/\/www.infinitri.be\/pt\/wp-json\/wp\/v2\/product_tag?post=36286"}],"curies":[{"name":"wp","href":"https:\/\/api.w.org\/{rel}","templated":true}]}}