{"id":36290,"date":"2025-12-27T11:00:24","date_gmt":"2025-12-27T11:00:24","guid":{"rendered":"https:\/\/www.infinitri.be\/?post_type=product&#038;p=36290"},"modified":"2026-04-04T18:44:51","modified_gmt":"2026-04-04T17:44:51","slug":"huub-box-nourriture-sacoche-de-cadre","status":"publish","type":"product","link":"https:\/\/www.infinitri.be\/pt\/produto\/huub-box-nourriture-sacoche-de-cadre\/","title":{"rendered":"Huub-Box food - saco com arma\u00e7\u00e3o"},"content":{"rendered":"<p>Ideal para uma variedade de utiliza\u00e7\u00f5es, perfeito para a alimenta\u00e7\u00e3o no dia da corrida ou para pe\u00e7as sobresselentes. Durante o treino, pode guardar os seus objectos de valor, telem\u00f3vel, g\u00e9is energ\u00e9ticos e dinheiro. Tamb\u00e9m est\u00e3o a tornar-se cada vez mais populares no mundo dos sacos de bicicleta, oferecendo espa\u00e7o de armazenamento aerodin\u00e2mico extra para aventuras de ciclismo.<\/p>\n<p>&nbsp;<\/p>\n<ul>\n<li>Conce\u00e7\u00e3o aerodin\u00e2mica para reduzir a resist\u00eancia.<\/li>\n<li>Moldado para um ajuste seguro do tubo superior.<\/li>\n<li>Totalmente \u00e0 prova de \u00e1gua.<\/li>\n<li>Grande capacidade.<\/li>\n<li>Abertura f\u00e1cil, fecho de correr com um dedo.<\/li>\n<li>Cintas de seguran\u00e7a de 3 pontos com ganchos e fivelas.<\/li>\n<li>Comprimento 16 cm x largura 5 cm<\/li>\n<\/ul>","protected":false},"excerpt":{"rendered":"<p>Ideal para uma variedade de utiliza\u00e7\u00f5es, perfeito para a alimenta\u00e7\u00e3o no dia da corrida ou para pe\u00e7as sobresselentes. Durante o treino, pode guardar os seus objectos de valor, telem\u00f3vel, g\u00e9is energ\u00e9ticos e dinheiro. Tamb\u00e9m est\u00e3o a tornar-se cada vez mais populares no mundo dos sacos para bicicletas.<\/p>","protected":false},"featured_media":36338,"comment_status":"open","ping_status":"closed","template":"","meta":[],"product_brand":[286],"product_cat":[140,37,59],"product_tag":[],"class_list":{"0":"post-36290","1":"product","2":"type-product","3":"status-publish","4":"has-post-thumbnail","6":"product_brand-huub","7":"product_cat-accessoires-cyclisme","8":"product_cat-cyclisme","9":"product_cat-triathlon","10":"zank_product_brands-huub","11":"nt-post-class","12":"","18":"first","19":"instock","20":"taxable","21":"shipping-taxable","22":"purchasable","23":"product-type-simple"},"_links":{"self":[{"href":"https:\/\/www.infinitri.be\/pt\/wp-json\/wp\/v2\/product\/36290","targetHints":{"allow":["GET"]}}],"collection":[{"href":"https:\/\/www.infinitri.be\/pt\/wp-json\/wp\/v2\/product"}],"about":[{"href":"https:\/\/www.infinitri.be\/pt\/wp-json\/wp\/v2\/types\/product"}],"replies":[{"embeddable":true,"href":"https:\/\/www.infinitri.be\/pt\/wp-json\/wp\/v2\/comments?post=36290"}],"wp:featuredmedia":[{"embeddable":true,"href":"https:\/\/www.infinitri.be\/pt\/wp-json\/wp\/v2\/media\/36338"}],"wp:attachment":[{"href":"https:\/\/www.infinitri.be\/pt\/wp-json\/wp\/v2\/media?parent=36290"}],"wp:term":[{"taxonomy":"product_brand","embeddable":true,"href":"https:\/\/www.infinitri.be\/pt\/wp-json\/wp\/v2\/product_brand?post=36290"},{"taxonomy":"product_cat","embeddable":true,"href":"https:\/\/www.infinitri.be\/pt\/wp-json\/wp\/v2\/product_cat?post=36290"},{"taxonomy":"product_tag","embeddable":true,"href":"https:\/\/www.infinitri.be\/pt\/wp-json\/wp\/v2\/product_tag?post=36290"}],"curies":[{"name":"wp","href":"https:\/\/api.w.org\/{rel}","templated":true}]}}