{"id":36301,"date":"2025-12-27T11:00:25","date_gmt":"2025-12-27T11:00:25","guid":{"rendered":"https:\/\/www.infinitri.be\/?post_type=product&#038;p=36301"},"modified":"2026-04-04T18:45:14","modified_gmt":"2026-04-04T17:45:14","slug":"race-cap-ii-black","status":"publish","type":"product","link":"https:\/\/www.infinitri.be\/pt\/produto\/race-cap-ii-black\/","title":{"rendered":"Bon\u00e9 Race II - Preto"},"content":{"rendered":"<p>O nosso novo bon\u00e9 de corrida \u00e9 super leve, constru\u00eddo em tecido de malha para criar o m\u00e1ximo fluxo de ar e transfer\u00eancia de humidade. Este bon\u00e9 de corrida de estilo cl\u00e1ssico \u00e9 totalmente ajust\u00e1vel e est\u00e1 dispon\u00edvel em preto, coral ou branco.<\/p>\n<ul>\n<li>Bon\u00e9 de corrida cl\u00e1ssico com painel frontal plano.<\/li>\n<li>Ajuste melhorado<\/li>\n<li>O tecido de malha cria um fluxo de ar e uma transfer\u00eancia de humidade m\u00e1ximos.<\/li>\n<li>Totalmente ajust\u00e1vel.<\/li>\n<\/ul>","protected":false},"excerpt":{"rendered":"<p>Notre nouvelle casquette Race Cap est super l\u00e9g\u00e8re, construite en tissu mesh pour cr\u00e9er un flux d&#8217;air et un transfert d&#8217;humidit\u00e9 maximum. Cette casquette de course de style classique est enti\u00e8rement r\u00e9glable et disponible en noir, corail ou blanc. Casquette de course de style classique avec panneau frontal plat. Ajustement am\u00e9lior\u00e9 Le tissu en maille&#8230;<\/p>","protected":false},"featured_media":36380,"comment_status":"open","ping_status":"closed","template":"","meta":[],"product_brand":[],"product_cat":[298,16],"product_tag":[259,295,260,261,262,263,306,308,287,288,264,265,266,202,267,274,292,279,268,269,276,271,272,273,277],"class_list":{"0":"post-36301","1":"product","2":"type-product","3":"status-publish","4":"has-post-thumbnail","6":"product_cat-casquettes","7":"product_cat-course","8":"product_tag-2025brochure","9":"product_tag-25training","10":"product_tag-4882-sale","11":"product_tag-4882active","12":"product_tag-262","13":"product_tag-bhgof24","14":"product_tag-categoryaccessories","15":"product_tag-collectionaccessories","16":"product_tag-cycle-all","17":"product_tag-cycle-mens","18":"product_tag-fathers","19":"product_tag-fathersday24","20":"product_tag-full","21":"product_tag-gendermens","22":"product_tag-genderwomens","23":"product_tag-gift","24":"product_tag-lifestyle-womens","25":"product_tag-mens-swim","26":"product_tag-muuvrfull","27":"product_tag-notpodium24","28":"product_tag-swim-all","29":"product_tag-triathlon-all","30":"product_tag-triathlon-mens","31":"product_tag-triathlon-womens","32":"product_tag-womens-swim","33":"nt-post-class","34":"","37":"excerpt-none","40":"first","41":"instock","42":"taxable","43":"shipping-taxable","44":"purchasable","45":"product-type-simple"},"_links":{"self":[{"href":"https:\/\/www.infinitri.be\/pt\/wp-json\/wp\/v2\/product\/36301","targetHints":{"allow":["GET"]}}],"collection":[{"href":"https:\/\/www.infinitri.be\/pt\/wp-json\/wp\/v2\/product"}],"about":[{"href":"https:\/\/www.infinitri.be\/pt\/wp-json\/wp\/v2\/types\/product"}],"replies":[{"embeddable":true,"href":"https:\/\/www.infinitri.be\/pt\/wp-json\/wp\/v2\/comments?post=36301"}],"wp:featuredmedia":[{"embeddable":true,"href":"https:\/\/www.infinitri.be\/pt\/wp-json\/wp\/v2\/media\/36380"}],"wp:attachment":[{"href":"https:\/\/www.infinitri.be\/pt\/wp-json\/wp\/v2\/media?parent=36301"}],"wp:term":[{"taxonomy":"product_brand","embeddable":true,"href":"https:\/\/www.infinitri.be\/pt\/wp-json\/wp\/v2\/product_brand?post=36301"},{"taxonomy":"product_cat","embeddable":true,"href":"https:\/\/www.infinitri.be\/pt\/wp-json\/wp\/v2\/product_cat?post=36301"},{"taxonomy":"product_tag","embeddable":true,"href":"https:\/\/www.infinitri.be\/pt\/wp-json\/wp\/v2\/product_tag?post=36301"}],"curies":[{"name":"wp","href":"https:\/\/api.w.org\/{rel}","templated":true}]}}