{"id":36302,"date":"2025-12-27T11:00:25","date_gmt":"2025-12-27T11:00:25","guid":{"rendered":"https:\/\/www.infinitri.be\/?post_type=product&#038;p=36302"},"modified":"2026-04-04T18:45:14","modified_gmt":"2026-04-04T17:45:14","slug":"race-cap-ii-blanche","status":"publish","type":"product","link":"https:\/\/www.infinitri.be\/pt\/produto\/race-cap-ii-blanche\/","title":{"rendered":"Bon\u00e9 Race II - Branco"},"content":{"rendered":"<p>Notre nouvelle casquette Race Cap est super l\u00e9g\u00e8re, construite en tissu mesh pour cr\u00e9er un flux d&#8217;air et un transfert d&#8217;humidit\u00e9 maximum. Cette casquette de course de style classique est enti\u00e8rement r\u00e9glable et disponible en noir ou blanc<\/p>\n<p>Bon\u00e9 de corrida cl\u00e1ssico com painel frontal plano.<\/p>","protected":false},"excerpt":{"rendered":"<p>Notre nouvelle casquette Race Cap est super l\u00e9g\u00e8re, construite en tissu mesh pour cr\u00e9er un flux d&#8217;air et un transfert d&#8217;humidit\u00e9 maximum. Cette casquette de course de style classique est enti\u00e8rement r\u00e9glable et disponible en noir ou blanc Casquette de course de style classique avec panneau frontal plat.<\/p>","protected":false},"featured_media":36384,"comment_status":"open","ping_status":"closed","template":"","meta":[],"product_brand":[],"product_cat":[298],"product_tag":[259,295,260,261,262,263,306,308,287,288,264,265,266,202,267,274,292,279,268,269,276,271,272,273,277],"class_list":{"0":"post-36302","1":"product","2":"type-product","3":"status-publish","4":"has-post-thumbnail","6":"product_cat-casquettes","7":"product_tag-2025brochure","8":"product_tag-25training","9":"product_tag-4882-sale","10":"product_tag-4882active","11":"product_tag-262","12":"product_tag-bhgof24","13":"product_tag-categoryaccessories","14":"product_tag-collectionaccessories","15":"product_tag-cycle-all","16":"product_tag-cycle-mens","17":"product_tag-fathers","18":"product_tag-fathersday24","19":"product_tag-full","20":"product_tag-gendermens","21":"product_tag-genderwomens","22":"product_tag-gift","23":"product_tag-lifestyle-womens","24":"product_tag-mens-swim","25":"product_tag-muuvrfull","26":"product_tag-notpodium24","27":"product_tag-swim-all","28":"product_tag-triathlon-all","29":"product_tag-triathlon-mens","30":"product_tag-triathlon-womens","31":"product_tag-womens-swim","32":"nt-post-class","33":"","36":"excerpt-none","39":"first","40":"instock","41":"taxable","42":"shipping-taxable","43":"purchasable","44":"product-type-simple"},"_links":{"self":[{"href":"https:\/\/www.infinitri.be\/pt\/wp-json\/wp\/v2\/product\/36302","targetHints":{"allow":["GET"]}}],"collection":[{"href":"https:\/\/www.infinitri.be\/pt\/wp-json\/wp\/v2\/product"}],"about":[{"href":"https:\/\/www.infinitri.be\/pt\/wp-json\/wp\/v2\/types\/product"}],"replies":[{"embeddable":true,"href":"https:\/\/www.infinitri.be\/pt\/wp-json\/wp\/v2\/comments?post=36302"}],"wp:featuredmedia":[{"embeddable":true,"href":"https:\/\/www.infinitri.be\/pt\/wp-json\/wp\/v2\/media\/36384"}],"wp:attachment":[{"href":"https:\/\/www.infinitri.be\/pt\/wp-json\/wp\/v2\/media?parent=36302"}],"wp:term":[{"taxonomy":"product_brand","embeddable":true,"href":"https:\/\/www.infinitri.be\/pt\/wp-json\/wp\/v2\/product_brand?post=36302"},{"taxonomy":"product_cat","embeddable":true,"href":"https:\/\/www.infinitri.be\/pt\/wp-json\/wp\/v2\/product_cat?post=36302"},{"taxonomy":"product_tag","embeddable":true,"href":"https:\/\/www.infinitri.be\/pt\/wp-json\/wp\/v2\/product_tag?post=36302"}],"curies":[{"name":"wp","href":"https:\/\/api.w.org\/{rel}","templated":true}]}}