{"id":36307,"date":"2025-12-27T11:01:12","date_gmt":"2025-12-27T11:01:12","guid":{"rendered":"https:\/\/www.infinitri.be\/?post_type=product&#038;p=36307"},"modified":"2026-04-04T18:45:14","modified_gmt":"2026-04-04T17:45:14","slug":"huub-vision-lunette-de-natation-blanche","status":"publish","type":"product","link":"https:\/\/www.infinitri.be\/pt\/produto\/huub-vision-lunette-de-natation-blanche\/","title":{"rendered":"Huub - \u00d3culos de nata\u00e7\u00e3o Vision - brancos"},"content":{"rendered":"<p>Vision par nom et vision par nature. Nous voulions les lunettes les plus douces, les plus confortables et les plus visuelles qui soient. Ces lunettes ont \u00e9t\u00e9 con\u00e7ues pour les d\u00e9butants en eau libre ou pour ceux qui recherchent le confort d&#8217;une visibilit\u00e9 totale.<\/p>\n<p>A arma\u00e7\u00e3o e a junta de silicone macio oferecem um ajuste seguro e de baixa press\u00e3o. Quer os \u00f3culos mais confort\u00e1veis do mundo para utiliza\u00e7\u00e3o em \u00e1guas abertas e em piscinas? Ent\u00e3o estes s\u00e3o os \u00f3culos para si!<\/p>\n<p>Prote\u00e7\u00e3o UV e lente PC<br \/>\nMoldura, correia e vedante em silicone macio<br \/>\nDesign \u00fanico de lente \u00fanica<br \/>\nLa lentille miroir r\u00e9duit l&#8217;\u00e9blouissement<br \/>\nSangle arri\u00e8re confortable pour un meilleur ajustement<\/p>\n<p>&nbsp;<\/p>","protected":false},"excerpt":{"rendered":"<p>Vision par nom et vision par nature. Nous voulions les lunettes les plus douces, les plus confortables et les plus visuelles qui soient. Ces lunettes ont \u00e9t\u00e9 con\u00e7ues pour les d\u00e9butants en eau libre ou pour ceux qui recherchent le confort d&#8217;une visibilit\u00e9 totale. La monture et le joint en silicone souple offrent un ajustement&#8230;<\/p>","protected":false},"featured_media":36390,"comment_status":"open","ping_status":"closed","template":"","meta":[],"product_brand":[286],"product_cat":[56],"product_tag":[259,261,320,202,267,279,268,269,275,276,271,272,273,277],"class_list":{"0":"post-36307","1":"product","2":"type-product","3":"status-publish","4":"has-post-thumbnail","6":"product_brand-huub","7":"product_cat-lunettes-triathlon","8":"product_tag-2025brochure","9":"product_tag-4882active","10":"product_tag-collection-vision","11":"product_tag-gendermens","12":"product_tag-genderwomens","13":"product_tag-mens-swim","14":"product_tag-muuvrfull","15":"product_tag-notpodium24","16":"product_tag-notss","17":"product_tag-swim-all","18":"product_tag-triathlon-all","19":"product_tag-triathlon-mens","20":"product_tag-triathlon-womens","21":"product_tag-womens-swim","22":"zank_product_brands-huub","23":"nt-post-class","24":"","27":"excerpt-none","30":"first","31":"instock","32":"taxable","33":"shipping-taxable","34":"purchasable","35":"product-type-simple"},"_links":{"self":[{"href":"https:\/\/www.infinitri.be\/pt\/wp-json\/wp\/v2\/product\/36307","targetHints":{"allow":["GET"]}}],"collection":[{"href":"https:\/\/www.infinitri.be\/pt\/wp-json\/wp\/v2\/product"}],"about":[{"href":"https:\/\/www.infinitri.be\/pt\/wp-json\/wp\/v2\/types\/product"}],"replies":[{"embeddable":true,"href":"https:\/\/www.infinitri.be\/pt\/wp-json\/wp\/v2\/comments?post=36307"}],"wp:featuredmedia":[{"embeddable":true,"href":"https:\/\/www.infinitri.be\/pt\/wp-json\/wp\/v2\/media\/36390"}],"wp:attachment":[{"href":"https:\/\/www.infinitri.be\/pt\/wp-json\/wp\/v2\/media?parent=36307"}],"wp:term":[{"taxonomy":"product_brand","embeddable":true,"href":"https:\/\/www.infinitri.be\/pt\/wp-json\/wp\/v2\/product_brand?post=36307"},{"taxonomy":"product_cat","embeddable":true,"href":"https:\/\/www.infinitri.be\/pt\/wp-json\/wp\/v2\/product_cat?post=36307"},{"taxonomy":"product_tag","embeddable":true,"href":"https:\/\/www.infinitri.be\/pt\/wp-json\/wp\/v2\/product_tag?post=36307"}],"curies":[{"name":"wp","href":"https:\/\/api.w.org\/{rel}","templated":true}]}}