{"id":36449,"date":"2025-12-27T12:23:38","date_gmt":"2025-12-27T11:23:38","guid":{"rendered":"https:\/\/www.infinitri.be\/?post_type=product&#038;p=36449"},"modified":"2026-04-04T17:35:39","modified_gmt":"2026-04-04T16:35:39","slug":"core-4-bib-shorts-black-mens","status":"publish","type":"product","link":"https:\/\/www.infinitri.be\/pt\/produto\/core-4-bib-shorts-black-mens\/","title":{"rendered":"Huub Core 4 Bib Shorts Black &#8211; Men&#8217;s"},"content":{"rendered":"<div class=\"Y3BBE\" data-sfc-cp=\"\" data-sfc-root=\"c\" data-sfc-cb=\"\" data-hveid=\"CAEIBhAA\" data-complete=\"true\" data-processed=\"true\">Le\u00a0<strong class=\"Yjhzub\" data-sfc-root=\"c\" data-sfc-cb=\"\" data-complete=\"true\" data-processed=\"true\">HUUB Core 4 Bib Short<\/strong>\u00a0est le choix de pr\u00e9dilection des cyclistes cherchant un cuissard fiable et performant pour toutes leurs sorties. Fid\u00e8le \u00e0 l&#8217;ADN de HUUB, il combine sobri\u00e9t\u00e9 et technicit\u00e9 :<button class=\"rBl3me\" data-amic=\"true\" data-icl-uuid=\"88959b1a-08a6-4b5b-bf48-871773933383\" aria-label=\"Afficher les liens associ\u00e9s\" data-wiz-attrbind=\"disabled=n9uMCb_17\/C5gNJc;aria-label=n9uMCb_17\/bOjMyf;class=n9uMCb_17\/UpSNec\" data-ved=\"2ahUKEwjQqInn1ruTAxUQNvsDHQ4XDb0Qye0OegYIAQgGEAE\" data-hveid=\"CAEIBhAB\"><\/button><\/div>\n<ul class=\"KsbFXc U6u95\" data-sfc-root=\"c\" data-sfc-cb=\"\" data-complete=\"true\" data-processed=\"true\">\n<li class=\"dF3vjf\" data-sfc-root=\"c\" data-sfc-cb=\"\" data-hveid=\"CAEIBxAA\" data-complete=\"true\" data-sae=\"\"><span class=\"T286Pc\" data-sfc-cp=\"\" data-sfc-root=\"c\" data-sfc-cb=\"\" data-complete=\"true\"><strong class=\"Yjhzub\" data-sfc-root=\"c\" data-sfc-cb=\"\" data-complete=\"true\">Confort 3D :<\/strong>\u00a0\u00c9quip\u00e9 d&#8217;un insert 3D anatomique qui r\u00e9duit les frottements et assure une protection cibl\u00e9e sur les points de pression.<\/span><\/li>\n<li class=\"dF3vjf\" data-sfc-root=\"c\" data-sfc-cb=\"\" data-hveid=\"CAEIBxAB\" data-complete=\"true\" data-sae=\"\"><span class=\"T286Pc\" data-sfc-cp=\"\" data-sfc-root=\"c\" data-sfc-cb=\"\" data-complete=\"true\"><strong class=\"Yjhzub\" data-sfc-root=\"c\" data-sfc-cb=\"\" data-complete=\"true\">Tissu Respirant :<\/strong>\u00a0Fabriqu\u00e9 dans un m\u00e9lange de tissus \u00e9vacuant rapidement la transpiration pour vous garder au sec, m\u00eame lors d&#8217;efforts intenses.<\/span><\/li>\n<li class=\"dF3vjf\" data-sfc-root=\"c\" data-sfc-cb=\"\" data-hveid=\"CAEIBxAC\" data-complete=\"true\" data-sae=\"\"><span class=\"T286Pc\" data-sfc-cp=\"\" data-sfc-root=\"c\" data-sfc-cb=\"\" data-complete=\"true\"><strong class=\"Yjhzub\" data-sfc-root=\"c\" data-sfc-cb=\"\" data-complete=\"true\">Bretelles en Mesh :<\/strong>\u00a0Larges et a\u00e9r\u00e9es, elles stabilisent le cuissard tout en favorisant la r\u00e9gulation thermique du buste.<\/span><\/li>\n<li class=\"dF3vjf\" data-sfc-root=\"c\" data-sfc-cb=\"\" data-hveid=\"CAEIBxAD\" data-complete=\"true\" data-sae=\"\"><span class=\"T286Pc\" data-sfc-cp=\"\" data-sfc-root=\"c\" data-sfc-cb=\"\" data-complete=\"true\"><strong class=\"Yjhzub\" data-sfc-root=\"c\" data-sfc-cb=\"\" data-complete=\"true\">Look Minimaliste :<\/strong>\u00a0Un design &#8220;Full Black&#8221; \u00e9l\u00e9gant avec logos discrets, facile \u00e0 assortir avec n&#8217;importe quel maillot de votre garde-robe.<\/span><\/li>\n<\/ul>\n<h4><\/h4>","protected":false},"excerpt":{"rendered":"<p>D\u00e9couvrez le\u00a0<strong class=\"Yjhzub\" data-sfc-root=\"c\" data-sfc-cb=\"\" data-complete=\"true\" data-processed=\"true\">bib short HUUB Core 4<\/strong>, l&#8217;\u00e9quipement incontournable pour vos entra\u00eenements quotidiens. Con\u00e7u avec un tissu technique respirant et une\u00a0<strong class=\"Yjhzub\" data-sfc-root=\"c\" data-sfc-cb=\"\" data-complete=\"true\" data-processed=\"true\">peau de chamois 3D haute densit\u00e9<\/strong>, il garantit un confort optimal jusqu&#8217;\u00e0 4 heures de selle. Sa coupe ergonomique et ses finitions en silicone offrent un maintien parfait sans compression inutile. Dominez la route avec la qualit\u00e9 HUUB.<\/p>","protected":false},"featured_media":36482,"comment_status":"open","ping_status":"closed","template":"","meta":[],"product_brand":[286],"product_cat":[39,37,15],"product_tag":[],"class_list":{"0":"post-36449","1":"product","2":"type-product","3":"status-publish","4":"has-post-thumbnail","6":"product_brand-huub","7":"product_cat-cuissards","8":"product_cat-cyclisme","9":"product_cat-non-classe","10":"zank_product_brands-huub","11":"nt-post-class","12":"","18":"first","19":"instock","20":"sale","21":"taxable","22":"shipping-taxable","23":"purchasable","24":"product-type-variable","25":"has-default-attributes"},"_links":{"self":[{"href":"https:\/\/www.infinitri.be\/pt\/wp-json\/wp\/v2\/product\/36449","targetHints":{"allow":["GET"]}}],"collection":[{"href":"https:\/\/www.infinitri.be\/pt\/wp-json\/wp\/v2\/product"}],"about":[{"href":"https:\/\/www.infinitri.be\/pt\/wp-json\/wp\/v2\/types\/product"}],"replies":[{"embeddable":true,"href":"https:\/\/www.infinitri.be\/pt\/wp-json\/wp\/v2\/comments?post=36449"}],"wp:featuredmedia":[{"embeddable":true,"href":"https:\/\/www.infinitri.be\/pt\/wp-json\/wp\/v2\/media\/36482"}],"wp:attachment":[{"href":"https:\/\/www.infinitri.be\/pt\/wp-json\/wp\/v2\/media?parent=36449"}],"wp:term":[{"taxonomy":"product_brand","embeddable":true,"href":"https:\/\/www.infinitri.be\/pt\/wp-json\/wp\/v2\/product_brand?post=36449"},{"taxonomy":"product_cat","embeddable":true,"href":"https:\/\/www.infinitri.be\/pt\/wp-json\/wp\/v2\/product_cat?post=36449"},{"taxonomy":"product_tag","embeddable":true,"href":"https:\/\/www.infinitri.be\/pt\/wp-json\/wp\/v2\/product_tag?post=36449"}],"curies":[{"name":"wp","href":"https:\/\/api.w.org\/{rel}","templated":true}]}}