{"id":36457,"date":"2025-12-27T11:23:39","date_gmt":"2025-12-27T11:23:39","guid":{"rendered":"https:\/\/www.infinitri.be\/?post_type=product&#038;p=36457"},"modified":"2026-04-04T17:35:47","modified_gmt":"2026-04-04T16:35:47","slug":"brownlee-agilis-silver-bronze-wetsuit-mens","status":"publish","type":"product","link":"https:\/\/www.infinitri.be\/pt\/produto\/brownlee-agilis-silver-bronze-wetsuit-mens\/","title":{"rendered":"Fato de mergulho Brownlee Agilis Silver Bronze \u2013 Homem"},"content":{"rendered":"<p><b>JONNY BROWNLEE SILVER &amp; BRONZE 3:5 WETSUIT<\/b><\/p>\n<p><b>O MELHOR FATO DE MERGULHO PARA DESEMPENHO DE ELITE\u00a0<\/b><\/p>\n<p>H\u00e1 coisas que n\u00e3o podem ser melhoradas (bem, por enquanto)! Os irm\u00e3os Alistair e Jonny Brownlee, medalhistas ol\u00edmpicos de ouro e prata, desafiaram-nos a criar o fato Agilis com dois objectivos simples.<\/p>\n<p>Os Brownlees queriam poder :<\/p>\n<ol>\n<li>Nadar como se n\u00e3o estivessem a usar um fato de mergulho durante todo o ciclo de nata\u00e7\u00e3o.<\/li>\n<li>Certifique-se de que as ancas e as pernas est\u00e3o o mais elevadas poss\u00edvel e mantenha-as nesta posi\u00e7\u00e3o.<\/li>\n<\/ol>\n<p>Este \u00e9 agora o terceiro ano desde a introdu\u00e7\u00e3o do fato, e era suposto ser um ano bastante normal at\u00e9 que 2020 e a Covid-19 transformaram 2021 num ano ol\u00edmpico. Quisemos celebrar as conquistas de Ali e Jonny nos \u00faltimos dois Jogos Ol\u00edmpicos com estes fatos Brownlee Agilis de edi\u00e7\u00e3o limitada.<\/p>\n<p>Os fatos representam a cor das medalhas conquistadas por Alistair e Jonny nos triatlos ol\u00edmpicos de Londres 2012 e Rio 2016. Estamos orgulhosos da nossa parceria com a Brownless, e as nossas edi\u00e7\u00f5es limitadas Gold Agilis e Silver &amp; Bronze Agilis prestam homenagem \u00e0s medalhas de ouro de Alistair e \u00e0s medalhas de prata e bronze de Jonny. Cada fato est\u00e1 limitado a 500 pe\u00e7as, mas o mesmo desempenho topo de gama, conhecimento hidrodin\u00e2mico e qualidade de design est\u00e3o \u00e0 vista de todos.<\/p>\n<p><strong>+43\u2122<\/strong><\/p>\n<p>Os novos materiais de flutuabilidade oferecem uma eleva\u00e7\u00e3o sem precedentes das pernas e da parte inferior do corpo, dentro das normas regulamentares. A espuma de flutua\u00e7\u00e3o +43\u2122 exclusiva da HUUB oferece 43 % mais flutuabilidade do que o neoprene padr\u00e3o. Normalmente, os fabricantes de fatos de mergulho adicionam flutuabilidade nas coxas e nas ancas, mas neste fato de mergulho, o material +43\u2122 vai para al\u00e9m do centro de flutuabilidade para uma eleva\u00e7\u00e3o m\u00e1xima das pernas.<\/p>\n<p>Gra\u00e7as \u00e0 contribui\u00e7\u00e3o de Alistair, Jonny e do Professor Huub Toussaint, podemos agora afirmar com confian\u00e7a que n\u00e3o existe uma combina\u00e7\u00e3o mais r\u00e1pida. Isto \u00e9 o que os triatletas t\u00eam estado \u00e0 espera - um fato de dia de corrida sem compromissos. Alistair e Jonny n\u00e3o sacrificam o seu desempenho por nada, por isso n\u00e3o \u00e9 surpreendente que n\u00e3o recorram a um fato de mergulho a n\u00e3o ser que seja REALMENTE o melhor com que alguma vez nadaram.<\/p>\n<p>Obter este tipo de feedback dos irm\u00e3os \u00e9 algo que n\u00e3o se consegue fazer sem um enorme conhecimento e uma grande fonte de informa\u00e7\u00e3o. Este fato de mergulho \u00e9 realmente uma magn\u00edfica pe\u00e7a de equipamento de nata\u00e7\u00e3o. Simples mas incrivelmente eficaz, tem tecnologia invis\u00edvel, mas como dizemos, \u00ab\u00e9 o que n\u00e3o se v\u00ea que nos torna mais r\u00e1pidos\u00bb.\u201d<\/p>\n<p><strong>Carater\u00edsticas principais:<\/strong><\/p>\n<ul>\n<li style=\"list-style-type: none\">\n<ul>\n<li>A tecnologia exclusiva Arms Neutral\u2122, com patente pendente, oferece uma Rotational Freedom\u2122 totalmente inigual\u00e1vel.<\/li>\n<li>Espuma de flutuabilidade +43\u2122 exclusiva da HUUB que oferece mais 43 % de flutuabilidade do que o neopreno normal.<\/li>\n<li>Concebida com a participa\u00e7\u00e3o ativa dos irm\u00e3os Brownlee.<\/li>\n<li>Neopreno de alta qualidade.<\/li>\n<li>Fecho de correr para transi\u00e7\u00f5es mais r\u00e1pidas.<\/li>\n<li>O bordo do pesco\u00e7o \u00e9 pressionado para maior conforto.<\/li>\n<\/ul>\n<\/li>\n<\/ul>\n<h4>Como deve ser um fato de mergulho bem ajustado?<\/h4>\n<p>Selecione um tamanho abaixo para ver como deve ficar:<\/p>\n<div>Tamanho do homem:\u00a0 \u00a0\u00a0<strong><a href=\"https:\/\/cdn.shopify.com\/s\/files\/1\/0233\/5881\/files\/MENS_S.mp4?16185\" target=\"_blank\" rel=\"noopener\">S<\/a>\u00a0<\/strong> \u2013\u00a0\u00a0\u00a0<a href=\"https:\/\/cdn.shopify.com\/s\/files\/1\/0233\/5881\/files\/MENS_SMT.mp4?16185\" target=\"_blank\" rel=\"noopener\"><strong>SMT<\/strong><\/a>\u00a0 \u2013\u00a0 <a href=\"https:\/\/cdn.shopify.com\/s\/files\/1\/0233\/5881\/files\/MENS_M.mp4?16189\" target=\"_blank\" rel=\"noopener\"><strong>M<\/strong><\/a>\u00a0 \u2013\u00a0 <a href=\"https:\/\/cdn.shopify.com\/s\/files\/1\/0233\/5881\/files\/MENS_MT.mp4?16189\" target=\"_blank\" rel=\"noopener\"><strong>MT<\/strong><\/a>\u00a0 \u2013\u00a0 <a href=\"https:\/\/cdn.shopify.com\/s\/files\/1\/0233\/5881\/files\/MENS_ML.mp4?16189\" target=\"_blank\" rel=\"noopener\"><strong>ML<\/strong><\/a>\u00a0 \u2013\u00a0 <a href=\"https:\/\/cdn.shopify.com\/s\/files\/1\/0233\/5881\/files\/MENS_XL.mp4?16189\" target=\"_blank\" rel=\"noopener\"><strong>XL<\/strong><\/a>\u00a0 \u2013\u00a0<strong>\u00a0\u00a0<a href=\"https:\/\/cdn.shopify.com\/s\/files\/1\/0233\/5881\/files\/MENS_SS.mp4?16190\" target=\"_blank\" rel=\"noopener\">SS<\/a><\/strong><\/div>\n<div><\/div>\n<div>Tamanho da mulher:\u00a0 \u00a0<a href=\"https:\/\/cdn.shopify.com\/s\/files\/1\/0233\/5881\/files\/WOMENS_S_2.0.mp4?16189\" target=\"_blank\" rel=\"noopener\"><strong>S<\/strong><\/a>\u00a0 \u2013\u00a0 <a href=\"https:\/\/cdn.shopify.com\/s\/files\/1\/0233\/5881\/files\/WOMENS_M.mp4?16189\" target=\"_blank\" rel=\"noopener\"><strong>M<\/strong><\/a>\u00a0 \u2013\u00a0 <a href=\"https:\/\/cdn.shopify.com\/s\/files\/1\/0233\/5881\/files\/WOMENS_ML.mp4?16189\" target=\"_blank\" rel=\"noopener\"><strong>ML<\/strong><\/a>\u00a0\u00a0\u2013\u00a0\u00a0<a href=\"https:\/\/cdn.shopify.com\/s\/files\/1\/0233\/5881\/files\/WOMENS_SS_1.mp4?16190\" target=\"_blank\" rel=\"noopener\"><strong>SS<\/strong><\/a><\/div>\n<div><\/div>\n<div><\/div>\n<div><\/div>\n<div>\n<p><a href=\"https:\/\/huubdesign.com\/pages\/refund-policy\">Informa\u00e7\u00f5es sobre a garantia<\/a><\/p>\n<\/div>","protected":false},"excerpt":{"rendered":"<p>JONNY BROWNLEE SILVER &amp; BRONZE 3:5 WETSUIT THE ULTIMATE WETSUIT FOR ELITE PERFORMANCE\u00a0 Il y a des choses qu&#8217;on ne peut pas am\u00e9liorer (enfin, pour l&#8217;instant) ! Les fr\u00e8res Alistair et Jonny Brownlee, m\u00e9daill\u00e9s d&#8217;or et d&#8217;argent aux Jeux olympiques, nous ont mis au d\u00e9fi de cr\u00e9er la combinaison Agilis avec deux objectifs simples. Les&#8230;<\/p>","protected":false},"featured_media":36529,"comment_status":"open","ping_status":"closed","template":"","meta":[],"product_brand":[286],"product_cat":[130,141,59],"product_tag":[],"class_list":{"0":"post-36457","1":"product","2":"type-product","3":"status-publish","4":"has-post-thumbnail","6":"product_brand-huub","7":"product_cat-combinaison-neoprene","8":"product_cat-outlet","9":"product_cat-triathlon","10":"zank_product_brands-huub","11":"nt-post-class","12":"","15":"excerpt-none","18":"first","19":"outofstock","20":"sale","21":"taxable","22":"shipping-taxable","23":"purchasable","24":"product-type-variable","25":"has-default-attributes"},"_links":{"self":[{"href":"https:\/\/www.infinitri.be\/pt\/wp-json\/wp\/v2\/product\/36457","targetHints":{"allow":["GET"]}}],"collection":[{"href":"https:\/\/www.infinitri.be\/pt\/wp-json\/wp\/v2\/product"}],"about":[{"href":"https:\/\/www.infinitri.be\/pt\/wp-json\/wp\/v2\/types\/product"}],"replies":[{"embeddable":true,"href":"https:\/\/www.infinitri.be\/pt\/wp-json\/wp\/v2\/comments?post=36457"}],"wp:featuredmedia":[{"embeddable":true,"href":"https:\/\/www.infinitri.be\/pt\/wp-json\/wp\/v2\/media\/36529"}],"wp:attachment":[{"href":"https:\/\/www.infinitri.be\/pt\/wp-json\/wp\/v2\/media?parent=36457"}],"wp:term":[{"taxonomy":"product_brand","embeddable":true,"href":"https:\/\/www.infinitri.be\/pt\/wp-json\/wp\/v2\/product_brand?post=36457"},{"taxonomy":"product_cat","embeddable":true,"href":"https:\/\/www.infinitri.be\/pt\/wp-json\/wp\/v2\/product_cat?post=36457"},{"taxonomy":"product_tag","embeddable":true,"href":"https:\/\/www.infinitri.be\/pt\/wp-json\/wp\/v2\/product_tag?post=36457"}],"curies":[{"name":"wp","href":"https:\/\/api.w.org\/{rel}","templated":true}]}}